{"id":445,"date":"2021-08-23T16:14:20","date_gmt":"2021-08-23T19:14:20","guid":{"rendered":"https:\/\/calordehogartejidos.com\/?page_id=445"},"modified":"2024-07-19T20:39:09","modified_gmt":"2024-07-19T23:39:09","slug":"preguntas-frecuentes","status":"publish","type":"page","link":"https:\/\/calordehogartejidos.com\/index.php\/preguntas-frecuentes\/","title":{"rendered":"Preguntas Frecuentes"},"content":{"rendered":"<div class=\"wp-block-image\">\n<figure class=\"aligncenter size-full\"><img loading=\"lazy\" decoding=\"async\" width=\"400\" height=\"400\" src=\"http:\/\/calordehogartejidos.com\/wp-content\/uploads\/2021\/08\/PicsArt_08-23-09.55.43-1.png\" alt=\"\" class=\"wp-image-503\" srcset=\"https:\/\/calordehogartejidos.com\/wp-content\/uploads\/2021\/08\/PicsArt_08-23-09.55.43-1.png 400w, https:\/\/calordehogartejidos.com\/wp-content\/uploads\/2021\/08\/PicsArt_08-23-09.55.43-1-300x300.png 300w, https:\/\/calordehogartejidos.com\/wp-content\/uploads\/2021\/08\/PicsArt_08-23-09.55.43-1-150x150.png 150w, https:\/\/calordehogartejidos.com\/wp-content\/uploads\/2021\/08\/PicsArt_08-23-09.55.43-1-324x324.png 324w, https:\/\/calordehogartejidos.com\/wp-content\/uploads\/2021\/08\/PicsArt_08-23-09.55.43-1-100x100.png 100w\" sizes=\"auto, (max-width: 400px) 100vw, 400px\" \/><\/figure>\n<\/div>\n\n\n<p class=\"has-text-align-center\"><mark style=\"background-color:rgba(0, 0, 0, 0)\" class=\"has-inline-color has-vivid-purple-color\"><strong><em>Si no encontr\u00e1s la respuesta a tu duda en esta lista, pod\u00e9s usar el Icono de Whatsapp para consultarme<\/em><br><em> (Lu a Vi 11 a 19 hs).<\/em><\/strong><\/mark><\/p>\n\n\n\n<div class=\"wp-block-aioseo-table-of-contents\"><ul><li><a href=\"#aioseo-inscripcion\">Inscripci&#xF3;n y m&#xE9;todos de pago<\/a><ul><li><a href=\"#aioseo-como-me-inscribo-a-un-curso\">&#xBF;C&#xF3;mo me inscribo a un Curso?<\/a><\/li><li><a href=\"#aioseo-como-pago\">&#xBF;C&#xF3;mo pago?<\/a><\/li><\/ul><\/li><li><a href=\"#aioseo-cursos\">Cursos<\/a><ul><li><a href=\"#aioseo-que-incluye-un-curso-en-calor-de-hogar-tejidos\">&#xBF;Qu&#xE9; incluye UN CURSO en Calor de Hogar Tejidos?<\/a><\/li><li><a href=\"#aioseo-los-cursos-de-calor-de-hogar-tejido-son-por-zoom-con-dia-y-horario\">&#xBF;Los cursos de calor de hogar tejido son por Zoom con d&#xED;a y horario?<\/a><\/li><li><a href=\"#aioseo-donde-encuentro-el-curso-que-compre\">&#xBF;D&#xF3;nde encuentro el curso que compr&#xE9;?<\/a><\/li><\/ul><\/li><li><a href=\"#aioseo-que-son-los-zoom-crocheteros\">ZOOM CROCHETEROS<\/a><ul><li><a href=\"#aioseo-que-son\">&#xBF;Qu&#xE9; son los Zoom crocheteros?<\/a><\/li><\/ul><\/li><li><a href=\"#aioseo-patrones-y-guias-de-tejido\">Patrones y gu&#xED;as de tejido<\/a><ul><li><a href=\"#aioseo-que-diferencia-hay-entre-un-patron-y-una-guia-de-tejido\">&#xBF;Qu&#xE9; diferencia hay entre un Patr&#xF3;n y una Gu&#xED;a de Tejido?<\/a><\/li><li><a href=\"#aioseo-como-compro-y-descargo-un-patron-o-una-guia-de-tejido\">&#xBF;C&#xF3;mo compro y descargo un Patr&#xF3;n o una Gu&#xED;a de Tejido?<\/a><\/li><li><a href=\"#aioseo-pague-por-transferencia-bancaria-y-mi-patron-o-guia-de-tejido-sigue-pendiente\">&#xBF;Pagu&#xE9; por transferencia bancaria y mi Patr&#xF3;n o Gu&#xED;a de Tejido sigue pendiente?<\/a><\/li><li><a href=\"#aioseo-los-patrones-o-guia-de-tejido-tienen-fecha-de-caducidad\">&#xBF;Los Patrones o Gu&#xED;a de Tejido tienen fecha de caducidad?<\/a><\/li><li><a href=\"#aioseo-los-videos-tienen-fecha-de-caducidad\">&#xBF;Los videos tienen fecha de caducidad?<\/a><\/li><li><a href=\"#aioseo-como-descargo-un-patron-o-una-guia-de-tejido-pdf\">&#xBF;C&#xF3;mo descargo un Patr&#xF3;n o una Gu&#xED;a de Tejido PDF?<\/a><\/li><li><a href=\"#aioseo-donde-veo-mis-patrones-o-guias-de-tejido\">&#xBF;D&#xF3;nde veo mis Patrones o Gu&#xED;as de Tejido?<\/a><\/li><li><a href=\"#aioseo-donde-veo-los-videos-de-una-guia-de-tejido\">&#xBF;D&#xF3;nde veo los videos de una Gu&#xED;a de Tejido?<\/a><\/li><\/ul><\/li><\/ul><\/div>\n\n\n\n<h1 class=\"wp-block-heading\" id=\"aioseo-inscripcion\">Inscripci\u00f3n y m\u00e9todos de pago<\/h1>\n\n\n\n<h2 class=\"wp-block-heading\" id=\"aioseo-como-me-inscribo-a-un-curso\"><strong>\u00bfC\u00f3mo me inscribo a un Curso?<\/strong><\/h2>\n\n\n\n<p class=\"has-text-align-left\">Al realizar la compra en el sitio te va a pedir tus datos: Nombre y Apellidos, email, WhatsApp, y con esos datos te registro en el curso. <\/p>\n\n\n\n<p class=\"has-text-align-left\">Una vez que hagas el pago <strong>avisame con un mensaje de WhatsApp al +54 9 11-2172-1970<\/strong>, y te env\u00edo el c\u00f3digo de acceso al curso.<\/p>\n\n\n\n<h2 class=\"wp-block-heading has-text-align-left\" id=\"aioseo-como-pago\"><strong>\u00bfC\u00f3mo pago?<\/strong><\/h2>\n\n\n\n<ul class=\"wp-block-list\">\n<li><strong>Desde Argentina<\/strong>: <br>Con Mercado pago (tarjeta de d\u00e9bito, Rapipago o Pagofacil &#8211; imprimiendo un cup\u00f3n de pago -)<br>O Transferencia Bancaria (al seleccionar esta opci\u00f3n en el checkout aparecen los datos para realizarla).<\/li>\n<\/ul>\n\n\n\n<p><\/p>\n\n\n\n<ul class=\"wp-block-list\">\n<li><strong>Fuera de Argentina<\/strong>: medio de pago internacional <br><strong>Transferwise<\/strong> <br>Titular: Isabel Nemet &#8211; Nro.Ruta 084009519 &#8211; Nro.de Cuenta 9600 0012 1615 8458 &#8211; Cuenta Corriente<br>Direcci\u00f3n: 19 W 24th Street &#8211; New York 10010 &#8211; United States<br><\/li>\n<\/ul>\n\n\n\n<h1 class=\"wp-block-heading\" id=\"aioseo-cursos\">Cursos<\/h1>\n\n\n\n<h2 class=\"wp-block-heading\" id=\"aioseo-que-incluye-un-curso-en-calor-de-hogar-tejidos\"><strong>\u00bfQu\u00e9 incluye UN CURSO en Calor de Hogar Tejidos?<\/strong><\/h2>\n\n\n\n<p>El curso se encuentra en <strong>una plataforma web donde encontrar\u00e1s todo el material escrito paso a paso, diagramas, im\u00e1genes, videos que te ayudar\u00e1n a poder realizarlo, y un seguimiento personalizado a trav\u00e9s de un grupo de WhatsApp<\/strong> en donde podr\u00e1s sacarte todas las dudas que vayan surgiendo\u2026<\/p>\n\n\n\n<p>Las clases se ir\u00e1n habilitando una vez por semana, y podr\u00e1s acceder a ellas todas las veces quieras, en el horario que  te resulte m\u00e1s c\u00f3modo.<\/p>\n\n\n\n<p><strong>Durante todo el curso contar\u00e1s con mi apoyo y el de tus compa\u00f1eras\/os de tejido a trav\u00e9s del grupo de WhatsApp.<\/strong><\/p>\n\n\n\n<h2 class=\"wp-block-heading\" id=\"aioseo-los-cursos-de-calor-de-hogar-tejido-son-por-zoom-con-dia-y-horario\"><strong>\u00bfLos cursos de calor de hogar tejido son por Zoom con d\u00eda y horario?<\/strong><\/h2>\n\n\n\n<p><strong>NO, no son encuentros sincr\u00f3nicos por ZOOM. <\/strong><br>Desde el d\u00eda 1 vas a contar con mi acompa\u00f1amiento personal por WhatsApp (en un grupo de WhatsApp espec\u00edfico del curso). <br>Vas a contar con Gu\u00edas, Videos, Tutoriales en el aula y la compa\u00f1\u00eda de otras alumnas\/os por WhatsApp. <br><strong>Y vas a tener respuesta personal a las dudas que te vayan surgiendo de Lu a Vi 11 a 19 hs (hora Argentina).<\/strong><\/p>\n\n\n\n<h2 class=\"wp-block-heading\" id=\"aioseo-donde-encuentro-el-curso-que-compre\"><strong>\u00bfD\u00f3nde encuentro el curso que compr\u00e9?<\/strong><\/h2>\n\n\n\n<p>Debes entrar en <a data-type=\"URL\" href=\"http:\/\/crochetonline.redubicua.com\" target=\"_blank\" rel=\"noreferrer noopener\">crochetonline.redubicua.com<\/a> <br>Ah\u00ed te va a pedir <strong>Usuario y Contrase\u00f1a<\/strong> (lo recibiste al iniciar el curso), y te da acceso al Curso elegido en la fecha programada.<br><br><\/p>\n\n\n\n<h1 class=\"wp-block-heading\" id=\"aioseo-que-son-los-zoom-crocheteros\">ZOOM CROCHETEROS<\/h1>\n\n\n\n<h2 class=\"wp-block-heading\" id=\"aioseo-que-son\"><strong>\u00bfQu\u00e9 son los Zoom crocheteros?<\/strong><\/h2>\n\n\n\n<p>Son <strong>espacios DE ENCUENTRO<\/strong>, en donde compartimos la realizaci\u00f3n de una ACTIVIDAD SENCILLA, con la idea de iniciarla y terminarla en el encuentro. En definitiva son \u201c<em>Tiempos de juntarnos a Tejer y compartir un rato de amigas<\/em>\u201d. Pero, en ZOOM. <br><br> Si quer\u00e9s participar de forma TOTALMENTE GRATUITA, mandame un <strong>mensaje por WhatsApp al +54 9 11-2172-1970<\/strong>.<br>Habitualmente es el tercer s\u00e1bado de cada mes.<br><br><\/p>\n\n\n\n<h1 class=\"wp-block-heading\" id=\"aioseo-patrones-y-guias-de-tejido\">Patrones y gu\u00edas de tejido<\/h1>\n\n\n\n<h2 class=\"wp-block-heading\" id=\"aioseo-que-diferencia-hay-entre-un-patron-y-una-guia-de-tejido\"><strong>\u00bfQu\u00e9 diferencia hay entre un Patr\u00f3n y una Gu\u00eda de Tejido?<\/strong><\/h2>\n\n\n\n<p><strong>Un Patr\u00f3n es un Documento en PDF<\/strong> paso a paso con im\u00e1genes, pero no incluye material audiovisual ni tutor\u00edas.<\/p>\n\n\n\n<p><strong>Una Gu\u00eda de Tejido es un paso a paso detallado en PDF, con im\u00e1genes explicativas, fotos, diagramas<\/strong> y videos, sin Tutor\u00edas.<\/p>\n\n\n\n<p>Importante: Si compr\u00e1s un patr\u00f3n o una Gu\u00eda de Tejido, NO EST\u00c1S COMPRANDO UNA CLASE PERSONALIZADA DE CROCHET. Tampoco est\u00e1s comprando LA PRENDA, SOLAMENTE LA GU\u00cdA PARA REALIZARLA.<\/p>\n\n\n\n<h2 class=\"wp-block-heading\" id=\"aioseo-como-compro-y-descargo-un-patron-o-una-guia-de-tejido\"><strong>\u00bfC\u00f3mo compro y descargo un Patr\u00f3n o una Gu\u00eda de Tejido?<\/strong><\/h2>\n\n\n\n<p>Una vez que hagas el pago<strong> avisame con un mensaje de WhatsApp al +54 9 11-2172-1970<\/strong>, y te env\u00edo al email que pusiste al comprarlo el link para realizar la descarga del patr\u00f3n en pdf.<\/p>\n\n\n\n<h2 class=\"wp-block-heading\" id=\"aioseo-pague-por-transferencia-bancaria-y-mi-patron-o-guia-de-tejido-sigue-pendiente\"><strong>\u00bfPagu\u00e9 por transferencia bancaria y mi Patr\u00f3n o Gu\u00eda de Tejido sigue pendiente?<\/strong><\/h2>\n\n\n\n<p><strong>Enviame un mensaje por \u00a0whatsapp al  +54 9 11-2172-1970<\/strong>, y te env\u00edo al email que pusiste al comprarlo el link para realizar la descarga del patr\u00f3n en pdf.<\/p>\n\n\n\n<h2 class=\"wp-block-heading\" id=\"aioseo-los-patrones-o-guia-de-tejido-tienen-fecha-de-caducidad\"><strong>\u00bfLos Patrones o Gu\u00eda de Tejido tienen fecha de caducidad?<\/strong><\/h2>\n\n\n\n<p>No, son <strong>documentos en PDF<\/strong>.<\/p>\n\n\n\n<h2 class=\"wp-block-heading\" id=\"aioseo-los-videos-tienen-fecha-de-caducidad\"><strong>\u00bfLos videos tienen fecha de caducidad?<\/strong><\/h2>\n\n\n\n<p>No, son <strong>videos en YouTube<\/strong>. Est\u00e1n disponibles desde el enlace que aparece en el PDF.<\/p>\n\n\n\n<h2 class=\"wp-block-heading\" id=\"aioseo-como-descargo-un-patron-o-una-guia-de-tejido-pdf\"><strong>\u00bfC\u00f3mo descargo un Patr\u00f3n o una Gu\u00eda de Tejido PDF?<\/strong><\/h2>\n\n\n\n<p>Desde el <strong>enlace que recibir\u00e1s en el email, haces click y descargas el archivo<\/strong>. Es importante que no pierdas ese archivo en PDF para su futuro uso.<\/p>\n\n\n\n<h2 class=\"wp-block-heading\" id=\"aioseo-donde-veo-mis-patrones-o-guias-de-tejido\"><strong>\u00bfD\u00f3nde veo mis Patrones o Gu\u00edas de Tejido?<\/strong><\/h2>\n\n\n\n<p>Al hacer click en el enlace de descarga del email <strong>te muestra el lugar del dispositivo donde se descarga<\/strong> (generalmente carpeta descargas en la computadora o celular).\u00a0\u00a0\u00a0\u00a0\u00a0\u00a0\u00a0\u00a0\u00a0\u00a0\u00a0\u00a0<\/p>\n\n\n\n<h2 class=\"wp-block-heading\" id=\"aioseo-donde-veo-los-videos-de-una-guia-de-tejido\">&nbsp;<strong>\u00bfD\u00f3nde veo los videos de una Gu\u00eda de Tejido?<\/strong><\/h2>\n\n\n\n<p><strong>En Youtube<\/strong>, desde los enlaces que aparecen en el PDF.<\/p>\n","protected":false},"excerpt":{"rendered":"<p>Si no encontr\u00e1s la respuesta a tu duda en esta lista, pod\u00e9s usar el Icono de Whatsapp para consultarme (Lu a Vi 11 a 19 hs). Inscripci\u00f3n y m\u00e9todos de pago \u00bfC\u00f3mo me inscribo a un Curso? Al realizar la compra en el sitio te va a pedir tus datos: Nombre y Apellidos, email, WhatsApp, [&hellip;]<\/p>\n","protected":false},"author":1,"featured_media":0,"parent":0,"menu_order":0,"comment_status":"closed","ping_status":"closed","template":"","meta":{"footnotes":""},"class_list":["post-445","page","type-page","status-publish","hentry"],"_links":{"self":[{"href":"https:\/\/calordehogartejidos.com\/index.php\/wp-json\/wp\/v2\/pages\/445","targetHints":{"allow":["GET"]}}],"collection":[{"href":"https:\/\/calordehogartejidos.com\/index.php\/wp-json\/wp\/v2\/pages"}],"about":[{"href":"https:\/\/calordehogartejidos.com\/index.php\/wp-json\/wp\/v2\/types\/page"}],"author":[{"embeddable":true,"href":"https:\/\/calordehogartejidos.com\/index.php\/wp-json\/wp\/v2\/users\/1"}],"replies":[{"embeddable":true,"href":"https:\/\/calordehogartejidos.com\/index.php\/wp-json\/wp\/v2\/comments?post=445"}],"version-history":[{"count":12,"href":"https:\/\/calordehogartejidos.com\/index.php\/wp-json\/wp\/v2\/pages\/445\/revisions"}],"predecessor-version":[{"id":2760,"href":"https:\/\/calordehogartejidos.com\/index.php\/wp-json\/wp\/v2\/pages\/445\/revisions\/2760"}],"wp:attachment":[{"href":"https:\/\/calordehogartejidos.com\/index.php\/wp-json\/wp\/v2\/media?parent=445"}],"curies":[{"name":"wp","href":"https:\/\/api.w.org\/{rel}","templated":true}]}}