{"id":1245,"date":"2022-06-23T15:37:59","date_gmt":"2022-06-23T18:37:59","guid":{"rendered":"https:\/\/calordehogartejidos.com\/?post_type=product&#038;p=1245"},"modified":"2025-06-04T17:26:00","modified_gmt":"2025-06-04T20:26:00","slug":"conjunto-infantil-teddy-guia-de-tejido-completa","status":"publish","type":"product","link":"https:\/\/calordehogartejidos.com\/index.php\/product\/conjunto-infantil-teddy-guia-de-tejido-completa\/","title":{"rendered":"Conjunto Infantil Teddy &#8211; Gu\u00eda de Tejido Completa"},"content":{"rendered":"<p><strong>Gu\u00eda de tejido<\/strong> en formato <strong>PDF,<\/strong> en el que vas a poder encontrar un paso a paso <strong>COMPLET\u00cdSIMO<\/strong> para realizar tanto el jersey como el pantaloncito, y ayuda para hacer <strong>diferentes talles<\/strong>.<br \/>\nPaso a paso en forma de texto,\u00a0 diagramas, fotos y<strong>\u00a0video tutoriales<\/strong> con <strong>todos<\/strong> los detalles explicados!!<\/p>\n<p><strong>Nivel:<\/strong> avanzado<\/p>\n<p><strong>Contenido:<\/strong><\/p>\n<p>1- Ficha para completar: C\u00f3mo tomar medidas del pantal\u00f3n<br \/>\n2- C\u00f3mo hacer Muestras<br \/>\n3- Paso a paso del PANTAL\u00d3N PARA BEB\u00c9<br \/>\n4- Paso a paso del JERSEY CUELLO CIRCULAR<br \/>\n5- Gu\u00eda para tejer el Aplique del osito Teddy<br \/>\n6- REGALO &#8211; FICHA PARA TOMAR MEDIDAS DE UN JERSEY O SUETER<\/p>\n<h4><strong>\u00bfC\u00f3mo lo adquir\u00eds?<\/strong><\/h4>\n<p>Realiz\u00e1 la compra, y <strong>FINALIZALA<\/strong> completando todos tus datos.<br \/>\nTe llegar\u00e1 <strong>un mail<\/strong> que dice que hiciste la compra, y que ten\u00e9s que completar el pago.<\/p>\n<p>Una vez que completes la compra, recibir\u00e1s en tu <strong>mail<\/strong> el c\u00f3digo de <strong>acceso para la descarga<\/strong>. ( 6 archivos)<\/p>\n<p>Isabel<\/p>\n<p>El\u00a0<strong>Patr\u00f3n<\/strong> es para uso personal exclusivamente. No se permite su difusi\u00f3n, todos los derechos reservados a Calor de Hogar Tejidos. No reproducir ni compartir el patr\u00f3n en ning\u00fan sitio. Pero s\u00ed pod\u00e9s comercializar su producci\u00f3n.<\/p>\n","protected":false},"excerpt":{"rendered":"<p>Tierno y calentito conjunto Teddy para vestir a tu beb\u00e9!!<\/p>\n","protected":false},"featured_media":1434,"template":"","meta":[],"product_brand":[],"product_cat":[32],"product_tag":[118,119,108,112,111],"class_list":{"0":"post-1245","1":"product","2":"type-product","3":"status-publish","4":"has-post-thumbnail","6":"product_cat-guias-de-tejido","7":"product_tag-conjuntobebe","8":"product_tag-conjuntocrochet","9":"product_tag-conjuntoinfantil","10":"product_tag-jerseycrochet","11":"product_tag-pantaloncrochet","13":"first","14":"instock","15":"downloadable","16":"shipping-taxable","17":"purchasable","18":"product-type-simple"},"_links":{"self":[{"href":"https:\/\/calordehogartejidos.com\/index.php\/wp-json\/wp\/v2\/product\/1245","targetHints":{"allow":["GET"]}}],"collection":[{"href":"https:\/\/calordehogartejidos.com\/index.php\/wp-json\/wp\/v2\/product"}],"about":[{"href":"https:\/\/calordehogartejidos.com\/index.php\/wp-json\/wp\/v2\/types\/product"}],"wp:featuredmedia":[{"embeddable":true,"href":"https:\/\/calordehogartejidos.com\/index.php\/wp-json\/wp\/v2\/media\/1434"}],"wp:attachment":[{"href":"https:\/\/calordehogartejidos.com\/index.php\/wp-json\/wp\/v2\/media?parent=1245"}],"wp:term":[{"taxonomy":"product_brand","embeddable":true,"href":"https:\/\/calordehogartejidos.com\/index.php\/wp-json\/wp\/v2\/product_brand?post=1245"},{"taxonomy":"product_cat","embeddable":true,"href":"https:\/\/calordehogartejidos.com\/index.php\/wp-json\/wp\/v2\/product_cat?post=1245"},{"taxonomy":"product_tag","embeddable":true,"href":"https:\/\/calordehogartejidos.com\/index.php\/wp-json\/wp\/v2\/product_tag?post=1245"}],"curies":[{"name":"wp","href":"https:\/\/api.w.org\/{rel}","templated":true}]}}