{"id":1273,"date":"2022-07-05T16:35:57","date_gmt":"2022-07-05T19:35:57","guid":{"rendered":"https:\/\/calordehogartejidos.com\/?post_type=product&#038;p=1273"},"modified":"2022-07-20T17:46:47","modified_gmt":"2022-07-20T20:46:47","slug":"taller-alfombra","status":"publish","type":"product","link":"https:\/\/calordehogartejidos.com\/index.php\/product\/taller-alfombra\/","title":{"rendered":"Taller Alfombra"},"content":{"rendered":"<p>Taller en el que aprender\u00e1s a realizar paso a paso esta alfombra de colores con la <strong>t\u00e9cnica INTARSIA<\/strong>.<\/p>\n<p><strong>NIVEL:<\/strong> medio<br \/>\n<strong>INICIO:\u00a0 13 de Julio<\/strong><br \/>\n<strong>Taller:<\/strong> mensual<\/p>\n<p><strong>Materiales:<\/strong><\/p>\n<ul>\n<li>1.5 Kg de lana gruesa del tipo TIRRENO, OASIS, MECHA DE ALGOD\u00d3N, VAPORE, y hasta puede ser de hilo multicabos (el que se utiliza para macram\u00e9).<\/li>\n<li>Aguja de crochet n\u00b0 9 o\u00a0 10 mm<\/li>\n<\/ul>\n<p>El Taller se realizar\u00e1 <strong>a trav\u00e9s de un grupo de WhatsApp<\/strong> donde tendr\u00e1s a disposici\u00f3n todo el material escrito paso a paso, videos e im\u00e1genes que te ayudar\u00e1n a poder realizarlo, y <strong>un seguimiento personalizado a trav\u00e9s del mismo grupo. <\/strong>All\u00ed podr\u00e1s sacarte todas la dudas que vayan surgiendo\u2026<\/p>\n<p>El paso a paso que estar\u00e1 en formato PDF, se ir\u00e1 dando de forma paulatina para que puedas realizarlo sin ning\u00fan inconveniente, aproximadamente una vez por semana.<\/p>\n<p>Realiz\u00e1 la compra, y <strong>FINALIZALA<\/strong> completando todos tus datos.<br \/>\nTe llegar\u00e1 <strong>un mail<\/strong> que dice que hiciste la compra, y que ten\u00e9s que completar el pago.<\/p>\n<p>Una vez <strong>completado el pago<\/strong>, avisame con un mensaje de <strong>WhatsApp al 1121721970<\/strong>, y te ingreso al grupo.<\/p>\n<p><strong>Precio en D\u00d3LARES: U$S 5.-<br \/>\nPAGO POR WESTERN UNION pedir datos por WhatsApp al 1121721970<\/strong><\/p>\n<p>&nbsp;<\/p>\n","protected":false},"excerpt":{"rendered":"<p>Nada m\u00e1s c\u00e1lido y suave que una alfombra para relajarse y descansar tus pies!<\/p>\n","protected":false},"featured_media":1274,"template":"","meta":[],"product_brand":[],"product_cat":[18],"product_tag":[120,124,121,122,123],"class_list":{"0":"post-1273","1":"product","2":"type-product","3":"status-publish","4":"has-post-thumbnail","6":"product_cat-cursos","7":"product_tag-alfombra","8":"product_tag-alfombracolores","9":"product_tag-alfombracrochet","10":"product_tag-alfombraintarsia","11":"product_tag-alfombratejida","13":"first","14":"outofstock","15":"shipping-taxable","16":"purchasable","17":"product-type-simple"},"_links":{"self":[{"href":"https:\/\/calordehogartejidos.com\/index.php\/wp-json\/wp\/v2\/product\/1273","targetHints":{"allow":["GET"]}}],"collection":[{"href":"https:\/\/calordehogartejidos.com\/index.php\/wp-json\/wp\/v2\/product"}],"about":[{"href":"https:\/\/calordehogartejidos.com\/index.php\/wp-json\/wp\/v2\/types\/product"}],"wp:featuredmedia":[{"embeddable":true,"href":"https:\/\/calordehogartejidos.com\/index.php\/wp-json\/wp\/v2\/media\/1274"}],"wp:attachment":[{"href":"https:\/\/calordehogartejidos.com\/index.php\/wp-json\/wp\/v2\/media?parent=1273"}],"wp:term":[{"taxonomy":"product_brand","embeddable":true,"href":"https:\/\/calordehogartejidos.com\/index.php\/wp-json\/wp\/v2\/product_brand?post=1273"},{"taxonomy":"product_cat","embeddable":true,"href":"https:\/\/calordehogartejidos.com\/index.php\/wp-json\/wp\/v2\/product_cat?post=1273"},{"taxonomy":"product_tag","embeddable":true,"href":"https:\/\/calordehogartejidos.com\/index.php\/wp-json\/wp\/v2\/product_tag?post=1273"}],"curies":[{"name":"wp","href":"https:\/\/api.w.org\/{rel}","templated":true}]}}