{"id":1360,"date":"2022-09-02T16:36:30","date_gmt":"2022-09-02T19:36:30","guid":{"rendered":"https:\/\/calordehogartejidos.com\/?post_type=product&#038;p=1360"},"modified":"2025-06-04T17:16:42","modified_gmt":"2025-06-04T20:16:42","slug":"guia-de-tejido-cardigan-con-grannys","status":"publish","type":"product","link":"https:\/\/calordehogartejidos.com\/index.php\/product\/guia-de-tejido-cardigan-con-grannys\/","title":{"rendered":"Gu\u00eda de Tejido: C\u00e1rdigan con Grannys"},"content":{"rendered":"<p><strong>Gu\u00eda de Tejido<\/strong>, paso a paso en formato <strong>PDF\u00a0<\/strong>con texto, fotos, diagramas, videos y todo lo necesario para que puedas hacerlo!!<\/p>\n<p>Aprender\u00e1s a tejer un c\u00e1rdigan con grannys.<br \/>\nTendr\u00e1s 3 opciones para elegir: las que se encuentran en la foto del producto.<\/p>\n<p><strong>NIVEL:<\/strong> medio<br \/>\n<strong>Materiales:<\/strong><\/p>\n<ul>\n<li>600 grs. a 800 grs. (aprox.) Profano, Acr\u00edlico artesanal, Fidelio o cualquier lana de grosor medio 2\/7 que desees.<\/li>\n<li>Aguja de crochet n\u00b0 4.5 o\u00a0 5 mm ( la recomendada para el material que utilice).<\/li>\n<\/ul>\n<p>Realiz\u00e1 la compra, y <strong>FINALIZALA<\/strong> completando todos tus datos.<br \/>\nTe llegar\u00e1 <strong>un mail<\/strong> que dice que hiciste la compra con el <strong>ENLACE<\/strong>\u00a0 de <strong>DESCARGA<\/strong>.<br \/>\nUna vez realizado el pago me envi\u00e1s un <strong>whatsapp<\/strong> con el comprobante y te habilito la descarga (4 archivos)<\/p>\n<p><strong>Precio en D\u00d3LARES: U$S 12.-<br \/>\nPAGO POR WESTERN UNION pedir datos por WhatsApp al 1121721970<\/strong><\/p>\n<p>&nbsp;<\/p>\n","protected":false},"excerpt":{"rendered":"<p>Esta primavera est\u00e1n a full los grannys!!!<\/p>\n","protected":false},"featured_media":1361,"template":"","meta":[],"product_brand":[],"product_cat":[32],"product_tag":[133,134],"class_list":{"0":"post-1360","1":"product","2":"type-product","3":"status-publish","4":"has-post-thumbnail","6":"product_cat-guias-de-tejido","7":"product_tag-cardigan","8":"product_tag-cardigangrannys","10":"first","11":"instock","12":"downloadable","13":"shipping-taxable","14":"purchasable","15":"product-type-simple"},"_links":{"self":[{"href":"https:\/\/calordehogartejidos.com\/index.php\/wp-json\/wp\/v2\/product\/1360","targetHints":{"allow":["GET"]}}],"collection":[{"href":"https:\/\/calordehogartejidos.com\/index.php\/wp-json\/wp\/v2\/product"}],"about":[{"href":"https:\/\/calordehogartejidos.com\/index.php\/wp-json\/wp\/v2\/types\/product"}],"wp:featuredmedia":[{"embeddable":true,"href":"https:\/\/calordehogartejidos.com\/index.php\/wp-json\/wp\/v2\/media\/1361"}],"wp:attachment":[{"href":"https:\/\/calordehogartejidos.com\/index.php\/wp-json\/wp\/v2\/media?parent=1360"}],"wp:term":[{"taxonomy":"product_brand","embeddable":true,"href":"https:\/\/calordehogartejidos.com\/index.php\/wp-json\/wp\/v2\/product_brand?post=1360"},{"taxonomy":"product_cat","embeddable":true,"href":"https:\/\/calordehogartejidos.com\/index.php\/wp-json\/wp\/v2\/product_cat?post=1360"},{"taxonomy":"product_tag","embeddable":true,"href":"https:\/\/calordehogartejidos.com\/index.php\/wp-json\/wp\/v2\/product_tag?post=1360"}],"curies":[{"name":"wp","href":"https:\/\/api.w.org\/{rel}","templated":true}]}}