{"id":1362,"date":"2022-09-02T16:50:39","date_gmt":"2022-09-02T19:50:39","guid":{"rendered":"https:\/\/calordehogartejidos.com\/?post_type=product&#038;p=1362"},"modified":"2025-06-04T17:18:58","modified_gmt":"2025-06-04T20:18:58","slug":"guia-de-tejido-alfombra-con-formas-geometricas","status":"publish","type":"product","link":"https:\/\/calordehogartejidos.com\/index.php\/product\/guia-de-tejido-alfombra-con-formas-geometricas\/","title":{"rendered":"Gu\u00eda de Tejido: Alfombra con Formas Geom\u00e9tricas"},"content":{"rendered":"<p><strong>Gu\u00eda de Tejido<\/strong>, paso a paso en formato <strong>PDF\u00a0<\/strong>con texto, fotos, diagramas, videos y todo lo necesario para que puedas hacerlo!!<\/p>\n<p>Aprender\u00e1s a tejer esta colorida alfombra con la t\u00e9cnica INTARSIA.<\/p>\n<p><strong>NIVEL:<\/strong> medio<br \/>\n<strong>Materiales:<\/strong><\/p>\n<ul>\n<li>1.5 Kg de lana gruesa del tipo TIRRENO, OASIS, MECHA DE ALGOD\u00d3N, VAPORE, y hasta puede ser de hilo multicabos (el que se utiliza para macram\u00e9) o\u00a0 totora.<\/li>\n<li>Aguja de crochet n\u00b0 9 o\u00a0 10 mm (tejido cerrado)<\/li>\n<\/ul>\n<p>Realiz\u00e1 la compra, y <strong>FINALIZALA<\/strong> completando todos tus datos.<br \/>\nTe llegar\u00e1 <strong>un mail<\/strong> que dice que hiciste la compra con el <strong>ENLACE<\/strong>\u00a0 de <strong>DESCARGA<\/strong>.<br \/>\nUna vez realizado el pago me envi\u00e1s un <strong>whatsapp<\/strong> con el comprobante y te habilito la descarga ( 2 archivos)<\/p>\n<p><strong>Precio en D\u00d3LARES: U$S 12.-<br \/>\nPAGO POR WESTERN UNION pedir datos por WhatsApp al 1121721970<\/strong><\/p>\n<p>&nbsp;<\/p>\n","protected":false},"excerpt":{"rendered":"<p>A tu rinconcito especial le falta algo&#8230; descans\u00e1 tus pies en esta hermosa alfombra!<\/p>\n","protected":false},"featured_media":1363,"template":"","meta":[],"product_brand":[],"product_cat":[32],"product_tag":[120,124,121,122,123],"class_list":{"0":"post-1362","1":"product","2":"type-product","3":"status-publish","4":"has-post-thumbnail","6":"product_cat-guias-de-tejido","7":"product_tag-alfombra","8":"product_tag-alfombracolores","9":"product_tag-alfombracrochet","10":"product_tag-alfombraintarsia","11":"product_tag-alfombratejida","13":"first","14":"instock","15":"downloadable","16":"shipping-taxable","17":"purchasable","18":"product-type-simple"},"_links":{"self":[{"href":"https:\/\/calordehogartejidos.com\/index.php\/wp-json\/wp\/v2\/product\/1362","targetHints":{"allow":["GET"]}}],"collection":[{"href":"https:\/\/calordehogartejidos.com\/index.php\/wp-json\/wp\/v2\/product"}],"about":[{"href":"https:\/\/calordehogartejidos.com\/index.php\/wp-json\/wp\/v2\/types\/product"}],"wp:featuredmedia":[{"embeddable":true,"href":"https:\/\/calordehogartejidos.com\/index.php\/wp-json\/wp\/v2\/media\/1363"}],"wp:attachment":[{"href":"https:\/\/calordehogartejidos.com\/index.php\/wp-json\/wp\/v2\/media?parent=1362"}],"wp:term":[{"taxonomy":"product_brand","embeddable":true,"href":"https:\/\/calordehogartejidos.com\/index.php\/wp-json\/wp\/v2\/product_brand?post=1362"},{"taxonomy":"product_cat","embeddable":true,"href":"https:\/\/calordehogartejidos.com\/index.php\/wp-json\/wp\/v2\/product_cat?post=1362"},{"taxonomy":"product_tag","embeddable":true,"href":"https:\/\/calordehogartejidos.com\/index.php\/wp-json\/wp\/v2\/product_tag?post=1362"}],"curies":[{"name":"wp","href":"https:\/\/api.w.org\/{rel}","templated":true}]}}