{"id":1498,"date":"2022-10-27T21:26:45","date_gmt":"2022-10-28T00:26:45","guid":{"rendered":"https:\/\/calordehogartejidos.com\/?post_type=product&#038;p=1498"},"modified":"2024-04-28T16:10:23","modified_gmt":"2024-04-28T19:10:23","slug":"patron-granny-girasol","status":"publish","type":"product","link":"https:\/\/calordehogartejidos.com\/index.php\/product\/patron-granny-girasol\/","title":{"rendered":"Patr\u00f3n: Granny Girasol"},"content":{"rendered":"<p>Patr\u00f3n gratuito para descargar.<br \/>\nIncluye el video paso a paso del zoom crochetero.<\/p>\n<p>Soy una apasionada del crochet y de ense\u00f1ar a tejerlo.<br \/>\nNo hay nada mejor que dar!!<\/p>\n<p>Tu apoyo me ayuda a seguir adelante.<br \/>\nSi te gust\u00f3 el patroncito y quer\u00e9s, compartirme un <a href=\"https:\/\/cafecito.app\/calordehogartejidos\">CAFECITO<\/a>.<\/p>\n<p><a href=\"https:\/\/cafecito.app\/calordehogartejidos\">https:\/\/cafecito.app\/calordehogartejidos<\/a><br \/>\nGracias, Isa<\/p>\n<p>Hac\u00e9 toda la compra, y te llegar\u00e1 un <strong>mail<\/strong> con el <strong>enlace<\/strong> para <strong>descargarlo.<\/strong><\/p>\n<p>Recomendaci\u00f3n: abrir el PDF con el navegador para poder abrir el enlace del video tutorial.<\/p>\n","protected":false},"excerpt":{"rendered":"<p>Hac\u00e9 una colcha o almohad\u00f3n con este hermos grannys oto\u00f1al!<\/p>\n","protected":false},"featured_media":1499,"template":"","meta":[],"product_brand":[],"product_cat":[19],"product_tag":[147,145,146],"class_list":{"0":"post-1498","1":"product","2":"type-product","3":"status-publish","4":"has-post-thumbnail","6":"product_cat-patrones","7":"product_tag-cuadraditocrochet","8":"product_tag-granny","9":"product_tag-grannygirasol","11":"first","12":"instock","13":"downloadable","14":"shipping-taxable","15":"purchasable","16":"product-type-simple"},"_links":{"self":[{"href":"https:\/\/calordehogartejidos.com\/index.php\/wp-json\/wp\/v2\/product\/1498","targetHints":{"allow":["GET"]}}],"collection":[{"href":"https:\/\/calordehogartejidos.com\/index.php\/wp-json\/wp\/v2\/product"}],"about":[{"href":"https:\/\/calordehogartejidos.com\/index.php\/wp-json\/wp\/v2\/types\/product"}],"wp:featuredmedia":[{"embeddable":true,"href":"https:\/\/calordehogartejidos.com\/index.php\/wp-json\/wp\/v2\/media\/1499"}],"wp:attachment":[{"href":"https:\/\/calordehogartejidos.com\/index.php\/wp-json\/wp\/v2\/media?parent=1498"}],"wp:term":[{"taxonomy":"product_brand","embeddable":true,"href":"https:\/\/calordehogartejidos.com\/index.php\/wp-json\/wp\/v2\/product_brand?post=1498"},{"taxonomy":"product_cat","embeddable":true,"href":"https:\/\/calordehogartejidos.com\/index.php\/wp-json\/wp\/v2\/product_cat?post=1498"},{"taxonomy":"product_tag","embeddable":true,"href":"https:\/\/calordehogartejidos.com\/index.php\/wp-json\/wp\/v2\/product_tag?post=1498"}],"curies":[{"name":"wp","href":"https:\/\/api.w.org\/{rel}","templated":true}]}}