{"id":1502,"date":"2022-10-27T22:06:11","date_gmt":"2022-10-28T01:06:11","guid":{"rendered":"https:\/\/calordehogartejidos.com\/?post_type=product&#038;p=1502"},"modified":"2025-06-04T17:18:48","modified_gmt":"2025-06-04T20:18:48","slug":"guia-de-tejido-organizador-multiuso","status":"publish","type":"product","link":"https:\/\/calordehogartejidos.com\/index.php\/product\/guia-de-tejido-organizador-multiuso\/","title":{"rendered":"Gu\u00eda de Tejido: Organizador Multiuso"},"content":{"rendered":"<p><strong>Gu\u00eda de Tejido<\/strong>, paso a paso en formato <strong>PDF\u00a0<\/strong>con texto, fotos, diagramas, videos y todo lo necesario para que puedas hacerlo!!<\/p>\n<p>Aprender\u00e1s a tejer este ALMOHAD\u00d3N con un estilo BOHO con el que amar\u00e1s estar en tu hogar!<\/p>\n<p><strong>NIVEL:<\/strong> b\u00e1sico<br \/>\n<strong>Materiales:<\/strong><\/p>\n<ul>\n<li>300 grs. (aprox.) Hilo Peruano \/ yute \/ o cualquier hilo que tenga cierta textura.<\/li>\n<li>Aguja de crochet n\u00b0 3 o 3.5 mm (la recomendada para el material que utilice).<\/li>\n<li>1 Percha<\/li>\n<li>Botones para decorar<\/li>\n<li>Accesorios para decorar<\/li>\n<\/ul>\n<p>Realiz\u00e1 la compra, y <strong>FINALIZALA<\/strong> completando todos tus datos.<br \/>\nTe llegar\u00e1 <strong>un mail<\/strong> que dice que hiciste la compra con el <strong>ENLACE<\/strong>\u00a0 de <strong>DESCARGA<\/strong>.<br \/>\nUna vez realizado el pago me envi\u00e1s un <strong>whatsapp<\/strong> con el comprobante y te habilito la descarga ( 2 archivos)<\/p>\n<p><strong>Precio en D\u00d3LARES: U$S 12.-<br \/>\nPAGO POR WESTERN UNION pedir datos por WhatsApp al 1121721970<\/strong><\/p>\n<p>&nbsp;<\/p>\n","protected":false},"excerpt":{"rendered":"<p>Queremos que ames tu hogar!<\/p>\n","protected":false},"featured_media":1505,"template":"","meta":[],"product_brand":[],"product_cat":[32],"product_tag":[149,150,148],"class_list":{"0":"post-1502","1":"product","2":"type-product","3":"status-publish","4":"has-post-thumbnail","6":"product_cat-guias-de-tejido","7":"product_tag-oranizadormultiuso","8":"product_tag-organizador","9":"product_tag-organizadorcrochet","11":"first","12":"instock","13":"downloadable","14":"shipping-taxable","15":"purchasable","16":"product-type-simple"},"_links":{"self":[{"href":"https:\/\/calordehogartejidos.com\/index.php\/wp-json\/wp\/v2\/product\/1502","targetHints":{"allow":["GET"]}}],"collection":[{"href":"https:\/\/calordehogartejidos.com\/index.php\/wp-json\/wp\/v2\/product"}],"about":[{"href":"https:\/\/calordehogartejidos.com\/index.php\/wp-json\/wp\/v2\/types\/product"}],"wp:featuredmedia":[{"embeddable":true,"href":"https:\/\/calordehogartejidos.com\/index.php\/wp-json\/wp\/v2\/media\/1505"}],"wp:attachment":[{"href":"https:\/\/calordehogartejidos.com\/index.php\/wp-json\/wp\/v2\/media?parent=1502"}],"wp:term":[{"taxonomy":"product_brand","embeddable":true,"href":"https:\/\/calordehogartejidos.com\/index.php\/wp-json\/wp\/v2\/product_brand?post=1502"},{"taxonomy":"product_cat","embeddable":true,"href":"https:\/\/calordehogartejidos.com\/index.php\/wp-json\/wp\/v2\/product_cat?post=1502"},{"taxonomy":"product_tag","embeddable":true,"href":"https:\/\/calordehogartejidos.com\/index.php\/wp-json\/wp\/v2\/product_tag?post=1502"}],"curies":[{"name":"wp","href":"https:\/\/api.w.org\/{rel}","templated":true}]}}