{"id":1517,"date":"2023-11-06T13:48:10","date_gmt":"2023-11-06T16:48:10","guid":{"rendered":"https:\/\/calordehogartejidos.com\/?post_type=product&#038;p=1517"},"modified":"2025-10-07T10:58:30","modified_gmt":"2025-10-07T13:58:30","slug":"taller-navideno-2022","status":"publish","type":"product","link":"https:\/\/calordehogartejidos.com\/index.php\/product\/taller-navideno-2022\/","title":{"rendered":"Taller Navide\u00f1o"},"content":{"rendered":"<p><strong>TALLER NIVEL:<\/strong> b\u00e1sico\u00a0 a medio<br \/>\n<strong>Taller:<\/strong> 1 proyecto por semana (ver las fotos)<\/p>\n<p><em><strong>Materiales:<\/strong><\/em><\/p>\n<ul>\n<li>Hilos de algod\u00f3n 8\/6 de varios colores. (Miren las fotos para definir los colores).<\/li>\n<li>Hilo dorado\/plateado (sugiero Moroco, acrilux, luxury) &#8211; Opcional<\/li>\n<li>Mostacillas\/ cuentas\/ perlas doradas de 3 mil\u00edmetros para el pino.<\/li>\n<li>100grs. devell\u00f3n siliconado<\/li>\n<li>1 velita<\/li>\n<li>Pegamento universal o de silicona liquida<\/li>\n<\/ul>\n<p><em><strong>Para el papa noel:<\/strong><\/em><\/p>\n<ul>\n<li>Lana semigruesa o alg\u00fan hilo de algod\u00f3n 8\/12 o 8\/16<\/li>\n<li>Frasco grandecito (aprox. de 1 litro, una vez que tenga bien la medida les digo bien el tama\u00f1o). (Por lo que este proyecto no sera el primero.)<\/li>\n<\/ul>\n<p>El Taller se encuentra en la <strong>plataforma web https:\/\/www.calordehogartejidos.com<\/strong> donde encontrar\u00e1s todo el material escrito paso a paso, videos e im\u00e1genes que te ayudar\u00e1n a poder realizarlo, y un seguimiento personalizado a trav\u00e9s de un <strong>grupo de WhatsApp<\/strong> en donde podr\u00e1s sacarte todas la dudas que vayan surgiendo\u2026<\/p>\n<p>Las clases se ir\u00e1n habilitando una vez por semana, y acceder\u00e1s a ellas todas las veces que quieras, en el horario que m\u00e1s c\u00f3modo te resulte.<\/p>\n<p>Tambi\u00e9n podr\u00e1s descargar el paso a <strong>paso en formato<\/strong> <strong>PDF.<br \/>\n<\/strong><\/p>\n<p>Realiz\u00e1 la compra, y <strong>FINALIZALA<\/strong> completando todos tus <strong>datos<\/strong>.<br \/>\nTe llegar\u00e1 <strong>un mail<\/strong> que dice que hiciste la compra, y que ten\u00e9s que completar el pago.<\/p>\n<p>Una vez <strong>completado el pago<\/strong>, avisame con un mensaje de <strong>WhatsApp al 1121721970<\/strong>, y te ingreso al grupo.<\/p>\n<p><strong>Precio en D\u00d3LARES: U$S 8.-<br \/>\nPAGO POR WESTERN UNION pedir datos por WhatsApp al 1121721970<\/strong><\/p>\n<p>&nbsp;<\/p>\n","protected":false},"excerpt":{"rendered":"<p>Queremos que ames tu hogar!<\/p>\n","protected":false},"featured_media":1527,"template":"","meta":[],"product_brand":[],"product_cat":[18],"product_tag":[152,154,91,151,93,94,155,153],"class_list":{"0":"post-1517","1":"product","2":"type-product","3":"status-publish","4":"has-post-thumbnail","6":"product_cat-cursos","7":"product_tag-bolas","8":"product_tag-casitasdegenjibre","9":"product_tag-deconavidena","10":"product_tag-decoracion","11":"product_tag-navidad","12":"product_tag-papanoel","13":"product_tag-pinitonavideno","14":"product_tag-portavelas","16":"first","17":"instock","18":"shipping-taxable","19":"purchasable","20":"product-type-simple"},"_links":{"self":[{"href":"https:\/\/calordehogartejidos.com\/index.php\/wp-json\/wp\/v2\/product\/1517","targetHints":{"allow":["GET"]}}],"collection":[{"href":"https:\/\/calordehogartejidos.com\/index.php\/wp-json\/wp\/v2\/product"}],"about":[{"href":"https:\/\/calordehogartejidos.com\/index.php\/wp-json\/wp\/v2\/types\/product"}],"wp:featuredmedia":[{"embeddable":true,"href":"https:\/\/calordehogartejidos.com\/index.php\/wp-json\/wp\/v2\/media\/1527"}],"wp:attachment":[{"href":"https:\/\/calordehogartejidos.com\/index.php\/wp-json\/wp\/v2\/media?parent=1517"}],"wp:term":[{"taxonomy":"product_brand","embeddable":true,"href":"https:\/\/calordehogartejidos.com\/index.php\/wp-json\/wp\/v2\/product_brand?post=1517"},{"taxonomy":"product_cat","embeddable":true,"href":"https:\/\/calordehogartejidos.com\/index.php\/wp-json\/wp\/v2\/product_cat?post=1517"},{"taxonomy":"product_tag","embeddable":true,"href":"https:\/\/calordehogartejidos.com\/index.php\/wp-json\/wp\/v2\/product_tag?post=1517"}],"curies":[{"name":"wp","href":"https:\/\/api.w.org\/{rel}","templated":true}]}}