{"id":16,"date":"2021-07-26T23:33:44","date_gmt":"2021-07-27T02:33:44","guid":{"rendered":"http:\/\/calordehogartejidos.com\/?post_type=product&#038;p=16"},"modified":"2025-06-04T17:19:32","modified_gmt":"2025-06-04T20:19:32","slug":"patron-para-hacer-el-top-rozsa","status":"publish","type":"product","link":"https:\/\/calordehogartejidos.com\/index.php\/product\/patron-para-hacer-el-top-rozsa\/","title":{"rendered":"Gu\u00eda de Tejido Top R\u00f3zsa"},"content":{"rendered":"<p><strong>Gu\u00eda en Pdf para descargar del Top sin mangas, tejido a crochet en dos piezas.<\/strong><\/p>\n<p><strong>Para crocheteras que se animan a tejer una prenda con mucha variedad de puntos y calados.<\/strong><br \/>\nLa verdadera belleza de este <strong>patr\u00f3n<\/strong> es que se teje de lado a lado y pod\u00e9s continuar trabajando hasta la longitud de ancho deseado.<\/p>\n<p><strong>Nivel:\u00a0 intermedio<\/strong><\/p>\n<p>Esta gu\u00eda incluye 8 p\u00e1ginas con explicaciones paso a paso para <strong>talles XS a XL<\/strong> , vuelta por vuelta, con im\u00e1genes, gr\u00e1ficos de puntos y enlaces a videos tutoriales que te ayudar\u00e1n a realizarlo sin ninguna dificultad.<\/p>\n<p>Una vez acreditado el pago, recibir\u00e1s por mail de manera autom\u00e1tica el Archivo PDF del Patr\u00f3n del Top R\u00f3sza. Por eso es importante que ingreses tu correo electr\u00f3nico bien escrito! Rev\u00edsalo dos veces por las dudas \ud83d\ude09<\/p>\n<p>La gu\u00eda es para uso personal exclusivamente. No se permite su difusi\u00f3n, todos los derechos reservados a Calor de Hogar Tejidos.<\/p>\n<p>El hilado utilizado para esta prenda es <strong><em>Hilo Rainbow de Judith Herz <\/em><\/strong>lo que le da esa hermosa ca\u00edda. La cantidad necesaria y el n\u00famero de aguja est\u00e1n informados en el Patr\u00f3n.<\/p>\n<p><strong>NO SE VENDEN PRENDAS TEJIDAS, S\u00d3LO PATRONES DE TEJIDO<\/strong><\/p>\n<h4><strong>\u00bfC\u00f3mo lo adquir\u00eds?<\/strong><\/h4>\n<p>Realiz\u00e1 la compra, y <strong>finalizala<\/strong> completando todos tus datos.<br \/>\nTe llegar\u00e1 <strong>un mail<\/strong> que dice que hiciste la compra, y que ten\u00e9s que completar el pago.<\/p>\n<p>Una vez <strong>completado el pago<\/strong>, avisame con un mensaje de <strong>WhatsApp al 1121721970<\/strong>, y te env\u00edo el c\u00f3digo de acceso\u2026<\/p>\n<h4><strong>Precio en D\u00f3lares: u$s 5.-\u00a0 <\/strong><\/h4>\n<p><strong>(Realizar la compra con TRANSFERENCIA BANCARIA DIRECTA a la cuenta de Transferwise, o mediante Western Union pedir los datos por mensaje de whatsapp al 1121721970)<\/strong><\/p>\n<p>&nbsp;<\/p>\n<p><span class=\"fontstyle0\">\u00a0<\/span><\/p>\n","protected":false},"excerpt":{"rendered":"<p><strong>Gu\u00eda de Tejido<\/strong> de un fresco y delicado top para usar en los d\u00edas m\u00e1s calurosos de verano.<br \/>\nNo es el producto terminado, es la explicaci\u00f3n para realizarlo.<br \/>\n<strong>Precio en D\u00f3lares: u$s 5.-\u00a0<\/strong><\/p>\n","protected":false},"featured_media":1436,"template":"","meta":[],"product_brand":[],"product_cat":[32],"product_tag":[65,66,67,46,68],"class_list":{"0":"post-16","1":"product","2":"type-product","3":"status-publish","4":"has-post-thumbnail","6":"product_cat-guias-de-tejido","7":"product_tag-guia-top","8":"product_tag-guia-top-rozsa","9":"product_tag-guia-verano","10":"product_tag-top","11":"product_tag-top-rozsa","13":"first","14":"instock","15":"downloadable","16":"shipping-taxable","17":"purchasable","18":"product-type-simple"},"_links":{"self":[{"href":"https:\/\/calordehogartejidos.com\/index.php\/wp-json\/wp\/v2\/product\/16","targetHints":{"allow":["GET"]}}],"collection":[{"href":"https:\/\/calordehogartejidos.com\/index.php\/wp-json\/wp\/v2\/product"}],"about":[{"href":"https:\/\/calordehogartejidos.com\/index.php\/wp-json\/wp\/v2\/types\/product"}],"wp:featuredmedia":[{"embeddable":true,"href":"https:\/\/calordehogartejidos.com\/index.php\/wp-json\/wp\/v2\/media\/1436"}],"wp:attachment":[{"href":"https:\/\/calordehogartejidos.com\/index.php\/wp-json\/wp\/v2\/media?parent=16"}],"wp:term":[{"taxonomy":"product_brand","embeddable":true,"href":"https:\/\/calordehogartejidos.com\/index.php\/wp-json\/wp\/v2\/product_brand?post=16"},{"taxonomy":"product_cat","embeddable":true,"href":"https:\/\/calordehogartejidos.com\/index.php\/wp-json\/wp\/v2\/product_cat?post=16"},{"taxonomy":"product_tag","embeddable":true,"href":"https:\/\/calordehogartejidos.com\/index.php\/wp-json\/wp\/v2\/product_tag?post=16"}],"curies":[{"name":"wp","href":"https:\/\/api.w.org\/{rel}","templated":true}]}}