{"id":1656,"date":"2023-02-27T16:04:56","date_gmt":"2023-02-27T19:04:56","guid":{"rendered":"https:\/\/calordehogartejidos.com\/?post_type=product&#038;p=1656"},"modified":"2025-06-04T17:16:54","modified_gmt":"2025-06-04T20:16:54","slug":"manta-para-bebe-de-ositos","status":"publish","type":"product","link":"https:\/\/calordehogartejidos.com\/index.php\/product\/manta-para-bebe-de-ositos\/","title":{"rendered":"Gu\u00eda de tejido: Manta para Beb\u00e9 con Ositos"},"content":{"rendered":"<p><strong>Gu\u00eda de Tejido<\/strong>, paso a paso en formato <strong>PDF\u00a0<\/strong>con texto, fotos, diagramas, videos y todo lo necesario para que puedas hacerlo!!<\/p>\n<p>Aprender\u00e1s a tejer esta tierna MANTA con OSITOS para reci\u00e9n nacido o para usar en su primer a\u00f1o.<\/p>\n<p><strong>NIVEL: medio<\/strong><br \/>\n<strong>Materiales:<\/strong><\/p>\n<ul>\n<li>650 grs. lana beb\u00e9 de los colores que desees ( para una manta de 65&#215;80)<\/li>\n<li>Aguja de crochet n\u00b0 4,5 o 5 mm ( la recomendada para el material que utilice).<\/li>\n<li>Tijera, aguja lanera<\/li>\n<\/ul>\n<p>Realiz\u00e1 la compra, y <strong>FINALIZALA<\/strong> completando todos tus datos.<br \/>\nTe llegar\u00e1 <strong>un mail<\/strong> que dice que hiciste la compra con el <strong>ENLACE<\/strong>\u00a0 de <strong>DESCARGA<\/strong>.<br \/>\nUna vez realizado el pago me envi\u00e1s un <strong>whatsapp<\/strong> con el comprobante y te habilito la descarga ( 2 archivos)<\/p>\n<p><strong>Precio en D\u00d3LARES: U$S 12.-<br \/>\nPAGO POR WESTERN UNION pedir datos por WhatsApp al 1121721970<\/strong><\/p>\n<p>&nbsp;<\/p>\n","protected":false},"excerpt":{"rendered":"<p>Solo ser\u00e1 beb\u00e9 una vez!<\/p>\n","protected":false},"featured_media":1806,"template":"","meta":[],"product_brand":[],"product_cat":[32],"product_tag":[162,164,161,163,177,176],"class_list":{"0":"post-1656","1":"product","2":"type-product","3":"status-publish","4":"has-post-thumbnail","6":"product_cat-guias-de-tejido","7":"product_tag-bebe","8":"product_tag-colchabebe","9":"product_tag-manta","10":"product_tag-mantabebe","11":"product_tag-mantagrannys","12":"product_tag-mantaositos","14":"first","15":"instock","16":"downloadable","17":"shipping-taxable","18":"purchasable","19":"product-type-simple"},"_links":{"self":[{"href":"https:\/\/calordehogartejidos.com\/index.php\/wp-json\/wp\/v2\/product\/1656","targetHints":{"allow":["GET"]}}],"collection":[{"href":"https:\/\/calordehogartejidos.com\/index.php\/wp-json\/wp\/v2\/product"}],"about":[{"href":"https:\/\/calordehogartejidos.com\/index.php\/wp-json\/wp\/v2\/types\/product"}],"wp:featuredmedia":[{"embeddable":true,"href":"https:\/\/calordehogartejidos.com\/index.php\/wp-json\/wp\/v2\/media\/1806"}],"wp:attachment":[{"href":"https:\/\/calordehogartejidos.com\/index.php\/wp-json\/wp\/v2\/media?parent=1656"}],"wp:term":[{"taxonomy":"product_brand","embeddable":true,"href":"https:\/\/calordehogartejidos.com\/index.php\/wp-json\/wp\/v2\/product_brand?post=1656"},{"taxonomy":"product_cat","embeddable":true,"href":"https:\/\/calordehogartejidos.com\/index.php\/wp-json\/wp\/v2\/product_cat?post=1656"},{"taxonomy":"product_tag","embeddable":true,"href":"https:\/\/calordehogartejidos.com\/index.php\/wp-json\/wp\/v2\/product_tag?post=1656"}],"curies":[{"name":"wp","href":"https:\/\/api.w.org\/{rel}","templated":true}]}}