{"id":1701,"date":"2023-03-18T18:39:53","date_gmt":"2023-03-18T21:39:53","guid":{"rendered":"https:\/\/calordehogartejidos.com\/?post_type=product&#038;p=1701"},"modified":"2025-06-04T17:28:38","modified_gmt":"2025-06-04T20:28:38","slug":"patron-donnut-grande","status":"publish","type":"product","link":"https:\/\/calordehogartejidos.com\/index.php\/product\/patron-donnut-grande\/","title":{"rendered":"Patr\u00f3n Donnut GRANDE"},"content":{"rendered":"<p><strong>Patr\u00f3n descargable en Pdf\u00a0<\/strong><\/p>\n<p><strong>Tama\u00f1o:<\/strong> grande<br \/>\n<strong>Nivel: Tejido simple, ideal para aquellos que tiene conocimientos b\u00e1sicos de crochet.<br \/>\n<\/strong><strong>Hilado:<\/strong> el utilizado es <span class=\"fontstyle0\">lana semigruesa y aguja n\u00b0 4 o 4.5 mm<\/span><\/p>\n<p>Este Patr\u00f3n incluye el PASO A PASO y el VIDEO TUTORIAL con 5 videos que te ayudar\u00e1n a realizarlo sin ninguna dificultad.<\/p>\n<p>VIDEOS disponibles a partir del 27\/03. Se ir\u00e1n habilitando 1 por semana hasta completarlos.<\/p>\n<p>Una vez acreditado el pago, recibir\u00e1s por mail de manera autom\u00e1tica el Archivo PDF del Patr\u00f3n. Por eso es importante que ingreses tu correo electr\u00f3nico bien escrito! Rev\u00edsalo dos veces por las dudas \ud83d\ude09<\/p>\n<p>El\u00a0<strong>Patr\u00f3n<\/strong> es para uso personal exclusivamente. No se permite su difusi\u00f3n, todos los derechos reservados a Calor de Hogar Tejidos.<\/p>\n<p><strong>NO INCLUYE TUTORIAS.<\/strong><\/p>\n<p><strong>NO SE VENDEN PRENDAS TEJIDAS, S\u00d3LO PATRONES DE TEJIDO<\/strong><\/p>\n<p><strong>\u00bfC\u00f3mo lo adquir\u00eds?<\/strong><\/p>\n<p>Realiz\u00e1 la compra, y <strong>FINALIZALA<\/strong> completando todos tus datos.<br \/>\nTe llegar\u00e1 un mail que dice que hiciste la compra, y que ten\u00e9s que completar el pago.<\/p>\n<p>Una vez que completes la compra, <strong>recibir\u00e1s en tu mail el c\u00f3digo<\/strong> de acceso para la descarga.<\/p>\n<p>Isabel<\/p>\n<p>El\u00a0Patr\u00f3n es para uso personal exclusivamente. No se permite su difusi\u00f3n, todos los derechos reservados a Calor de Hogar Tejidos.\u00a0No reproducir ni compartir el patr\u00f3n en ning\u00fan sitio. Pero si pod\u00e9s comercializar su producci\u00f3n.<\/p>\n<p>Recomendaci\u00f3n: abrir el PDF con el navegador para poder abrir el enlace del video tutorial.<\/p>\n","protected":false},"excerpt":{"rendered":"<p>Dale un toque de diversi\u00f3n a tu casa tejiendo este Almohad\u00f3n Gigante!!<\/p>\n","protected":false},"featured_media":1702,"template":"","meta":[],"product_brand":[],"product_cat":[19],"product_tag":[139,169,166,168,165,167],"class_list":{"0":"post-1701","1":"product","2":"type-product","3":"status-publish","4":"has-post-thumbnail","6":"product_cat-patrones","7":"product_tag-almohadoncrochet","8":"product_tag-calordehogartejidos","9":"product_tag-donacrochet","10":"product_tag-donagigantecrochet","11":"product_tag-donnutcrochet","12":"product_tag-donnutgigantecrochet","14":"first","15":"instock","16":"downloadable","17":"shipping-taxable","18":"purchasable","19":"product-type-simple"},"_links":{"self":[{"href":"https:\/\/calordehogartejidos.com\/index.php\/wp-json\/wp\/v2\/product\/1701","targetHints":{"allow":["GET"]}}],"collection":[{"href":"https:\/\/calordehogartejidos.com\/index.php\/wp-json\/wp\/v2\/product"}],"about":[{"href":"https:\/\/calordehogartejidos.com\/index.php\/wp-json\/wp\/v2\/types\/product"}],"wp:featuredmedia":[{"embeddable":true,"href":"https:\/\/calordehogartejidos.com\/index.php\/wp-json\/wp\/v2\/media\/1702"}],"wp:attachment":[{"href":"https:\/\/calordehogartejidos.com\/index.php\/wp-json\/wp\/v2\/media?parent=1701"}],"wp:term":[{"taxonomy":"product_brand","embeddable":true,"href":"https:\/\/calordehogartejidos.com\/index.php\/wp-json\/wp\/v2\/product_brand?post=1701"},{"taxonomy":"product_cat","embeddable":true,"href":"https:\/\/calordehogartejidos.com\/index.php\/wp-json\/wp\/v2\/product_cat?post=1701"},{"taxonomy":"product_tag","embeddable":true,"href":"https:\/\/calordehogartejidos.com\/index.php\/wp-json\/wp\/v2\/product_tag?post=1701"}],"curies":[{"name":"wp","href":"https:\/\/api.w.org\/{rel}","templated":true}]}}