{"id":1824,"date":"2023-05-04T14:43:47","date_gmt":"2023-05-04T17:43:47","guid":{"rendered":"https:\/\/calordehogartejidos.com\/?post_type=product&#038;p=1824"},"modified":"2025-06-04T17:18:16","modified_gmt":"2025-06-04T20:18:16","slug":"taller-bolso-bucket","status":"publish","type":"product","link":"https:\/\/calordehogartejidos.com\/index.php\/product\/taller-bolso-bucket\/","title":{"rendered":"Gu\u00eda de Tejido Bolso Bucket"},"content":{"rendered":"<p><strong>Gu\u00eda de Tejido<\/strong>, paso a paso en formato <strong>PDF\u00a0<\/strong>con texto, fotos, diagramas, videos y todo lo necesario para que puedas hacerlo!!<\/p>\n<p><strong>NIVEL: medio<\/strong><\/p>\n<p>Realiz\u00e1 la compra, y <strong>FINALIZALA<\/strong> completando todos tus datos.<\/p>\n<p>Te llegar\u00e1 <strong>un mail<\/strong> que dice que hiciste la compra con el <strong>ENLACE<\/strong>\u00a0 de <strong>DESCARGA<\/strong>.<br \/>\nUna vez realizado el pago me envi\u00e1s un <strong>whatsapp<\/strong> con el comprobante y te habilito la descarga ( 2 archivos)<\/p>\n<p><strong>PAGOS desde el EXTERIOR:<br \/>\nPrecio en D\u00d3LARES: U$S 12.-<\/strong><\/p>\n<ul>\n<li><strong><strong>Para Transferencia Bancaria, a\u00f1ad\u00ed al carrito, finaliz\u00e1 la compra y seleccion\u00e1 transferencia bancaria.<br \/>\nEn el pedido te aparecer\u00e1n los datos para el DEP\u00d3SITO desde el EXTERIOR. Una vez realizado el pago enviar el comprobante por mensaje de whatsapp al 1121721970<\/strong><\/strong>&nbsp;<\/li>\n<li><strong>POR WESTERN UNION pedir datos por WhatsApp al 1121721970<\/strong><\/li>\n<\/ul>\n<p>&nbsp;<\/p>\n","protected":false},"excerpt":{"rendered":"<p>\u00daltima tendencia en Europa! <span class=\"WdYUQQ\">A\u00f1ad\u00ed a tu look este bolso que pod\u00e9s llevar en la mano, en el hombro o cruzado.<\/span><\/p>\n","protected":false},"featured_media":1872,"template":"","meta":[],"product_brand":[],"product_cat":[32],"product_tag":[184,183,185],"class_list":{"0":"post-1824","1":"product","2":"type-product","3":"status-publish","4":"has-post-thumbnail","6":"product_cat-guias-de-tejido","7":"product_tag-bolsobucket","8":"product_tag-bolsocrochet","9":"product_tag-tallerbolsocrochet","11":"first","12":"instock","13":"downloadable","14":"shipping-taxable","15":"purchasable","16":"product-type-simple"},"_links":{"self":[{"href":"https:\/\/calordehogartejidos.com\/index.php\/wp-json\/wp\/v2\/product\/1824","targetHints":{"allow":["GET"]}}],"collection":[{"href":"https:\/\/calordehogartejidos.com\/index.php\/wp-json\/wp\/v2\/product"}],"about":[{"href":"https:\/\/calordehogartejidos.com\/index.php\/wp-json\/wp\/v2\/types\/product"}],"wp:featuredmedia":[{"embeddable":true,"href":"https:\/\/calordehogartejidos.com\/index.php\/wp-json\/wp\/v2\/media\/1872"}],"wp:attachment":[{"href":"https:\/\/calordehogartejidos.com\/index.php\/wp-json\/wp\/v2\/media?parent=1824"}],"wp:term":[{"taxonomy":"product_brand","embeddable":true,"href":"https:\/\/calordehogartejidos.com\/index.php\/wp-json\/wp\/v2\/product_brand?post=1824"},{"taxonomy":"product_cat","embeddable":true,"href":"https:\/\/calordehogartejidos.com\/index.php\/wp-json\/wp\/v2\/product_cat?post=1824"},{"taxonomy":"product_tag","embeddable":true,"href":"https:\/\/calordehogartejidos.com\/index.php\/wp-json\/wp\/v2\/product_tag?post=1824"}],"curies":[{"name":"wp","href":"https:\/\/api.w.org\/{rel}","templated":true}]}}