{"id":1851,"date":"2023-05-27T09:00:27","date_gmt":"2023-05-27T12:00:27","guid":{"rendered":"https:\/\/calordehogartejidos.com\/?post_type=product&#038;p=1851"},"modified":"2024-04-28T15:25:11","modified_gmt":"2024-04-28T18:25:11","slug":"patron-almohadon-estrella","status":"publish","type":"product","link":"https:\/\/calordehogartejidos.com\/index.php\/product\/patron-almohadon-estrella\/","title":{"rendered":"Patr\u00f3n Almohad\u00f3n Estrella"},"content":{"rendered":"<p>Patr\u00f3n gratuito para descargar.<br \/>\nIncluye el paso a paso en VIDEO TUTORIAL<\/p>\n<p>No hay nada mejor que dar!!<\/p>\n<p>Tu apoyo me ayuda a seguir adelante.<br \/>\nSi te gust\u00f3 el patroncito y quer\u00e9s, compartirme un <a href=\"https:\/\/cafecito.app\/calordehogartejidos\">CAFECITO<\/a>.<\/p>\n<p><a href=\"https:\/\/cafecito.app\/calordehogartejidos\">https:\/\/cafecito.app\/calordehogartejidos<\/a><br \/>\nGracias, Isa<\/p>\n<p>Hac\u00e9 toda la compra, y te llegar\u00e1 un <strong>mail<\/strong> con el <strong>enlace<\/strong> para <strong>descargarlo.<\/strong><\/p>\n<p>Recomendaci\u00f3n: abrir el PDF con el navegador para poder abrir el enlace del video tutorial.<\/p>\n","protected":false},"excerpt":{"rendered":"<p>Baj\u00e1 del cielo una estrella para tu beb\u00e9 y decor\u00e1 su dormitorio<\/p>\n","protected":false},"featured_media":1853,"template":"","meta":[],"product_brand":[],"product_cat":[32],"product_tag":[189,139,180,169,181,191,190],"class_list":{"0":"post-1851","1":"product","2":"type-product","3":"status-publish","4":"has-post-thumbnail","6":"product_cat-guias-de-tejido","7":"product_tag-almohadon","8":"product_tag-almohadoncrochet","9":"product_tag-bebes","10":"product_tag-calordehogartejidos","11":"product_tag-decobebe","12":"product_tag-estrella","13":"product_tag-estrellacrochet","15":"first","16":"outofstock","17":"downloadable","18":"shipping-taxable","19":"purchasable","20":"product-type-simple"},"_links":{"self":[{"href":"https:\/\/calordehogartejidos.com\/index.php\/wp-json\/wp\/v2\/product\/1851","targetHints":{"allow":["GET"]}}],"collection":[{"href":"https:\/\/calordehogartejidos.com\/index.php\/wp-json\/wp\/v2\/product"}],"about":[{"href":"https:\/\/calordehogartejidos.com\/index.php\/wp-json\/wp\/v2\/types\/product"}],"wp:featuredmedia":[{"embeddable":true,"href":"https:\/\/calordehogartejidos.com\/index.php\/wp-json\/wp\/v2\/media\/1853"}],"wp:attachment":[{"href":"https:\/\/calordehogartejidos.com\/index.php\/wp-json\/wp\/v2\/media?parent=1851"}],"wp:term":[{"taxonomy":"product_brand","embeddable":true,"href":"https:\/\/calordehogartejidos.com\/index.php\/wp-json\/wp\/v2\/product_brand?post=1851"},{"taxonomy":"product_cat","embeddable":true,"href":"https:\/\/calordehogartejidos.com\/index.php\/wp-json\/wp\/v2\/product_cat?post=1851"},{"taxonomy":"product_tag","embeddable":true,"href":"https:\/\/calordehogartejidos.com\/index.php\/wp-json\/wp\/v2\/product_tag?post=1851"}],"curies":[{"name":"wp","href":"https:\/\/api.w.org\/{rel}","templated":true}]}}