{"id":1973,"date":"2023-07-05T06:00:03","date_gmt":"2023-07-05T09:00:03","guid":{"rendered":"https:\/\/calordehogartejidos.com\/?post_type=product&#038;p=1973"},"modified":"2025-06-04T17:15:01","modified_gmt":"2025-06-04T20:15:01","slug":"guia-de-tejido-chal-con-capucha","status":"publish","type":"product","link":"https:\/\/calordehogartejidos.com\/index.php\/product\/guia-de-tejido-chal-con-capucha\/","title":{"rendered":"Gu\u00eda de Tejido: Chal con Capucha"},"content":{"rendered":"<p><strong>Gu\u00eda de Tejido<\/strong>, paso a paso en formato <strong>PDF\u00a0<\/strong>con texto, fotos, diagramas, videos y todo lo necesario para que puedas hacer tu Capucha!!<\/p>\n<p><strong>NIVEL:<\/strong> medio<br \/>\n<strong>Materiales:<\/strong><\/p>\n<ul>\n<li>300 a 400 grs. (aprox.) Lana semigruesa sedificada, Nevilan, Merino, Acr\u00edlico artesanal, Cake,\u00a0 Mandala, Fidelio o cualquier lana de grosor medio que desees.<\/li>\n<li>Aguja de crochet n\u00b0 4.5 o\u00a0 5 mm ( la recomendada para el material que utilice).<\/li>\n<li>Tijera, aguja lanera, centimetro.<\/li>\n<\/ul>\n<p>&nbsp;<\/p>\n<p><strong>NIVEL: medio<\/strong><\/p>\n<p>Realiz\u00e1 la compra, y <strong>FINALIZALA<\/strong> completando todos tus datos.<\/p>\n<p>Te llegar\u00e1 <strong>un mail<\/strong> que dice que hiciste la compra con el <strong>ENLACE<\/strong>\u00a0 de <strong>DESCARGA<\/strong>.<br \/>\nUna vez realizado el pago me envi\u00e1s un <strong>whatsapp<\/strong> con el comprobante y te habilito la descarga ( 2 archivos)<\/p>\n<p><strong>PAGOS desde el EXTERIOR:<br \/>\nPrecio en D\u00d3LARES: U$S 12.-<\/strong><\/p>\n<ul>\n<li><strong>Para Transferencia Bancaria, a\u00f1ad\u00ed al carrito, finaliz\u00e1 la compra y seleccion\u00e1 transferencia bancaria.<br \/>\nEn el pedido te aparecer\u00e1n los datos para el DEP\u00d3SITO desde el EXTERIOR. Una vez realizado el pago enviar el comprobante por mensaje de whatsapp al 1121721970<\/strong><\/li>\n<li><strong>POR WESTERN UNION pedir datos por WhatsApp al 1121721970<\/strong><\/li>\n<\/ul>\n","protected":false},"excerpt":{"rendered":"<p>Gu\u00eda de Tejido, paso a paso en formato PDF\u00a0con texto, fotos, diagramas, videos y todo lo necesario para que puedas hacer tu Capucha!! NIVEL: medio Materiales: 300 a 400 grs. (aprox.) Lana semigruesa sedificada, Nevilan, Merino, Acr\u00edlico artesanal, Cake,\u00a0 Mandala, Fidelio o cualquier lana de grosor medio que desees. Aguja de crochet n\u00b0 4.5 o\u00a0 [&hellip;]<\/p>\n","protected":false},"featured_media":1980,"template":"","meta":[],"product_brand":[],"product_cat":[32],"product_tag":[194,192,193],"class_list":{"0":"post-1973","1":"product","2":"type-product","3":"status-publish","4":"has-post-thumbnail","6":"product_cat-guias-de-tejido","7":"product_tag-calmisterychalconcapucha","8":"product_tag-chalconcapucha","9":"product_tag-tallerchalconcapucha","11":"first","12":"instock","13":"downloadable","14":"shipping-taxable","15":"purchasable","16":"product-type-simple"},"_links":{"self":[{"href":"https:\/\/calordehogartejidos.com\/index.php\/wp-json\/wp\/v2\/product\/1973","targetHints":{"allow":["GET"]}}],"collection":[{"href":"https:\/\/calordehogartejidos.com\/index.php\/wp-json\/wp\/v2\/product"}],"about":[{"href":"https:\/\/calordehogartejidos.com\/index.php\/wp-json\/wp\/v2\/types\/product"}],"wp:featuredmedia":[{"embeddable":true,"href":"https:\/\/calordehogartejidos.com\/index.php\/wp-json\/wp\/v2\/media\/1980"}],"wp:attachment":[{"href":"https:\/\/calordehogartejidos.com\/index.php\/wp-json\/wp\/v2\/media?parent=1973"}],"wp:term":[{"taxonomy":"product_brand","embeddable":true,"href":"https:\/\/calordehogartejidos.com\/index.php\/wp-json\/wp\/v2\/product_brand?post=1973"},{"taxonomy":"product_cat","embeddable":true,"href":"https:\/\/calordehogartejidos.com\/index.php\/wp-json\/wp\/v2\/product_cat?post=1973"},{"taxonomy":"product_tag","embeddable":true,"href":"https:\/\/calordehogartejidos.com\/index.php\/wp-json\/wp\/v2\/product_tag?post=1973"}],"curies":[{"name":"wp","href":"https:\/\/api.w.org\/{rel}","templated":true}]}}