{"id":1990,"date":"2023-11-06T06:00:12","date_gmt":"2023-11-06T09:00:12","guid":{"rendered":"https:\/\/calordehogartejidos.com\/?post_type=product&#038;p=1990"},"modified":"2026-02-26T12:41:38","modified_gmt":"2026-02-26T15:41:38","slug":"crochet-desde-cero-nivel-1","status":"publish","type":"product","link":"https:\/\/calordehogartejidos.com\/index.php\/product\/crochet-desde-cero-nivel-1\/","title":{"rendered":"Crochet desde Cero Online Nivel 1"},"content":{"rendered":"<p>Te <strong>guiar\u00e9<\/strong> en todo el proceso de aprendizaje durante los <strong>3 meses que dura este CURSO<\/strong>.<br \/>\nNo pierdas la oportunidad de aprender desde tu casa y en el horario que m\u00e1s c\u00f3modo te quede.<\/p>\n<blockquote>\n<h4><strong>No necesit\u00e1s tener conocimientos previos de crochet.<\/strong><\/h4>\n<\/blockquote>\n<h4><strong>Aprender\u00e1s:<\/strong><\/h4>\n<p>1. Todos los puntos b\u00e1sicos.<br \/>\n2. Todos los tips para elegir hilados y aguja<br \/>\n3. Tejido circular<br \/>\n4. Tejido lineal \/ recto<br \/>\n5. C\u00f3mo cambiar de color<br \/>\n6. Lectura b\u00e1sica de gr\u00e1ficos<br \/>\n7. Grannys square y c\u00f3mo unirlos<\/p>\n<p><strong>Vamos a realizar proyectos simples:<\/strong> apoya vasos, cubre taza o bufanda, bajo plato o alfombra de totora, almohad\u00f3n de grannys.<\/p>\n<ul>\n<li>El curso se encuentra en una <strong>plataforma web<\/strong> donde encontrar\u00e1s todo el material escrito paso a paso, diagramas, im\u00e1genes, videos que te ayudar\u00e1n a poder realizarlo<\/li>\n<li>Las<strong> CLASES <\/strong>se ir\u00e1n habilitando autom\u00e1ticamente a medida que vayas completando las tareas de cada clase.<\/li>\n<li>Recibir\u00e1s un\u00a0<strong>USUARIO Y CONTRASE\u00d1A exclusivo\u00a0<\/strong>y con ellos podr\u00e1s entrar <strong>ellas todas las veces quieras, en el horario que m\u00e1s c\u00f3modo te resulte.<\/strong><\/li>\n<li>El\u00a0<strong>MATERIAL\u00a0<\/strong>queda disponible para siempre.<\/li>\n<li>Podr\u00e1s descargar el <strong>PDF <\/strong>de las clases para poder imprimirlas, armar tu carpeta e ir haciendo tus propias anotaciones.<\/li>\n<li>Estar\u00e9 disponible para <strong>TUTOREARTE a trav\u00e9s de un grupo de whatsapp<\/strong> en donde podr\u00e1s sacarte todas las dudas que vayan surgiendo&#8230; (de lunes a viernes, entre las 11hs\u00a0 y 19 hs)<\/li>\n<\/ul>\n<h4><strong>Necesitar\u00e1s:<\/strong><\/h4>\n<ul>\n<li><strong>Acceso a internet<\/strong> mediante un celular o computadora para ver las clases y videos.<\/li>\n<\/ul>\n<blockquote>\n<h4><strong>Este curso es ONLINE (a DISTANCIA) y NO INCLUYE MATERIALES PARA EL CURSO<\/strong><\/h4>\n<\/blockquote>\n<p>&nbsp;<\/p>\n<hr \/>\n<h4><strong>Primera Clase Gratis:<\/strong><\/h4>\n<p>Si quer\u00e9s saber c\u00f3mo son las clases del Curso Crochet desde Cero Online pod\u00e9s verla entrando al siguiente enlace:<\/p>\n<p><em><strong>Https:\/\/calordehogartejidos.com\/aulas<\/strong><\/em><\/p>\n<p><em><strong>Usuario:<\/strong><\/em> demo<br \/>\n<em><strong>Contrase\u00f1a:<\/strong> <\/em>demo<\/p>\n<hr \/>\n<h4><strong>Costo:<\/strong><\/h4>\n<p><strong>$45.000.- curso completo de 3 meses. O 3 cuotas mensuales de $18.000.-<\/strong><\/p>\n<p>PAGO POR WESTERN UNION pedir datos por WhatsApp al 1121721970<\/p>\n<hr \/>\n<h4><strong>\u00bfCOMO TE INSCRIBIS?<\/strong><\/h4>\n<p>Una vez que hagas el pago enviame el comprobante de pago con un <strong>mensaje de whatsapp al 11-2172-1970<\/strong>, y te env\u00edo el c\u00f3digo de acceso&#8230;<\/p>\n<p>Nadie sabe lo que puede conseguir hasta que lo intenta!!!<\/p>\n<p>Animate!<\/p>\n<p>Isabel<\/p>\n<p>&nbsp;<\/p>\n","protected":false},"excerpt":{"rendered":"<p>Curso de Crochet para Principiantes.<\/p>\n<p>Muchas ya se animaron y est\u00e1n felices de poder tener las herramientas necesarias para crochetear.<\/p>\n","protected":false},"featured_media":2223,"template":"","meta":[],"product_brand":[],"product_cat":[18],"product_tag":[54,56,52,50,57,55,51,53,58],"class_list":{"0":"post-1990","1":"product","2":"type-product","3":"status-publish","4":"has-post-thumbnail","6":"product_cat-cursos","7":"product_tag-aprende-crochet","8":"product_tag-crochet-a-distancia","9":"product_tag-crochet-basico","10":"product_tag-crochet-desde-cero","11":"product_tag-crochet-facil","12":"product_tag-crochet-online","13":"product_tag-crochet-para-principiantes","14":"product_tag-crochet-paso-a-paso","15":"product_tag-teje-conmigo","17":"first","18":"instock","19":"shipping-taxable","20":"purchasable","21":"product-type-simple"},"_links":{"self":[{"href":"https:\/\/calordehogartejidos.com\/index.php\/wp-json\/wp\/v2\/product\/1990","targetHints":{"allow":["GET"]}}],"collection":[{"href":"https:\/\/calordehogartejidos.com\/index.php\/wp-json\/wp\/v2\/product"}],"about":[{"href":"https:\/\/calordehogartejidos.com\/index.php\/wp-json\/wp\/v2\/types\/product"}],"wp:featuredmedia":[{"embeddable":true,"href":"https:\/\/calordehogartejidos.com\/index.php\/wp-json\/wp\/v2\/media\/2223"}],"wp:attachment":[{"href":"https:\/\/calordehogartejidos.com\/index.php\/wp-json\/wp\/v2\/media?parent=1990"}],"wp:term":[{"taxonomy":"product_brand","embeddable":true,"href":"https:\/\/calordehogartejidos.com\/index.php\/wp-json\/wp\/v2\/product_brand?post=1990"},{"taxonomy":"product_cat","embeddable":true,"href":"https:\/\/calordehogartejidos.com\/index.php\/wp-json\/wp\/v2\/product_cat?post=1990"},{"taxonomy":"product_tag","embeddable":true,"href":"https:\/\/calordehogartejidos.com\/index.php\/wp-json\/wp\/v2\/product_tag?post=1990"}],"curies":[{"name":"wp","href":"https:\/\/api.w.org\/{rel}","templated":true}]}}