{"id":2069,"date":"2023-11-06T13:42:23","date_gmt":"2023-11-06T16:42:23","guid":{"rendered":"https:\/\/calordehogartejidos.com\/?post_type=product&#038;p=2069"},"modified":"2025-10-07T10:52:50","modified_gmt":"2025-10-07T13:52:50","slug":"taller-de-amigurumis-combo-agosto-2023","status":"publish","type":"product","link":"https:\/\/calordehogartejidos.com\/index.php\/product\/taller-de-amigurumis-combo-agosto-2023\/","title":{"rendered":"Taller de Amigurumis COMBO"},"content":{"rendered":"<p>\u00bfQuer\u00e9s aprender a tejer mu\u00f1ecos desde el comienzo?<br \/>\nAprend\u00e9 <strong>desde tu casa y en el horario que m\u00e1s c\u00f3modo te quede<\/strong>.<\/p>\n<p>Solo necesit\u00e1s tener <strong><em>conocimientos b\u00e1sicos de crochet<\/em><\/strong> : cadenas, medio punto y punto deslizado principalmente.<\/p>\n<p><strong>El COMBO incluye<\/strong>: 3 Talleres correlativos a distancia con <strong>TUTORIA<\/strong>.<\/p>\n<p><strong>DURACI\u00d3N<\/strong>: un mes cada uno.<\/p>\n<p><strong>PROYECTOS:<\/strong><\/p>\n<p><em>M\u00f3dulo 1:<\/em> Pelota antiestr\u00e9s y Tortuguita<br \/>\n<em>M\u00f3dulo 2:<\/em> Coneja en Chenille<br \/>\n<em>M\u00f3dulo 3:<\/em> Mu\u00f1eca ( Boo Monster Inc)<\/p>\n<p>Solo necesit\u00e1s tener conocimientos b\u00e1sicos de crochet.<\/p>\n<p>Los Talleres estar\u00e1n disponibles en el sitio web. Ah\u00ed vas a encontrar todo el material en formato de texto, im\u00e1genes y videos, todo explicado paso a paso. Las clases se habilitar\u00e1n una vez por semana y quedar\u00e1n disponibles hasta fin de a\u00f1o.<\/p>\n<p><strong>LO M\u00c1S IMPORTANTE<\/strong> es que no estar\u00e1s sola&#8230; tendr\u00e1s mi <strong>asesoria y seguimiento de lunes a viernes durante los 3 meses<\/strong>, respondiendo a tus preguntas. Podr\u00e1s enviar tus avances, a trav\u00e9s de un <strong>grupo de whatsapp<\/strong> exclusivo.<\/p>\n<p>&nbsp;<\/p>\n<p>&nbsp;<\/p>\n<hr \/>\n<p><strong>\u00bfC\u00d3MO TE INSCRIB\u00cdS?<\/strong><\/p>\n<p>Realiz\u00e1 la compra, y <strong>finalizala<\/strong> completando todos tus datos.<br \/>\nTe llegar\u00e1 <strong>un mail<\/strong> que dice que hiciste la compra, y que ten\u00e9s que completar el pago.<\/p>\n<p>Una vez <strong>completado el pago<\/strong>, avisame con un mensaje de <strong>WhatsApp al 1121721970<\/strong>, y te env\u00edo el c\u00f3digo de acceso\u2026<\/p>\n<p>Nadie sabe lo que puede alcanzar hasta que lo intenta!!!<\/p>\n<p>Isa<\/p>\n<div id=\"gtx-trans\" style=\"position: absolute; left: 408px; top: 155.906px;\">\n<div class=\"gtx-trans-icon\"><\/div>\n<\/div>\n<div id=\"gtx-trans\" style=\"position: absolute; left: 408px; top: 155.906px;\">\n<div class=\"gtx-trans-icon\"><\/div>\n<\/div>\n","protected":false},"excerpt":{"rendered":"<p>Taller de 3 m\u00f3dulos de 4 clases cada uno en el que aprender\u00e1s desde el inicio los conceptos b\u00e1sicos para hacer Amigurumis para vender, regalar o porque te gusta.<\/p>\n<p>Muchas ya se animaron y est\u00e1n felices de poder tener las herramientas necesarias.<\/p>\n","protected":false},"featured_media":2074,"template":"","meta":[],"product_brand":[],"product_cat":[18],"product_tag":[40,42,48,202,38,39],"class_list":{"0":"post-2069","1":"product","2":"type-product","3":"status-publish","4":"has-post-thumbnail","6":"product_cat-cursos","7":"product_tag-amigurumis-basico","8":"product_tag-amigurumis-desde-cero","9":"product_tag-amigurumis-principiantes","10":"product_tag-comboamigurumis","11":"product_tag-taller-amigurumis","12":"product_tag-teje-amigurumis","14":"first","15":"instock","16":"shipping-taxable","17":"purchasable","18":"product-type-simple"},"_links":{"self":[{"href":"https:\/\/calordehogartejidos.com\/index.php\/wp-json\/wp\/v2\/product\/2069","targetHints":{"allow":["GET"]}}],"collection":[{"href":"https:\/\/calordehogartejidos.com\/index.php\/wp-json\/wp\/v2\/product"}],"about":[{"href":"https:\/\/calordehogartejidos.com\/index.php\/wp-json\/wp\/v2\/types\/product"}],"wp:featuredmedia":[{"embeddable":true,"href":"https:\/\/calordehogartejidos.com\/index.php\/wp-json\/wp\/v2\/media\/2074"}],"wp:attachment":[{"href":"https:\/\/calordehogartejidos.com\/index.php\/wp-json\/wp\/v2\/media?parent=2069"}],"wp:term":[{"taxonomy":"product_brand","embeddable":true,"href":"https:\/\/calordehogartejidos.com\/index.php\/wp-json\/wp\/v2\/product_brand?post=2069"},{"taxonomy":"product_cat","embeddable":true,"href":"https:\/\/calordehogartejidos.com\/index.php\/wp-json\/wp\/v2\/product_cat?post=2069"},{"taxonomy":"product_tag","embeddable":true,"href":"https:\/\/calordehogartejidos.com\/index.php\/wp-json\/wp\/v2\/product_tag?post=2069"}],"curies":[{"name":"wp","href":"https:\/\/api.w.org\/{rel}","templated":true}]}}