{"id":2087,"date":"2023-08-03T16:12:28","date_gmt":"2023-08-03T19:12:28","guid":{"rendered":"https:\/\/calordehogartejidos.com\/?post_type=product&#038;p=2087"},"modified":"2024-04-28T15:15:30","modified_gmt":"2024-04-28T18:15:30","slug":"guia-de-tejido-gratuito-bolso-lanero","status":"publish","type":"product","link":"https:\/\/calordehogartejidos.com\/index.php\/product\/guia-de-tejido-gratuito-bolso-lanero\/","title":{"rendered":"Gu\u00eda de Tejido Gratuito Bolso Lanero"},"content":{"rendered":"<p>Gu\u00eda de Tejido gratuito con el <strong>paso a paso<\/strong> para descargar,\u00a0 y <strong>4<\/strong> <strong>Video Tutoriales<\/strong>.<\/p>\n<p>No hay nada mejor que dar!! Tu apoyo me ayuda a seguir adelante.<br \/>\nSi te gust\u00f3 el patroncito y quer\u00e9s, compartirme un <a href=\"https:\/\/cafecito.app\/calordehogartejidos\">CAFECITO<\/a>.<\/p>\n<p><a href=\"https:\/\/cafecito.app\/calordehogartejidos\">https:\/\/cafecito.app\/calordehogartejidos<\/a><br \/>\nGracias, Isa<\/p>\n<p>Hac\u00e9 toda la compra, y te llegar\u00e1 un <strong>mail<\/strong> con el <strong>enlace<\/strong> para <strong>descargarlo.<br \/>\n<em>Recomendaci\u00f3n<\/em><\/strong>: abrir el PDF con el navegador para poder abrir el enlace del video tutorial.<\/p>\n<p>Tama\u00f1o aproximado: de 30 cm cada lado del bolso.<\/p>\n<p><strong>Suscribite<\/strong> a mi <strong>CANAL de YOUTUBE y activa la \ud83d\udd14<\/strong> para recibir las notificaciones y recibir\u00e1s las notificaciones de nuevos tutoriales:<\/p>\n<p><a href=\"https:\/\/youtube.com\/@CalordeHogarTejidos\"><strong>https:\/\/youtube.com\/@CalordeHogarTejidos<\/strong><\/a><\/p>\n<p>Espero que te guste el proyecto y que te animes a hacerlo.<br \/>\nS\u00f3lo necesit\u00e1s conocimientos b\u00e1sicos de crochet.<\/p>\n<p>&nbsp;<\/p>\n","protected":false},"excerpt":{"rendered":"<h3><strong>Es imposible resistirte.\u00a0Tej\u00e9 conmigo y apasionate !!<\/strong><\/h3>\n","protected":false},"featured_media":2089,"template":"","meta":[],"product_brand":[],"product_cat":[32],"product_tag":[183,201,169,175,200],"class_list":{"0":"post-2087","1":"product","2":"type-product","3":"status-publish","4":"has-post-thumbnail","6":"product_cat-guias-de-tejido","7":"product_tag-bolsocrochet","8":"product_tag-bolsolanero","9":"product_tag-calordehogartejidos","10":"product_tag-crochetfacil","11":"product_tag-crochetparaprincipiantes","13":"first","14":"instock","15":"downloadable","16":"shipping-taxable","17":"purchasable","18":"product-type-simple"},"_links":{"self":[{"href":"https:\/\/calordehogartejidos.com\/index.php\/wp-json\/wp\/v2\/product\/2087","targetHints":{"allow":["GET"]}}],"collection":[{"href":"https:\/\/calordehogartejidos.com\/index.php\/wp-json\/wp\/v2\/product"}],"about":[{"href":"https:\/\/calordehogartejidos.com\/index.php\/wp-json\/wp\/v2\/types\/product"}],"wp:featuredmedia":[{"embeddable":true,"href":"https:\/\/calordehogartejidos.com\/index.php\/wp-json\/wp\/v2\/media\/2089"}],"wp:attachment":[{"href":"https:\/\/calordehogartejidos.com\/index.php\/wp-json\/wp\/v2\/media?parent=2087"}],"wp:term":[{"taxonomy":"product_brand","embeddable":true,"href":"https:\/\/calordehogartejidos.com\/index.php\/wp-json\/wp\/v2\/product_brand?post=2087"},{"taxonomy":"product_cat","embeddable":true,"href":"https:\/\/calordehogartejidos.com\/index.php\/wp-json\/wp\/v2\/product_cat?post=2087"},{"taxonomy":"product_tag","embeddable":true,"href":"https:\/\/calordehogartejidos.com\/index.php\/wp-json\/wp\/v2\/product_tag?post=2087"}],"curies":[{"name":"wp","href":"https:\/\/api.w.org\/{rel}","templated":true}]}}