{"id":2140,"date":"2023-08-28T13:39:07","date_gmt":"2023-08-28T16:39:07","guid":{"rendered":"https:\/\/calordehogartejidos.com\/?post_type=product&#038;p=2140"},"modified":"2025-08-06T14:46:37","modified_gmt":"2025-08-06T17:46:37","slug":"guia-de-tejido-cubre-taza-de-minion","status":"publish","type":"product","link":"https:\/\/calordehogartejidos.com\/index.php\/product\/guia-de-tejido-cubre-taza-de-minion\/","title":{"rendered":"Gu\u00eda de Tejido: Cubre Taza de Minion"},"content":{"rendered":"<p><strong>Gu\u00eda de Tejido<\/strong>, paso a paso en formato <strong>PDF\u00a0<\/strong>con texto, fotos, diagramas y <strong>video tutorial<\/strong>.<\/p>\n<p>No es el producto terminado!<\/p>\n<p><strong>NIVEL: b\u00e1sico<\/strong><\/p>\n<p>Realiz\u00e1 la compra, y <strong>FINALIZALA<\/strong> completando todos tus datos.<\/p>\n<p>Te llegar\u00e1 <strong>un mail<\/strong> que dice que hiciste la compra con el <strong>ENLACE<\/strong>\u00a0 de <strong>DESCARGA<\/strong>.<br \/>\nUna vez realizado el pago me envi\u00e1s un <strong>whatsapp<\/strong> con el comprobante y te habilito la descarga ( 2 archivos)<\/p>\n<p><strong>PAGOS desde el EXTERIOR:<br \/>\nPrecio en D\u00d3LARES: U$S 8.-<\/strong><\/p>\n<ul>\n<li><strong>Para Transferencia Bancaria, a\u00f1ad\u00ed al carrito, finaliz\u00e1 la compra y seleccion\u00e1 transferencia bancaria.<br \/>\nEn el pedido te aparecer\u00e1n los datos para el DEP\u00d3SITO desde el EXTERIOR. Una vez realizado el pago enviar el comprobante por mensaje de whatsapp al 1121721970<\/strong><\/li>\n<li><strong>POR WESTERN UNION pedir datos por WhatsApp al 1121721970<\/strong><\/li>\n<\/ul>\n","protected":false},"excerpt":{"rendered":"<p>Abrig\u00e1 tu taza con este personaje muy Banana!!<\/p>\n<div id=\"gtx-trans\" style=\"position: absolute; left: 342px; top: -16.7847px;\">\n<div class=\"gtx-trans-icon\"><\/div>\n<\/div>\n","protected":false},"featured_media":2137,"template":"","meta":[],"product_brand":[],"product_cat":[32],"product_tag":[207,206],"class_list":{"0":"post-2140","1":"product","2":"type-product","3":"status-publish","4":"has-post-thumbnail","6":"product_cat-guias-de-tejido","7":"product_tag-cubretazaminion","8":"product_tag-mugminion","10":"first","11":"instock","12":"downloadable","13":"shipping-taxable","14":"purchasable","15":"product-type-simple"},"_links":{"self":[{"href":"https:\/\/calordehogartejidos.com\/index.php\/wp-json\/wp\/v2\/product\/2140","targetHints":{"allow":["GET"]}}],"collection":[{"href":"https:\/\/calordehogartejidos.com\/index.php\/wp-json\/wp\/v2\/product"}],"about":[{"href":"https:\/\/calordehogartejidos.com\/index.php\/wp-json\/wp\/v2\/types\/product"}],"wp:featuredmedia":[{"embeddable":true,"href":"https:\/\/calordehogartejidos.com\/index.php\/wp-json\/wp\/v2\/media\/2137"}],"wp:attachment":[{"href":"https:\/\/calordehogartejidos.com\/index.php\/wp-json\/wp\/v2\/media?parent=2140"}],"wp:term":[{"taxonomy":"product_brand","embeddable":true,"href":"https:\/\/calordehogartejidos.com\/index.php\/wp-json\/wp\/v2\/product_brand?post=2140"},{"taxonomy":"product_cat","embeddable":true,"href":"https:\/\/calordehogartejidos.com\/index.php\/wp-json\/wp\/v2\/product_cat?post=2140"},{"taxonomy":"product_tag","embeddable":true,"href":"https:\/\/calordehogartejidos.com\/index.php\/wp-json\/wp\/v2\/product_tag?post=2140"}],"curies":[{"name":"wp","href":"https:\/\/api.w.org\/{rel}","templated":true}]}}