{"id":2143,"date":"2023-08-28T17:04:56","date_gmt":"2023-08-28T20:04:56","guid":{"rendered":"https:\/\/calordehogartejidos.com\/?post_type=product&#038;p=2143"},"modified":"2025-06-04T17:15:50","modified_gmt":"2025-06-04T20:15:50","slug":"taller-semipresencial-deco-hogar","status":"publish","type":"product","link":"https:\/\/calordehogartejidos.com\/index.php\/product\/taller-semipresencial-deco-hogar\/","title":{"rendered":"GU\u00cdA DE TEJIDO: Pie de cama 3D"},"content":{"rendered":"<p><span style=\"font-size: 16px;\">Con la <em><strong>GU\u00cdA DE TEJIDO<\/strong><\/em> podr\u00e1s hacer una <\/span><strong style=\"font-size: 16px;\">flor 3D<\/strong><span style=\"font-size: 16px;\"> y la transformar\u00e1s en un <\/span><strong style=\"font-size: 16px;\">granny<\/strong><span style=\"font-size: 16px;\">. Luego aprender\u00e1s a <\/span><strong style=\"font-size: 16px;\">unirlos<\/strong><span style=\"font-size: 16px;\">, para terminar d\u00e1ndole forma al <\/span><strong style=\"font-size: 16px;\">PIE DE CAMA<\/strong><span style=\"font-size: 16px;\">\u00a0<strong>con flores en 3D.<\/strong><\/span><\/p>\n<p><strong>NIVEL:<\/strong> <strong>Medio a avanzado<\/strong><\/p>\n<p><strong>Para adquirir la GU\u00cdA&#8230;<\/strong><\/p>\n<p>Realiz\u00e1 la <strong>compra<\/strong>, y <strong>FINALIZALA<\/strong> completando todos tus datos.<br \/>\nTe llegar\u00e1 <strong>un mail<\/strong> que dice que hiciste la compra, y que ten\u00e9s que completar el pago<br \/>\nUna vez <strong>completado el pago<\/strong>, avisame con un mensaje de <strong>WhatsApp al 1121721970<\/strong>, y te env\u00edo el c\u00f3digo de acceso\u2026<\/p>\n<p><strong>PAGOS desde el EXTERIOR:<\/strong><\/p>\n<ul>\n<li><strong>Por PAYPAL<\/strong><\/li>\n<li><strong>Para Transferencia Bancaria desde el exterior, a\u00f1ad\u00ed al carrito, finaliz\u00e1 la compra y seleccion\u00e1 transferencia bancaria. En el pedido te aparecer\u00e1n los datos para el DEP\u00d3SITO desde el EXTERIOR.<br \/>\n<\/strong><strong>Una vez realizado el pago enviar el comprobante por mensaje de whatsapp al 1121721970<\/strong><\/li>\n<li><strong>POR WESTERN UNION pedir datos por WhatsApp al 1121721970<\/strong><\/li>\n<\/ul>\n<p><strong>No es el producto terminado!<\/strong><\/p>\n","protected":false},"excerpt":{"rendered":"<p>Cre\u00e1 un espacio de ensue\u00f1o!<\/p>\n","protected":false},"featured_media":2329,"template":"","meta":[],"product_brand":[],"product_cat":[32],"product_tag":[213,215,214,216],"class_list":{"0":"post-2143","1":"product","2":"type-product","3":"status-publish","4":"has-post-thumbnail","6":"product_cat-guias-de-tejido","7":"product_tag-piedecamacrochet","8":"product_tag-piedecamaflor3d","9":"product_tag-piedecamagrannys","10":"product_tag-tallerdecrochet","12":"first","13":"instock","14":"downloadable","15":"shipping-taxable","16":"purchasable","17":"product-type-simple"},"_links":{"self":[{"href":"https:\/\/calordehogartejidos.com\/index.php\/wp-json\/wp\/v2\/product\/2143","targetHints":{"allow":["GET"]}}],"collection":[{"href":"https:\/\/calordehogartejidos.com\/index.php\/wp-json\/wp\/v2\/product"}],"about":[{"href":"https:\/\/calordehogartejidos.com\/index.php\/wp-json\/wp\/v2\/types\/product"}],"wp:featuredmedia":[{"embeddable":true,"href":"https:\/\/calordehogartejidos.com\/index.php\/wp-json\/wp\/v2\/media\/2329"}],"wp:attachment":[{"href":"https:\/\/calordehogartejidos.com\/index.php\/wp-json\/wp\/v2\/media?parent=2143"}],"wp:term":[{"taxonomy":"product_brand","embeddable":true,"href":"https:\/\/calordehogartejidos.com\/index.php\/wp-json\/wp\/v2\/product_brand?post=2143"},{"taxonomy":"product_cat","embeddable":true,"href":"https:\/\/calordehogartejidos.com\/index.php\/wp-json\/wp\/v2\/product_cat?post=2143"},{"taxonomy":"product_tag","embeddable":true,"href":"https:\/\/calordehogartejidos.com\/index.php\/wp-json\/wp\/v2\/product_tag?post=2143"}],"curies":[{"name":"wp","href":"https:\/\/api.w.org\/{rel}","templated":true}]}}