{"id":2230,"date":"2023-11-06T20:39:16","date_gmt":"2023-11-06T23:39:16","guid":{"rendered":"https:\/\/calordehogartejidos.com\/?post_type=product&#038;p=2230"},"modified":"2025-10-07T10:50:53","modified_gmt":"2025-10-07T13:50:53","slug":"crochet-desde-cero-nivel-2","status":"publish","type":"product","link":"https:\/\/calordehogartejidos.com\/index.php\/product\/crochet-desde-cero-nivel-2\/","title":{"rendered":"Crochet desde Cero Nivel 2"},"content":{"rendered":"<p>Ya has aprendido muchas cosas y lograste superar tus primeros temores. Lo conseguiste!!<br \/>\nPero en este mundo del Crochet hay mucho m\u00e1s para aprender, as\u00ed que vamos por m\u00e1s!<\/p>\n<p>Te <strong>guiar\u00e9<\/strong> en todo el proceso de aprendizaje durante los <strong>3 meses que dura este CURSO ONLINE<\/strong>.<br \/>\nNo pierdas la oportunidad de aprender desde tu casa y en el horario que m\u00e1s c\u00f3modo te quede.<\/p>\n<p>Para hacer este curso deb\u00e9s haber <strong>completado el\u00a0 NIVEL 1<\/strong>, o hacer una <strong>mini pruebita<\/strong> para comprobar si ten\u00e9s los conocimientos que necesit\u00e1s para realizarlo.<\/p>\n<h4><b>En este nivel vas a aprender estos temas:<\/b><\/h4>\n<ul>\n<li>Reforzar la lectura y comprensi\u00f3n de diagramas de crochet.<\/li>\n<li>Puntos: media vareta, vareta doble y triple.<\/li>\n<li>Punto Canal\u00e9.<\/li>\n<li>Inici\u00e1ndonos en el tejido tubular. T\u00e9cnica de inicio, desarrollo y finalizaci\u00f3n.<\/li>\n<li>Dos opciones para iniciar el tejido en tubo (con base o sin ella).<\/li>\n<li>Anillo m\u00e1gico.<\/li>\n<li>Puntillas.<\/li>\n<li>Puntos fantas\u00eda.<\/li>\n<li>Diferencia entre los <strong>Puntos Bobble<\/strong> o Pi\u00f1a, <strong>Punto Popcorn<\/strong> y <strong>Punto Puff.<\/strong><\/li>\n<li>Interpretar t\u00e9rminos e instrucciones de crochet.<\/li>\n<li><strong>Punto Red<\/strong><\/li>\n<li><strong>Punto el\u00e1stico<\/strong> (punto con relieve)<\/li>\n<li>Introduci\u00e9ndote a la <strong>t\u00e9cnica FILET<\/strong>.<\/li>\n<\/ul>\n<h4><b>Y\u00a0 los proyectos que vas a hacer ser\u00e1n:<\/b><\/h4>\n<ul>\n<li>Candle Light &#8211; Funda para porta velas sin base<\/li>\n<li>Candle Light &#8211; Funda para porta velas con base<\/li>\n<li>Funda porta macetas con base \/ bolsito de mano con cierre ajustable \/ almohad\u00f3n tubular,\u00a0<b>punto bobble o pi\u00f1a<\/b>.<\/li>\n<li>Puntillas para toalla, repasador o servilleta de tela<\/li>\n<li>Bolsito en\u00a0<b>punto red<\/b><\/li>\n<li>Estuche para agujas en\u00a0<b>punto popcorn<\/b><\/li>\n<li>Desmaquillante, en\u00a0<b>punto puff<\/b><\/li>\n<li>Sachet para jabones perfumados, flores secas, bombones o caramelos en la\u00a0<b>t\u00e9cnica Filet<\/b><\/li>\n<\/ul>\n<p>&nbsp;<\/p>\n<p>El curso se encuentra en una <strong>plataforma web<\/strong> donde encontrar\u00e1s todo el material escrito paso a paso, diagramas, im\u00e1genes, videos que te ayudar\u00e1n a poder realizarlo, y <strong>tutor\u00eda personalizada a trav\u00e9s de un grupo de whatsapp<\/strong> en donde podr\u00e1s sacarte todas las dudas que vayan surgiendo&#8230;<\/p>\n<p>Las clases se ir\u00e1n habilitando una vez por semana, y <strong>acceder\u00e1s a ellas todas las veces quieras, en el horario que m\u00e1s c\u00f3modo te resulte.<\/strong><\/p>\n<hr \/>\n<p><strong>Costo<\/strong><br \/>\n<strong>$45000.- curso completo de 3 meses. O 3 cuotas mensuales de $18000.-<\/strong><\/p>\n<p>PAGO POR WESTERN UNION pedir datos por WhatsApp al 1121721970<\/p>\n<hr \/>\n<p><strong>\u00bfCOMO TE INSCRIBIS?<\/strong><\/p>\n<p>Realiz\u00e1 la compra, y <strong>finalizala<\/strong> completando todos tus datos.<br \/>\nTe llegar\u00e1 <strong>un mail<\/strong> que dice que hiciste la compra, y que ten\u00e9s que completar el pago.<\/p>\n<p>Una vez <strong>completado el pago<\/strong>, avisame con un mensaje de <strong>WhatsApp al 1121721970<\/strong>, y te env\u00edo el c\u00f3digo de acceso\u2026<\/p>\n<p><strong>PAGO POR WESTERN UNION pedir datos por WhatsApp al 1121721970<\/strong><\/p>\n<p>Nadie sabe lo que puede conseguir hasta que lo intenta!!!<\/p>\n<p>Animate!<\/p>\n<p>Isabel<\/p>\n","protected":false},"excerpt":{"rendered":"<p>Curso de Crochet para Principiantes.<\/p>\n<p>Muchas ya se animaron y est\u00e1n felices de poder tener las herramientas necesarias para crochetear.<\/p>\n<p>Una vez completada la inscripci\u00f3n, recibir\u00e1s el c\u00f3digo de acceso al curso&#8230;<\/p>\n","protected":false},"featured_media":2231,"template":"","meta":[],"product_brand":[],"product_cat":[18],"product_tag":[187,186,188],"class_list":{"0":"post-2230","1":"product","2":"type-product","3":"status-publish","4":"has-post-thumbnail","6":"product_cat-cursos","7":"product_tag-crochetadistancia","8":"product_tag-crochetdesdecero","9":"product_tag-crochetprincipiantes","11":"first","12":"instock","13":"shipping-taxable","14":"purchasable","15":"product-type-simple"},"_links":{"self":[{"href":"https:\/\/calordehogartejidos.com\/index.php\/wp-json\/wp\/v2\/product\/2230","targetHints":{"allow":["GET"]}}],"collection":[{"href":"https:\/\/calordehogartejidos.com\/index.php\/wp-json\/wp\/v2\/product"}],"about":[{"href":"https:\/\/calordehogartejidos.com\/index.php\/wp-json\/wp\/v2\/types\/product"}],"wp:featuredmedia":[{"embeddable":true,"href":"https:\/\/calordehogartejidos.com\/index.php\/wp-json\/wp\/v2\/media\/2231"}],"wp:attachment":[{"href":"https:\/\/calordehogartejidos.com\/index.php\/wp-json\/wp\/v2\/media?parent=2230"}],"wp:term":[{"taxonomy":"product_brand","embeddable":true,"href":"https:\/\/calordehogartejidos.com\/index.php\/wp-json\/wp\/v2\/product_brand?post=2230"},{"taxonomy":"product_cat","embeddable":true,"href":"https:\/\/calordehogartejidos.com\/index.php\/wp-json\/wp\/v2\/product_cat?post=2230"},{"taxonomy":"product_tag","embeddable":true,"href":"https:\/\/calordehogartejidos.com\/index.php\/wp-json\/wp\/v2\/product_tag?post=2230"}],"curies":[{"name":"wp","href":"https:\/\/api.w.org\/{rel}","templated":true}]}}