{"id":2236,"date":"2023-11-06T21:57:26","date_gmt":"2023-11-07T00:57:26","guid":{"rendered":"https:\/\/calordehogartejidos.com\/?post_type=product&#038;p=2236"},"modified":"2025-10-07T10:58:45","modified_gmt":"2025-10-07T13:58:45","slug":"taller-navideno-2","status":"publish","type":"product","link":"https:\/\/calordehogartejidos.com\/index.php\/product\/taller-navideno-2\/","title":{"rendered":"Taller Navide\u00f1o 2"},"content":{"rendered":"<p><strong>INICIO: 13 de Noviembre<\/strong><\/p>\n<p><strong>TALLER NIVEL:<\/strong> b\u00e1sico\u00a0 a medio<br \/>\n<strong>Taller:<\/strong> 1 proyecto por semana<\/p>\n<ul>\n<li>Posavasos<\/li>\n<li>Tapiz<\/li>\n<li>Bolsita<\/li>\n<li>Coronita<\/li>\n<\/ul>\n<p><em><strong>Materiales:<\/strong><\/em><\/p>\n<ul>\n<li>Hilos de algod\u00f3n 8\/6 de varios colores. (Miren las fotos para definir los colores).<\/li>\n<li>Hilo dorado\/plateado (sugiero Nettuno, Moroco, Sherazade, Acrilux, Luxury) &#8211; Opcional<\/li>\n<li>Cinta tipo beb\u00e9<\/li>\n<li>Palito como soporte para el tapiz<\/li>\n<li>Pegamento universal o de silicona liquida<\/li>\n<li>Argolla de madera del tama\u00f1o deseado para la corona<\/li>\n<\/ul>\n<p>El Taller se encuentra en la <strong>plataforma web https:\/\/www.calordehogartejidos.com<\/strong> donde encontrar\u00e1s todo el material escrito paso a paso, videos e im\u00e1genes que te ayudar\u00e1n a poder realizarlo, y un seguimiento personalizado a trav\u00e9s de un <strong>grupo de WhatsApp<\/strong> en donde podr\u00e1s sacarte todas la dudas que vayan surgiendo\u2026<\/p>\n<p>Las clases se ir\u00e1n habilitando una vez por semana, y acceder\u00e1s a ellas todas las veces que quieras, en el horario que m\u00e1s c\u00f3modo te resulte.<\/p>\n<p>Tambi\u00e9n podr\u00e1s descargar el paso a <strong>paso en formato<\/strong> <strong>PDF.<br \/>\n<\/strong><\/p>\n<p>Realiz\u00e1 la compra, y <strong>FINALIZALA<\/strong> completando todos tus <strong>datos<\/strong>.<br \/>\nTe llegar\u00e1 <strong>un mail<\/strong> que dice que hiciste la compra, y que ten\u00e9s que completar el pago.<\/p>\n<p>Una vez <strong>completado el pago<\/strong>, avisame con un mensaje de <strong>WhatsApp al 1121721970<\/strong>, y te ingreso al grupo.<\/p>\n<p><strong>Precio en D\u00d3LARES: U$S 8.-<br \/>\nPAGO POR WESTERN UNION pedir datos por WhatsApp al 1121721970<\/strong><\/p>\n<p>&nbsp;<\/p>\n","protected":false},"excerpt":{"rendered":"<p>Queremos que ames tu hogar!<\/p>\n","protected":false},"featured_media":2237,"template":"","meta":[],"product_brand":[],"product_cat":[18],"product_tag":[223,224,91,151,93,94,222,221],"class_list":{"0":"post-2236","1":"product","2":"type-product","3":"status-publish","4":"has-post-thumbnail","6":"product_cat-cursos","7":"product_tag-bolsitapapanoel","8":"product_tag-coronitanavidena","9":"product_tag-deconavidena","10":"product_tag-decoracion","11":"product_tag-navidad","12":"product_tag-papanoel","13":"product_tag-posavasonavideno","14":"product_tag-tapizpinito","16":"first","17":"instock","18":"shipping-taxable","19":"purchasable","20":"product-type-simple"},"_links":{"self":[{"href":"https:\/\/calordehogartejidos.com\/index.php\/wp-json\/wp\/v2\/product\/2236","targetHints":{"allow":["GET"]}}],"collection":[{"href":"https:\/\/calordehogartejidos.com\/index.php\/wp-json\/wp\/v2\/product"}],"about":[{"href":"https:\/\/calordehogartejidos.com\/index.php\/wp-json\/wp\/v2\/types\/product"}],"wp:featuredmedia":[{"embeddable":true,"href":"https:\/\/calordehogartejidos.com\/index.php\/wp-json\/wp\/v2\/media\/2237"}],"wp:attachment":[{"href":"https:\/\/calordehogartejidos.com\/index.php\/wp-json\/wp\/v2\/media?parent=2236"}],"wp:term":[{"taxonomy":"product_brand","embeddable":true,"href":"https:\/\/calordehogartejidos.com\/index.php\/wp-json\/wp\/v2\/product_brand?post=2236"},{"taxonomy":"product_cat","embeddable":true,"href":"https:\/\/calordehogartejidos.com\/index.php\/wp-json\/wp\/v2\/product_cat?post=2236"},{"taxonomy":"product_tag","embeddable":true,"href":"https:\/\/calordehogartejidos.com\/index.php\/wp-json\/wp\/v2\/product_tag?post=2236"}],"curies":[{"name":"wp","href":"https:\/\/api.w.org\/{rel}","templated":true}]}}