{"id":2283,"date":"2023-12-08T12:57:01","date_gmt":"2023-12-08T15:57:01","guid":{"rendered":"https:\/\/calordehogartejidos.com\/?post_type=product&#038;p=2283"},"modified":"2025-06-04T17:20:10","modified_gmt":"2025-06-04T20:20:10","slug":"guia-de-tejido-mi-pequeno-jengibre-3-en-1","status":"publish","type":"product","link":"https:\/\/calordehogartejidos.com\/index.php\/product\/guia-de-tejido-mi-pequeno-jengibre-3-en-1\/","title":{"rendered":"GU\u00cdA DE TEJIDO: Mi Peque\u00f1o Jengibre 3 en 1"},"content":{"rendered":"<p><strong>Gu\u00eda de Tejido<\/strong>, paso a paso en formato <strong>PDF\u00a0<\/strong>con texto, fotos, diagramas, videos y todo lo necesario para que puedas hacer tu Jengibre!!<\/p>\n<p>Con el mismo dise\u00f1o podr\u00e1s hacer el <strong><em>cubre llaves, un adornito para decorar el \u00e1rbol y\/o un t\u00edtere de dedos<\/em><\/strong>.<\/p>\n<p><strong>NIVEL:<\/strong> medio, t\u00e9cnica de amigurumis.<\/p>\n<p>Realiz\u00e1 la compra, y <strong>FINALIZALA<\/strong> completando todos tus datos.<\/p>\n<p>Te llegar\u00e1 <strong>un mail<\/strong> que dice que hiciste la compra con el <strong>ENLACE<\/strong>\u00a0 de <strong>DESCARGA e<\/strong>l cual\u00a0se<strong> ACTIVAR\u00c1 el d\u00eda 12\/12<\/strong><\/p>\n<p>Una vez realizado el pago me envi\u00e1s un <strong>whatsapp<\/strong> con el comprobante y el d\u00eda 12 ya podr\u00e1s descargarlo.<\/p>\n<p><strong>PAGOS desde el EXTERIOR:<br \/>\nPrecio en D\u00d3LARES de PREVENTA: U$S 6.-<\/strong><\/p>\n<ul>\n<li><strong>Para Transferencia Bancaria, a\u00f1ad\u00ed al carrito, finaliz\u00e1 la compra y seleccion\u00e1 transferencia bancaria.<br \/>\nEn el pedido te aparecer\u00e1n los datos para el DEP\u00d3SITO desde el EXTERIOR. Una vez realizado el pago enviar el comprobante por mensaje de whatsapp al 1121721970<\/strong><\/li>\n<li><strong>POR WESTERN UNION pedir datos por WhatsApp al 1121721970<\/strong><\/li>\n<\/ul>\n","protected":false},"excerpt":{"rendered":"<p>Con el mismo patr\u00f3n podr\u00e1s hacer: un <strong><em>cubre llaves, un adornito para decorar el \u00e1rbol y\/o un t\u00edtere de dedos<\/em><\/strong>.<\/p>\n","protected":false},"featured_media":2290,"template":"","meta":[],"product_brand":[],"product_cat":[32],"product_tag":[135,228,91,227,229,230],"class_list":{"0":"post-2283","1":"product","2":"type-product","3":"status-publish","4":"has-post-thumbnail","6":"product_cat-guias-de-tejido","7":"product_tag-cubrellaves","8":"product_tag-cubrellavesjengibre","9":"product_tag-deconavidena","10":"product_tag-jengibre","11":"product_tag-navidadalcrochet","12":"product_tag-titerejengibre","14":"first","15":"instock","16":"downloadable","17":"shipping-taxable","18":"purchasable","19":"product-type-simple"},"_links":{"self":[{"href":"https:\/\/calordehogartejidos.com\/index.php\/wp-json\/wp\/v2\/product\/2283","targetHints":{"allow":["GET"]}}],"collection":[{"href":"https:\/\/calordehogartejidos.com\/index.php\/wp-json\/wp\/v2\/product"}],"about":[{"href":"https:\/\/calordehogartejidos.com\/index.php\/wp-json\/wp\/v2\/types\/product"}],"wp:featuredmedia":[{"embeddable":true,"href":"https:\/\/calordehogartejidos.com\/index.php\/wp-json\/wp\/v2\/media\/2290"}],"wp:attachment":[{"href":"https:\/\/calordehogartejidos.com\/index.php\/wp-json\/wp\/v2\/media?parent=2283"}],"wp:term":[{"taxonomy":"product_brand","embeddable":true,"href":"https:\/\/calordehogartejidos.com\/index.php\/wp-json\/wp\/v2\/product_brand?post=2283"},{"taxonomy":"product_cat","embeddable":true,"href":"https:\/\/calordehogartejidos.com\/index.php\/wp-json\/wp\/v2\/product_cat?post=2283"},{"taxonomy":"product_tag","embeddable":true,"href":"https:\/\/calordehogartejidos.com\/index.php\/wp-json\/wp\/v2\/product_tag?post=2283"}],"curies":[{"name":"wp","href":"https:\/\/api.w.org\/{rel}","templated":true}]}}