{"id":2317,"date":"2024-01-08T12:52:34","date_gmt":"2024-01-08T15:52:34","guid":{"rendered":"https:\/\/calordehogartejidos.com\/?post_type=product&#038;p=2317"},"modified":"2025-06-04T17:19:53","modified_gmt":"2025-06-04T20:19:53","slug":"guia-de-tejido-remera-pareotriangulitos","status":"publish","type":"product","link":"https:\/\/calordehogartejidos.com\/index.php\/product\/guia-de-tejido-remera-pareotriangulitos\/","title":{"rendered":"GU\u00cdA DE TEJIDO: Remera \/ Pareo\u00bbTriangulitos\u00bb"},"content":{"rendered":"<p><strong>GU\u00cdA DE TEJIDO<\/strong>, 14 p\u00e1ginas con el paso a paso en formato <strong>PDF\u00a0<\/strong>con <strong>texto<\/strong>, <strong>fotos<\/strong>, <strong>diagramas<\/strong>, <strong>videos<\/strong> y todo lo necesario para que puedas hacer esta prenda de verano que ser\u00e1 muy vers\u00e1til (<strong>remera o pareo<\/strong>), tanto para usar con pantal\u00f3n largo las noches de verano frescas, o para usar con short los d\u00edas de calor. Tambi\u00e9n es ideal y c\u00f3moda para cuando sal\u00eds de la pile o el mar y est\u00e1s en bikini!<br \/>\nNo te puede faltar esta prenda en tu armario!<\/p>\n<p><strong>NIVEL:<\/strong>\u00a0 f\u00e1cil a medio<\/p>\n<p>Esta prenda est\u00e1 tejida en 2 partes, y solo lleva costuras por los costados y en los hombros.<br \/>\nComo siempre vas a poder tejerlo a tus medidas.<br \/>\nY los protagonistas son indudablemente los flecos que la enmarcan en la base y por qu\u00e9 no? en cada costado.<\/p>\n<p><strong>Para adquirirla&#8230;<\/strong><\/p>\n<p>Realiz\u00e1 la <strong>compra<\/strong>, y <strong>FINALIZALA<\/strong> completando todos tus datos.<br \/>\nTe llegar\u00e1 <strong>un mail<\/strong> que dice que hiciste la compra, y que ten\u00e9s que completar el pago<br \/>\nUna vez <strong>completado el pago<\/strong>, avisame con un mensaje de <strong>WhatsApp al 1121721970<\/strong>, y te env\u00edo el c\u00f3digo de acceso\u2026<\/p>\n<p><strong>PAGOS desde el EXTERIOR:<\/strong><\/p>\n<ul>\n<li><strong>Para Transferencia Bancaria, a\u00f1ad\u00ed al carrito, finaliz\u00e1 la compra y seleccion\u00e1 transferencia bancaria.<br \/>\nEn el pedido te aparecer\u00e1n los datos para el DEP\u00d3SITO desde el EXTERIOR. Una vez realizado el pago enviar el comprobante por mensaje de whatsapp al 1121721970<\/strong><\/li>\n<li><strong>POR WESTERN UNION pedir datos por WhatsApp al 1121721970<\/strong><\/li>\n<\/ul>\n","protected":false},"excerpt":{"rendered":"<p>Tejela paso a paso y podr\u00e1s usarla sola o sobre otra prenda, como remera o como pareo de verano.<br \/>\n\u00bfCon o sin flecos? Vos eleg\u00eds&#8230;<\/p>\n","protected":false},"featured_media":2318,"template":"","meta":[],"product_brand":[],"product_cat":[32],"product_tag":[226,106,225,105,234,232,233],"class_list":{"0":"post-2317","1":"product","2":"type-product","3":"status-publish","4":"has-post-thumbnail","6":"product_cat-guias-de-tejido","7":"product_tag-blusacalada","8":"product_tag-blusacrochet","9":"product_tag-remeracalada","10":"product_tag-remeracrochet","11":"product_tag-remerafacil","12":"product_tag-remeratriangulitos","13":"product_tag-remeraverano","15":"first","16":"instock","17":"downloadable","18":"shipping-taxable","19":"purchasable","20":"product-type-simple"},"_links":{"self":[{"href":"https:\/\/calordehogartejidos.com\/index.php\/wp-json\/wp\/v2\/product\/2317","targetHints":{"allow":["GET"]}}],"collection":[{"href":"https:\/\/calordehogartejidos.com\/index.php\/wp-json\/wp\/v2\/product"}],"about":[{"href":"https:\/\/calordehogartejidos.com\/index.php\/wp-json\/wp\/v2\/types\/product"}],"wp:featuredmedia":[{"embeddable":true,"href":"https:\/\/calordehogartejidos.com\/index.php\/wp-json\/wp\/v2\/media\/2318"}],"wp:attachment":[{"href":"https:\/\/calordehogartejidos.com\/index.php\/wp-json\/wp\/v2\/media?parent=2317"}],"wp:term":[{"taxonomy":"product_brand","embeddable":true,"href":"https:\/\/calordehogartejidos.com\/index.php\/wp-json\/wp\/v2\/product_brand?post=2317"},{"taxonomy":"product_cat","embeddable":true,"href":"https:\/\/calordehogartejidos.com\/index.php\/wp-json\/wp\/v2\/product_cat?post=2317"},{"taxonomy":"product_tag","embeddable":true,"href":"https:\/\/calordehogartejidos.com\/index.php\/wp-json\/wp\/v2\/product_tag?post=2317"}],"curies":[{"name":"wp","href":"https:\/\/api.w.org\/{rel}","templated":true}]}}