{"id":2338,"date":"2024-02-15T13:33:48","date_gmt":"2024-02-15T16:33:48","guid":{"rendered":"https:\/\/calordehogartejidos.com\/?post_type=product&#038;p=2338"},"modified":"2024-04-28T15:09:23","modified_gmt":"2024-04-28T18:09:23","slug":"patron-gratuito-mandala-san-valentin","status":"publish","type":"product","link":"https:\/\/calordehogartejidos.com\/index.php\/product\/patron-gratuito-mandala-san-valentin\/","title":{"rendered":"Patr\u00f3n Gratuito: Mandala San Valent\u00edn"},"content":{"rendered":"<p>Diagrama para descargar GRATIS.<br \/>\nTama\u00f1o aproximado: de 22 cm de di\u00e1metro.<br \/>\nEncontrar\u00e1s el Video tutorial en mi Canal de Youtube: <a href=\"https:\/\/youtube.com\/@CalordeHogarTejidos\">https:\/\/youtube.com\/@CalordeHogarTejidos\u00a0<\/a><\/p>\n<p>No hay nada mejor que dar!! Tu apoyo me ayuda a seguir adelante.<br \/>\nSi te gust\u00f3 el patroncito y quer\u00e9s, compartirme un <a href=\"https:\/\/cafecito.app\/calordehogartejidos\">CAFECITO<\/a>.<\/p>\n<p>Argentina:<br \/>\n<a href=\"https:\/\/cafecito.app\/calordehogartejidos\">https:\/\/cafecito.app\/calordehogartejidos<\/a><\/p>\n<p>Paypal<br \/>\n<a href=\"https:\/\/www.paypal.com\/donate?hosted_button_id=53N38H4FSFX86\">https:\/\/www.paypal.com\/donate?hosted_button_id=53N38H4FSFX86<\/a><br \/>\n=========<\/p>\n<p>Gracias, Isa<\/p>\n<p>Hac\u00e9 toda la compra, y te llegar\u00e1 un <strong>mail<\/strong> con el <strong>enlace<\/strong> para <strong>descargarlo.<br \/>\n<em>Recomendaci\u00f3n<\/em><\/strong>: abrir el PDF con el navegador para poder abrir el enlace del video tutorial.<\/p>\n<p><strong>Suscribite<\/strong> a mi <strong>CANAL de YOUTUBE y activa la \ud83d\udd14<\/strong> para recibir las notificaciones y recibir\u00e1s las notificaciones de nuevos tutoriales:<\/p>\n<p><a href=\"https:\/\/youtube.com\/@CalordeHogarTejidos\"><strong>https:\/\/youtube.com\/@CalordeHogarTejidos<\/strong><\/a><\/p>\n<p>Espero que te guste el proyecto y que te animes a hacerlo.<br \/>\nS\u00f3lo necesit\u00e1s conocimientos b\u00e1sicos de crochet.<\/p>\n<p>&nbsp;<\/p>\n","protected":false},"excerpt":{"rendered":"<h3><strong>Llen\u00e1 tu casa de amor!!<\/strong><\/h3>\n","protected":false},"featured_media":2339,"template":"","meta":[],"product_brand":[],"product_cat":[19],"product_tag":[169,175,200,159,237,235,236],"class_list":{"0":"post-2338","1":"product","2":"type-product","3":"status-publish","4":"has-post-thumbnail","6":"product_cat-patrones","7":"product_tag-calordehogartejidos","8":"product_tag-crochetfacil","9":"product_tag-crochetparaprincipiantes","10":"product_tag-mandala","11":"product_tag-mandalaacrochet","12":"product_tag-mandalacrochet","13":"product_tag-mandalasanvalentin","15":"first","16":"instock","17":"downloadable","18":"shipping-taxable","19":"purchasable","20":"product-type-simple"},"_links":{"self":[{"href":"https:\/\/calordehogartejidos.com\/index.php\/wp-json\/wp\/v2\/product\/2338","targetHints":{"allow":["GET"]}}],"collection":[{"href":"https:\/\/calordehogartejidos.com\/index.php\/wp-json\/wp\/v2\/product"}],"about":[{"href":"https:\/\/calordehogartejidos.com\/index.php\/wp-json\/wp\/v2\/types\/product"}],"wp:featuredmedia":[{"embeddable":true,"href":"https:\/\/calordehogartejidos.com\/index.php\/wp-json\/wp\/v2\/media\/2339"}],"wp:attachment":[{"href":"https:\/\/calordehogartejidos.com\/index.php\/wp-json\/wp\/v2\/media?parent=2338"}],"wp:term":[{"taxonomy":"product_brand","embeddable":true,"href":"https:\/\/calordehogartejidos.com\/index.php\/wp-json\/wp\/v2\/product_brand?post=2338"},{"taxonomy":"product_cat","embeddable":true,"href":"https:\/\/calordehogartejidos.com\/index.php\/wp-json\/wp\/v2\/product_cat?post=2338"},{"taxonomy":"product_tag","embeddable":true,"href":"https:\/\/calordehogartejidos.com\/index.php\/wp-json\/wp\/v2\/product_tag?post=2338"}],"curies":[{"name":"wp","href":"https:\/\/api.w.org\/{rel}","templated":true}]}}