{"id":2357,"date":"2024-02-26T19:22:09","date_gmt":"2024-02-26T22:22:09","guid":{"rendered":"https:\/\/calordehogartejidos.com\/?post_type=product&#038;p=2357"},"modified":"2024-03-27T18:32:45","modified_gmt":"2024-03-27T21:32:45","slug":"taller-almohadon-estrella","status":"publish","type":"product","link":"https:\/\/calordehogartejidos.com\/index.php\/product\/taller-almohadon-estrella\/","title":{"rendered":"Taller Almohad\u00f3n Estrella"},"content":{"rendered":"<p><strong>INICIO: 05 de Marzo<\/strong><\/p>\n<p><strong>TALLER:\u00a0<\/strong>mensual<\/p>\n<p><strong> NIVEL:<\/strong> b\u00e1sico\u00a0 a medio<\/p>\n<p><em><strong>Materiales:<\/strong><\/em><\/p>\n<ul>\n<li>Hilos de algod\u00f3n 8\/6 o del grosor deseado.<\/li>\n<li>aguja de crochet n\u00b0 3.5 mm<\/li>\n<li>Relleno de vell\u00f3n<\/li>\n<\/ul>\n<p>El Taller se realizar\u00e1 a trav\u00e9s de un <strong>grupo de WhatsApp<\/strong> donde tendr\u00e1s a disposici\u00f3n todo el material <strong>escrito paso a paso<\/strong>, <strong>videos e im\u00e1genes<\/strong> que te ayudar\u00e1n a poder realizarlo, y un <strong>seguimiento personalizado<\/strong> a trav\u00e9s del mismo grupo. All\u00ed podr\u00e1s sacarte todas la dudas que vayan surgiendo\u2026<\/p>\n<p>El<strong> paso a paso que estar\u00e1 en formato PDF<\/strong>, se ir\u00e1 dando de forma paulatina para que puedas realizarlo sin ning\u00fan inconveniente, aproximadamente una vez por semana.<\/p>\n<p>Realiz\u00e1 la compra, y <strong>FINALIZALA<\/strong> completando todos tus <strong>datos<\/strong>.<br \/>\nTe llegar\u00e1 <strong>un mail<\/strong> que dice que hiciste la compra, y que ten\u00e9s que completar el pago.<\/p>\n<p>Una vez <strong>completado el pago<\/strong>, avisame con un mensaje de <strong>WhatsApp al 1121721970<\/strong>, y te ingreso al grupo.<\/p>\n<p><strong>PAGO POR WESTERN UNION pedir datos por WhatsApp al 1121721970<\/strong><\/p>\n<p>&nbsp;<\/p>\n","protected":false},"excerpt":{"rendered":"<p><span class=\"OYPEnA text-decoration-none text-strikethrough-none\">Transform\u00e1 el cuarto de tus peque\u00f1os en un espacio acojedor y divertido.<\/span><\/p>\n","protected":false},"featured_media":2358,"template":"","meta":[],"product_brand":[],"product_cat":[18],"product_tag":[189,139,238,140,181],"class_list":{"0":"post-2357","1":"product","2":"type-product","3":"status-publish","4":"has-post-thumbnail","6":"product_cat-cursos","7":"product_tag-almohadon","8":"product_tag-almohadoncrochet","9":"product_tag-almohadonestrella","10":"product_tag-almohadontejido","11":"product_tag-decobebe","13":"first","14":"outofstock","15":"shipping-taxable","16":"purchasable","17":"product-type-simple"},"_links":{"self":[{"href":"https:\/\/calordehogartejidos.com\/index.php\/wp-json\/wp\/v2\/product\/2357","targetHints":{"allow":["GET"]}}],"collection":[{"href":"https:\/\/calordehogartejidos.com\/index.php\/wp-json\/wp\/v2\/product"}],"about":[{"href":"https:\/\/calordehogartejidos.com\/index.php\/wp-json\/wp\/v2\/types\/product"}],"wp:featuredmedia":[{"embeddable":true,"href":"https:\/\/calordehogartejidos.com\/index.php\/wp-json\/wp\/v2\/media\/2358"}],"wp:attachment":[{"href":"https:\/\/calordehogartejidos.com\/index.php\/wp-json\/wp\/v2\/media?parent=2357"}],"wp:term":[{"taxonomy":"product_brand","embeddable":true,"href":"https:\/\/calordehogartejidos.com\/index.php\/wp-json\/wp\/v2\/product_brand?post=2357"},{"taxonomy":"product_cat","embeddable":true,"href":"https:\/\/calordehogartejidos.com\/index.php\/wp-json\/wp\/v2\/product_cat?post=2357"},{"taxonomy":"product_tag","embeddable":true,"href":"https:\/\/calordehogartejidos.com\/index.php\/wp-json\/wp\/v2\/product_tag?post=2357"}],"curies":[{"name":"wp","href":"https:\/\/api.w.org\/{rel}","templated":true}]}}