{"id":2400,"date":"2024-03-27T18:21:35","date_gmt":"2024-03-27T21:21:35","guid":{"rendered":"https:\/\/calordehogartejidos.com\/?post_type=product&#038;p=2400"},"modified":"2024-07-02T08:19:19","modified_gmt":"2024-07-02T11:19:19","slug":"cal-saco-selina-con-grannys","status":"publish","type":"product","link":"https:\/\/calordehogartejidos.com\/index.php\/product\/cal-saco-selina-con-grannys\/","title":{"rendered":"CAL Saco Selina (con grannys)"},"content":{"rendered":"<p><strong>INICIO: 08 de Abril<\/strong><\/p>\n<p><strong>NIVEL:<\/strong> medio<\/p>\n<p><em><strong>Materiales:<\/strong><\/em><\/p>\n<ul>\n<li>500 a 600 grs. de Lana semigruesa (cashmilon sedificado, mechalan, nevilan, Supreme, stella de LHO, shatland, merino, Angora Pansy, Angorina)<\/li>\n<li>aguja de crochet n\u00b0 entre 5 y 7 mm<\/li>\n<li>aguja lanera<\/li>\n<li>tijera<\/li>\n<li>bloqueador de grannys (opcional)<\/li>\n<li>marcador de puntos<\/li>\n<li>cent\u00edmetro<\/li>\n<li>Plancha a vapor (opcional)<\/li>\n<\/ul>\n<p>El CAL (Taller) se realizar\u00e1 a trav\u00e9s de un <strong>grupo de WhatsApp<\/strong> donde tendr\u00e1s a disposici\u00f3n todo el material <strong>escrito paso a paso<\/strong>, <strong>videos e im\u00e1genes<\/strong> que te ayudar\u00e1n a poder realizarlo, y un <strong>seguimiento personalizado<\/strong> a trav\u00e9s del mismo grupo. All\u00ed podr\u00e1s sacarte todas la dudas que vayan surgiendo\u2026<\/p>\n<p>El<strong> paso a paso que estar\u00e1 en formato PDF<\/strong>, se ir\u00e1 dando de forma paulatina para que puedas realizarlo sin ning\u00fan inconveniente, aproximadamente una vez por semana.<\/p>\n<p>El <strong>COSTO<\/strong> es de un <strong>CAFECITO <\/strong>como apoyo y colaboraci\u00f3n a mi trabajo.<\/p>\n<p>Realiz\u00e1 la compra, y <strong>FINALIZALA<\/strong> completando todos tus <strong>datos<\/strong>.<br \/>\nTe llegar\u00e1 <strong>un mail<\/strong> que dice que hiciste la compra, y que ten\u00e9s que completar el pago.<\/p>\n<p>Una vez <strong>completado el pago<\/strong>, avisame con un mensaje de <strong>WhatsApp al 1121721970<\/strong>, y te ingreso al grupo.<\/p>\n<p><strong>PAGO POR WESTERN UNION pedir datos por WhatsApp al 1121721970<\/strong><\/p>\n<p>&nbsp;<\/p>\n","protected":false},"excerpt":{"rendered":"<p><span class=\"OYPEnA text-decoration-none text-strikethrough-none\">Animate&#8230; te va a quedar precioso!!!<\/span><\/p>\n","protected":false},"featured_media":2401,"template":"","meta":[],"product_brand":[],"product_cat":[18],"product_tag":[242,240,241],"class_list":{"0":"post-2400","1":"product","2":"type-product","3":"status-publish","4":"has-post-thumbnail","6":"product_cat-cursos","7":"product_tag-calsacoselina","8":"product_tag-sacocrochet","9":"product_tag-sacoselina","11":"first","12":"outofstock","13":"shipping-taxable","14":"purchasable","15":"product-type-simple"},"_links":{"self":[{"href":"https:\/\/calordehogartejidos.com\/index.php\/wp-json\/wp\/v2\/product\/2400","targetHints":{"allow":["GET"]}}],"collection":[{"href":"https:\/\/calordehogartejidos.com\/index.php\/wp-json\/wp\/v2\/product"}],"about":[{"href":"https:\/\/calordehogartejidos.com\/index.php\/wp-json\/wp\/v2\/types\/product"}],"wp:featuredmedia":[{"embeddable":true,"href":"https:\/\/calordehogartejidos.com\/index.php\/wp-json\/wp\/v2\/media\/2401"}],"wp:attachment":[{"href":"https:\/\/calordehogartejidos.com\/index.php\/wp-json\/wp\/v2\/media?parent=2400"}],"wp:term":[{"taxonomy":"product_brand","embeddable":true,"href":"https:\/\/calordehogartejidos.com\/index.php\/wp-json\/wp\/v2\/product_brand?post=2400"},{"taxonomy":"product_cat","embeddable":true,"href":"https:\/\/calordehogartejidos.com\/index.php\/wp-json\/wp\/v2\/product_cat?post=2400"},{"taxonomy":"product_tag","embeddable":true,"href":"https:\/\/calordehogartejidos.com\/index.php\/wp-json\/wp\/v2\/product_tag?post=2400"}],"curies":[{"name":"wp","href":"https:\/\/api.w.org\/{rel}","templated":true}]}}