{"id":2421,"date":"2024-04-06T13:58:32","date_gmt":"2024-04-06T16:58:32","guid":{"rendered":"https:\/\/calordehogartejidos.com\/?post_type=product&#038;p=2421"},"modified":"2025-10-07T10:56:25","modified_gmt":"2025-10-07T13:56:25","slug":"taller-amigurumis-avanzado-muneca-boo-monster-inc","status":"publish","type":"product","link":"https:\/\/calordehogartejidos.com\/index.php\/product\/taller-amigurumis-avanzado-muneca-boo-monster-inc\/","title":{"rendered":"Taller Amigurumis Avanzado: Mu\u00f1eca Boo (Monster Inc)"},"content":{"rendered":"<p>Este TALLER est\u00e1 especialmente preparado para aquellas personas que <strong>ya han realizado el Taller de Amigurumis B\u00e1sico<\/strong> o que tengan los conocimientos del mismo.<\/p>\n<p>Aprender\u00e1s a tejer esta adorable mu\u00f1eca Boo en amigurumi, utilizando t\u00e9cnicas b\u00e1sicas de crochet.<br \/>\nSeguir\u00e1s un patr\u00f3n paso a paso y se cubrir\u00e1n t\u00e9cnicas como el anillo m\u00e1gico, puntos bajos, aumentos y disminuciones, as\u00ed como el montaje y acabado de la mu\u00f1eca.<\/p>\n<p>Tama\u00f1o final: 22 a 24 cm de alto.<\/p>\n<p>El Taller se encuentra en la <strong>plataforma web<\/strong> donde encontrar\u00e1s todo el material escrito paso a paso, videos e im\u00e1genes que te ayudar\u00e1n a poder realizarlo, y <strong>un seguimiento personalizado a trav\u00e9s de un grupo de WhatsApp<\/strong> en donde podr\u00e1s sacarte todas la dudas que vayan surgiendo&#8230;<\/p>\n<p>Las clases se ir\u00e1n habilitando una vez termines la tarea de la semana, y <strong>acceder\u00e1s a ellas todas las veces que quieras, en el horario que m\u00e1s c\u00f3modo te resulte.<\/strong><\/p>\n<p>Realiz\u00e1 la compra, y <strong>finalizala<\/strong> completando todos tus datos.<br \/>\nTe llegar\u00e1 <strong>un mail<\/strong> que dice que hiciste la compra, y que ten\u00e9s que completar el pago.<\/p>\n<p>Una vez <strong>completado el pago<\/strong>, avisame con un mensaje de <strong>WhatsApp al 1121721970<\/strong>, y te env\u00edo el c\u00f3digo de acceso\u2026<\/p>\n<p>&nbsp;<\/p>\n","protected":false},"excerpt":{"rendered":"<p>Aprend\u00e9 a tejer el adorable personaje Boo de de la pel\u00edcula \u00abMonster Inc\u00bb<\/p>\n<div id=\"gtx-trans\" style=\"position: absolute; left: 100px; top: -16.7847px;\">\n<div class=\"gtx-trans-icon\"><\/div>\n<\/div>\n","protected":false},"featured_media":2422,"template":"","meta":[],"product_brand":[],"product_cat":[18],"product_tag":[],"class_list":{"0":"post-2421","1":"product","2":"type-product","3":"status-publish","4":"has-post-thumbnail","6":"product_cat-cursos","8":"first","9":"instock","10":"shipping-taxable","11":"purchasable","12":"product-type-simple"},"_links":{"self":[{"href":"https:\/\/calordehogartejidos.com\/index.php\/wp-json\/wp\/v2\/product\/2421","targetHints":{"allow":["GET"]}}],"collection":[{"href":"https:\/\/calordehogartejidos.com\/index.php\/wp-json\/wp\/v2\/product"}],"about":[{"href":"https:\/\/calordehogartejidos.com\/index.php\/wp-json\/wp\/v2\/types\/product"}],"wp:featuredmedia":[{"embeddable":true,"href":"https:\/\/calordehogartejidos.com\/index.php\/wp-json\/wp\/v2\/media\/2422"}],"wp:attachment":[{"href":"https:\/\/calordehogartejidos.com\/index.php\/wp-json\/wp\/v2\/media?parent=2421"}],"wp:term":[{"taxonomy":"product_brand","embeddable":true,"href":"https:\/\/calordehogartejidos.com\/index.php\/wp-json\/wp\/v2\/product_brand?post=2421"},{"taxonomy":"product_cat","embeddable":true,"href":"https:\/\/calordehogartejidos.com\/index.php\/wp-json\/wp\/v2\/product_cat?post=2421"},{"taxonomy":"product_tag","embeddable":true,"href":"https:\/\/calordehogartejidos.com\/index.php\/wp-json\/wp\/v2\/product_tag?post=2421"}],"curies":[{"name":"wp","href":"https:\/\/api.w.org\/{rel}","templated":true}]}}