{"id":2467,"date":"2024-04-22T21:18:38","date_gmt":"2024-04-23T00:18:38","guid":{"rendered":"https:\/\/calordehogartejidos.com\/?post_type=product&#038;p=2467"},"modified":"2024-06-15T14:31:43","modified_gmt":"2024-06-15T17:31:43","slug":"patron-torta-sorpresa","status":"publish","type":"product","link":"https:\/\/calordehogartejidos.com\/index.php\/product\/patron-torta-sorpresa\/","title":{"rendered":"Patr\u00f3n: Torta Sorpresa!"},"content":{"rendered":"<p>Patr\u00f3n para descargar.<\/p>\n<p><strong>INCLUYE<\/strong> el paso a paso de las partes, montaje y opciones para variar tus tortitas.<\/p>\n<p>El\u00a0<strong>Patr\u00f3n<\/strong> es para uso personal exclusivamente. Todos los derechos reservados a Calor de Hogar Tejidos.<\/p>\n<p><strong>NO INCLUYE VIDEOS NI TUTORIAS.<\/strong><\/p>\n<p>No hay nada mejor que dar!! Tu apoyo me ayuda a seguir adelante.<br \/>\nSi te gust\u00f3 el patroncito y quer\u00e9s, compartirme un <a href=\"https:\/\/cafecito.app\/calordehogartejidos\">CAFECITO<\/a>.<\/p>\n<p>Argentina:<br \/>\n<a href=\"https:\/\/cafecito.app\/calordehogartejidos\">https:\/\/cafecito.app\/calordehogartejidos<\/a><\/p>\n<p>Paypal<br \/>\n<a href=\"https:\/\/www.paypal.com\/donate?hosted_button_id=53N38H4FSFX86\">https:\/\/www.paypal.com\/donate?hosted_button_id=53N38H4FSFX86<\/a><br \/>\n=========<\/p>\n<p>Gracias, Isa<\/p>\n<p>Hac\u00e9 toda la compra, y te llegar\u00e1 un <strong>mail<\/strong> con el <strong>enlace<\/strong> para <strong>descargarlo.<br \/>\n<em>Recomendaci\u00f3n<\/em><\/strong>: abrir el PDF con el navegador para poder abrir el enlace del video tutorial.<\/p>\n<p><strong>Suscribite<\/strong> a mi <strong>CANAL de YOUTUBE y activa la \ud83d\udd14<\/strong> para recibir las notificaciones y recibir\u00e1s las notificaciones de nuevos tutoriales:<\/p>\n<p><a href=\"https:\/\/youtube.com\/@CalordeHogarTejidos\"><strong>https:\/\/youtube.com\/@CalordeHogarTejidos<\/strong><\/a><\/p>\n<p>Espero que te guste el proyecto y que te animes a hacerlo.<br \/>\nS\u00f3lo necesit\u00e1s conocimientos b\u00e1sicos de amigurumis.<\/p>\n<p>&nbsp;<\/p>\n","protected":false},"excerpt":{"rendered":"<h3><strong><span class=\"OYPEnA text-decoration-none text-strikethrough-none\">Coloc\u00e1 dentro de la tortita\u00a0<\/span><span class=\"OYPEnA text-decoration-none text-strikethrough-none\">una sorpresa bien dulce\u00a0<\/span><span class=\"OYPEnA text-decoration-none text-strikethrough-none\">y tu regalo ya estar\u00e1 listo!<br \/>\n<\/span><\/strong><strong>Est\u00e1 para com\u00e9rsela!<\/strong><\/h3>\n","protected":false},"featured_media":2576,"template":"","meta":[],"product_brand":[],"product_cat":[19],"product_tag":[169,175,200,259,257,256,258],"class_list":{"0":"post-2467","1":"product","2":"type-product","3":"status-publish","4":"has-post-thumbnail","6":"product_cat-patrones","7":"product_tag-calordehogartejidos","8":"product_tag-crochetfacil","9":"product_tag-crochetparaprincipiantes","10":"product_tag-tortaamigurumi","11":"product_tag-tortacaramelero","12":"product_tag-tortasorpresa","13":"product_tag-tortita","15":"first","16":"instock","17":"downloadable","18":"shipping-taxable","19":"purchasable","20":"product-type-simple"},"_links":{"self":[{"href":"https:\/\/calordehogartejidos.com\/index.php\/wp-json\/wp\/v2\/product\/2467","targetHints":{"allow":["GET"]}}],"collection":[{"href":"https:\/\/calordehogartejidos.com\/index.php\/wp-json\/wp\/v2\/product"}],"about":[{"href":"https:\/\/calordehogartejidos.com\/index.php\/wp-json\/wp\/v2\/types\/product"}],"wp:featuredmedia":[{"embeddable":true,"href":"https:\/\/calordehogartejidos.com\/index.php\/wp-json\/wp\/v2\/media\/2576"}],"wp:attachment":[{"href":"https:\/\/calordehogartejidos.com\/index.php\/wp-json\/wp\/v2\/media?parent=2467"}],"wp:term":[{"taxonomy":"product_brand","embeddable":true,"href":"https:\/\/calordehogartejidos.com\/index.php\/wp-json\/wp\/v2\/product_brand?post=2467"},{"taxonomy":"product_cat","embeddable":true,"href":"https:\/\/calordehogartejidos.com\/index.php\/wp-json\/wp\/v2\/product_cat?post=2467"},{"taxonomy":"product_tag","embeddable":true,"href":"https:\/\/calordehogartejidos.com\/index.php\/wp-json\/wp\/v2\/product_tag?post=2467"}],"curies":[{"name":"wp","href":"https:\/\/api.w.org\/{rel}","templated":true}]}}