{"id":2716,"date":"2024-07-11T17:26:50","date_gmt":"2024-07-11T20:26:50","guid":{"rendered":"https:\/\/calordehogartejidos.com\/?post_type=product&#038;p=2716"},"modified":"2025-06-04T17:14:26","modified_gmt":"2025-06-04T20:14:26","slug":"cuello-con-capucha-para-papa-2-en-1","status":"publish","type":"product","link":"https:\/\/calordehogartejidos.com\/index.php\/product\/cuello-con-capucha-para-papa-2-en-1\/","title":{"rendered":"Cuello con Capucha Unisex 2 en 1"},"content":{"rendered":"<p><strong>GU\u00cdA DE CROCHET NIVEL:<\/strong> medio<\/p>\n<p><strong>TAMA\u00d1O:<\/strong><\/p>\n<blockquote><p><span class=\"OYPEnA text-decoration-none text-strikethrough-none\"><em><strong>CUELLO:<\/strong><\/em> 60 cm de contorno por 20 cm altura<br \/>\n<\/span><span class=\"OYPEnA text-decoration-none text-strikethrough-none\"><em><strong>CAPUCHA:<\/strong><\/em> 38 a 40 cm de ancho + borde, por 32 cm largo<\/span><\/p><\/blockquote>\n<p><strong>2 OPCIONES en UNA:<\/strong> Cuello o Cuello con Capucha<\/p>\n<p><strong>GU\u00cdA DE TEJIDO<\/strong>, 13 p\u00e1ginas con el paso a paso en formato <strong>PDF\u00a0<\/strong>con <strong>texto<\/strong>, <strong>fotos<\/strong>, <strong>diagramas<\/strong>, 4 <strong>videos<\/strong> tutoriales y todo lo necesario para que puedas hacerlo.<\/p>\n<p><strong>Para adquirir la GU\u00cdA&#8230;<\/strong><\/p>\n<p>Realiz\u00e1 la compra, y <strong>FINALIZALA<\/strong> completando todos tus <strong>datos<\/strong>.<br \/>\nTe llegar\u00e1 <strong>un mail<\/strong> que dice que hiciste la compra, y que ten\u00e9s que completar el pago.<\/p>\n<p><strong>PAGOS desde el EXTERIOR:<\/strong><\/p>\n<ul>\n<li><strong>Por PAYPAL<\/strong><\/li>\n<li><strong>Para Transferencia Bancaria desde el exterior, a\u00f1ad\u00ed al carrito, finaliz\u00e1 la compra y seleccion\u00e1 transferencia bancaria. En el pedido te aparecer\u00e1n los datos para el DEP\u00d3SITO desde el EXTERIOR.<br \/>\n<\/strong><strong>Una vez realizado el pago enviar el comprobante por mensaje de whatsapp al 1121721970<\/strong><\/li>\n<li><strong>POR WESTERN UNION pedir datos por WhatsApp al 1121721970<\/strong><\/li>\n<\/ul>\n<p>&nbsp;<\/p>\n","protected":false},"excerpt":{"rendered":"<p><span class=\"OYPEnA text-decoration-none text-strikethrough-none\">Regalale algo hecho por vos!!<\/span><\/p>\n<div id=\"gtx-trans\" style=\"position: absolute; left: 112px; top: 32.2153px;\">\n<div class=\"gtx-trans-icon\"><\/div>\n<\/div>\n","protected":false},"featured_media":2764,"template":"","meta":[],"product_brand":[],"product_cat":[32],"product_tag":[255,252,250,253,251,267],"class_list":{"0":"post-2716","1":"product","2":"type-product","3":"status-publish","4":"has-post-thumbnail","6":"product_cat-guias-de-tejido","7":"product_tag-crochetparapapa","8":"product_tag-cuello","9":"product_tag-cuello-con-capucha","10":"product_tag-cuelloacrochet","11":"product_tag-cuelloconcapucha","12":"product_tag-cuelloconcapuchacrochet","14":"first","15":"instock","16":"downloadable","17":"shipping-taxable","18":"purchasable","19":"product-type-simple"},"_links":{"self":[{"href":"https:\/\/calordehogartejidos.com\/index.php\/wp-json\/wp\/v2\/product\/2716","targetHints":{"allow":["GET"]}}],"collection":[{"href":"https:\/\/calordehogartejidos.com\/index.php\/wp-json\/wp\/v2\/product"}],"about":[{"href":"https:\/\/calordehogartejidos.com\/index.php\/wp-json\/wp\/v2\/types\/product"}],"wp:featuredmedia":[{"embeddable":true,"href":"https:\/\/calordehogartejidos.com\/index.php\/wp-json\/wp\/v2\/media\/2764"}],"wp:attachment":[{"href":"https:\/\/calordehogartejidos.com\/index.php\/wp-json\/wp\/v2\/media?parent=2716"}],"wp:term":[{"taxonomy":"product_brand","embeddable":true,"href":"https:\/\/calordehogartejidos.com\/index.php\/wp-json\/wp\/v2\/product_brand?post=2716"},{"taxonomy":"product_cat","embeddable":true,"href":"https:\/\/calordehogartejidos.com\/index.php\/wp-json\/wp\/v2\/product_cat?post=2716"},{"taxonomy":"product_tag","embeddable":true,"href":"https:\/\/calordehogartejidos.com\/index.php\/wp-json\/wp\/v2\/product_tag?post=2716"}],"curies":[{"name":"wp","href":"https:\/\/api.w.org\/{rel}","templated":true}]}}