{"id":2859,"date":"2024-10-14T15:02:06","date_gmt":"2024-10-14T18:02:06","guid":{"rendered":"https:\/\/calordehogartejidos.com\/?post_type=product&#038;p=2859"},"modified":"2025-06-04T17:24:23","modified_gmt":"2025-06-04T20:24:23","slug":"bajo-plato-y-apoya-vaso-navideno-guia-de-tejido","status":"publish","type":"product","link":"https:\/\/calordehogartejidos.com\/index.php\/product\/bajo-plato-y-apoya-vaso-navideno-guia-de-tejido\/","title":{"rendered":"Bajo Plato y Apoya Vaso Navide\u00f1o &#8211; Gu\u00eda de Tejido"},"content":{"rendered":"<p><strong>NIVEL:<\/strong> b\u00e1sico\u00a0 a medio<\/p>\n<p><em><strong>Materiales:<\/strong><\/em><\/p>\n<ul>\n<li>Hilos de algod\u00f3n 8\/6 (colores a elecci\u00f3n).<\/li>\n<li>Hilo dorado\/plateado (sugiero Nettuno, Moroco, Sherazade, Acrilux, Luxury) &#8211; Opcional<\/li>\n<li>Pegamento universal o de silicona liquida<\/li>\n<\/ul>\n<p>Tendr\u00e1s el <strong>Paso a<\/strong> <strong>Paso en formato<\/strong> <strong>PDF: paso a paso, im\u00e1genes, diagramas, fotos y videos <\/strong>que te ayudar\u00e1n a poder realizarlo. <strong>TODO desde el inicio hasta el acabado, con consejos \u00fatiles y trucos para tu mesa se vea espectacular estas fiestas!!<br \/>\n<\/strong><\/p>\n<p><strong>Para adquirir la GU\u00cdA&#8230;<\/strong><\/p>\n<p>Realiz\u00e1 la compra, y <strong>FINALIZALA<\/strong> completando todos tus <strong>datos<\/strong>.<br \/>\nTe llegar\u00e1 <strong>un mail<\/strong> que dice que hiciste la compra, y que ten\u00e9s que completar el pago.<\/p>\n<p><strong>PAGOS desde el EXTERIOR:<\/strong><\/p>\n<ul>\n<li><strong>Por PAYPAL<\/strong><\/li>\n<li><strong>Para Transferencia Bancaria desde el exterior, a\u00f1ad\u00ed al carrito, finaliz\u00e1 la compra y seleccion\u00e1 transferencia bancaria. En el pedido te aparecer\u00e1n los datos para el DEP\u00d3SITO desde el EXTERIOR.<br \/>\n<\/strong><strong>Una vez realizado el pago enviar el comprobante por mensaje de whatsapp al 1121721970<\/strong><\/li>\n<li><strong>POR WESTERN UNION pedir datos por WhatsApp al 1121721970<\/strong><\/li>\n<\/ul>\n<p>NO ES EL PRODUCTO TERMINADO<\/p>\n<p><strong>PAGO POR WESTERN UNION pedir datos por WhatsApp al 1121721970<\/strong><\/p>\n<p>&nbsp;<\/p>\n","protected":false},"excerpt":{"rendered":"<p>Deslumbr\u00e1 a tus invitados en estas fiestas!<\/p>\n","protected":false},"featured_media":2862,"template":"","meta":[],"product_brand":[],"product_cat":[32],"product_tag":[280,279,91,151,93,222],"class_list":{"0":"post-2859","1":"product","2":"type-product","3":"status-publish","4":"has-post-thumbnail","6":"product_cat-guias-de-tejido","7":"product_tag-bajoarbolnavideno","8":"product_tag-carpetitanavidena","9":"product_tag-deconavidena","10":"product_tag-decoracion","11":"product_tag-navidad","12":"product_tag-posavasonavideno","14":"first","15":"instock","16":"downloadable","17":"shipping-taxable","18":"purchasable","19":"product-type-simple"},"_links":{"self":[{"href":"https:\/\/calordehogartejidos.com\/index.php\/wp-json\/wp\/v2\/product\/2859","targetHints":{"allow":["GET"]}}],"collection":[{"href":"https:\/\/calordehogartejidos.com\/index.php\/wp-json\/wp\/v2\/product"}],"about":[{"href":"https:\/\/calordehogartejidos.com\/index.php\/wp-json\/wp\/v2\/types\/product"}],"wp:featuredmedia":[{"embeddable":true,"href":"https:\/\/calordehogartejidos.com\/index.php\/wp-json\/wp\/v2\/media\/2862"}],"wp:attachment":[{"href":"https:\/\/calordehogartejidos.com\/index.php\/wp-json\/wp\/v2\/media?parent=2859"}],"wp:term":[{"taxonomy":"product_brand","embeddable":true,"href":"https:\/\/calordehogartejidos.com\/index.php\/wp-json\/wp\/v2\/product_brand?post=2859"},{"taxonomy":"product_cat","embeddable":true,"href":"https:\/\/calordehogartejidos.com\/index.php\/wp-json\/wp\/v2\/product_cat?post=2859"},{"taxonomy":"product_tag","embeddable":true,"href":"https:\/\/calordehogartejidos.com\/index.php\/wp-json\/wp\/v2\/product_tag?post=2859"}],"curies":[{"name":"wp","href":"https:\/\/api.w.org\/{rel}","templated":true}]}}