{"id":2889,"date":"2024-11-01T09:00:30","date_gmt":"2024-11-01T12:00:30","guid":{"rendered":"https:\/\/calordehogartejidos.com\/?post_type=product&#038;p=2889"},"modified":"2025-06-04T17:24:04","modified_gmt":"2025-06-04T20:24:04","slug":"pinito-con-flecos-guia-de-tejido","status":"publish","type":"product","link":"https:\/\/calordehogartejidos.com\/index.php\/product\/pinito-con-flecos-guia-de-tejido\/","title":{"rendered":"Pinito con Flecos &#8211; Gu\u00eda de Tejido de amigurumi"},"content":{"rendered":"<p>Aprend\u00e9 a tejer un encantador pinito navide\u00f1o con flequitos a crochet.<br \/>\nUn proyecto f\u00e1cil y divertido que puedes hacer en poco tiempo.<br \/>\nIdeal para decorar tu hogar y crear un hermoso rinc\u00f3n navide\u00f1o.<\/p>\n<p>\u00a1No olvides acompa\u00f1arlo con casitas y luces para un toque m\u00e1gico!<\/p>\n<p><strong>NIVEL:<\/strong> b\u00e1sico\u00a0 a medio<\/p>\n<p><em><strong>Materiales:<\/strong><\/em><\/p>\n<div>\n<ul>\n<li>Hilos de algod\u00f3n semigrueso (8\/6) o 8\/3: crudo, verde, natural, amarillo, a elecci\u00f3n.<\/li>\n<li>Aguja de crochet: 3 mm o 3.5 mm.<\/li>\n<li>Soporte para pino.<\/li>\n<li>Estrellita de madera o tejida.<\/li>\n<li>Pegamento universal o silicona l\u00edquida y un trozo de cart\u00f3n.<\/li>\n<\/ul>\n<\/div>\n<p>Tendr\u00e1s el <strong>Paso a<\/strong> <strong>Paso en formato<\/strong> <strong>PDF: paso a paso, im\u00e1genes, diagramas, fotos y videos <\/strong>que te ayudar\u00e1n a poder realizarlo. <strong>TODO desde el inicio hasta el acabado, TIPS y consejos \u00fatiles.<br \/>\n<\/strong><\/p>\n<p><strong>Para adquirir la GU\u00cdA&#8230;<\/strong><\/p>\n<p>Realiz\u00e1 la compra, y <strong>FINALIZALA<\/strong> completando todos tus <strong>datos<\/strong>.<br \/>\nTe llegar\u00e1 <strong>un mail<\/strong> que dice que hiciste la compra, y que ten\u00e9s que completar el pago.<\/p>\n<p><strong>PAGOS desde el EXTERIOR:<\/strong><\/p>\n<ul>\n<li><strong>Por PAYPAL<\/strong><\/li>\n<li><strong>Para Transferencia Bancaria desde el exterior, a\u00f1ad\u00ed al carrito, finaliz\u00e1 la compra y seleccion\u00e1 transferencia bancaria. En el pedido te aparecer\u00e1n los datos para el DEP\u00d3SITO desde el EXTERIOR.<br \/>\n<\/strong><strong>Una vez realizado el pago enviar el comprobante por mensaje de whatsapp al 1121721970<\/strong><\/li>\n<li><strong>POR WESTERN UNION pedir datos por WhatsApp al 1121721970<\/strong><\/li>\n<\/ul>\n<p>NO ES EL PRODUCTO TERMINADO<\/p>\n<p><strong>PAGO POR WESTERN UNION pedir datos por WhatsApp al 1121721970<\/strong><\/p>\n<p>&nbsp;<\/p>\n","protected":false},"excerpt":{"rendered":"<p>Decor\u00e1 tu \u00e1rbol con este adornito y sorprend\u00e9 a los ni\u00f1os!<\/p>\n","protected":false},"featured_media":2890,"template":"","meta":[],"product_brand":[],"product_cat":[32],"product_tag":[91,151,93,285,286,155],"class_list":{"0":"post-2889","1":"product","2":"type-product","3":"status-publish","4":"has-post-thumbnail","6":"product_cat-guias-de-tejido","7":"product_tag-deconavidena","8":"product_tag-decoracion","9":"product_tag-navidad","10":"product_tag-pinito","11":"product_tag-pinitoacrochet","12":"product_tag-pinitonavideno","14":"first","15":"instock","16":"downloadable","17":"shipping-taxable","18":"purchasable","19":"product-type-simple"},"_links":{"self":[{"href":"https:\/\/calordehogartejidos.com\/index.php\/wp-json\/wp\/v2\/product\/2889","targetHints":{"allow":["GET"]}}],"collection":[{"href":"https:\/\/calordehogartejidos.com\/index.php\/wp-json\/wp\/v2\/product"}],"about":[{"href":"https:\/\/calordehogartejidos.com\/index.php\/wp-json\/wp\/v2\/types\/product"}],"wp:featuredmedia":[{"embeddable":true,"href":"https:\/\/calordehogartejidos.com\/index.php\/wp-json\/wp\/v2\/media\/2890"}],"wp:attachment":[{"href":"https:\/\/calordehogartejidos.com\/index.php\/wp-json\/wp\/v2\/media?parent=2889"}],"wp:term":[{"taxonomy":"product_brand","embeddable":true,"href":"https:\/\/calordehogartejidos.com\/index.php\/wp-json\/wp\/v2\/product_brand?post=2889"},{"taxonomy":"product_cat","embeddable":true,"href":"https:\/\/calordehogartejidos.com\/index.php\/wp-json\/wp\/v2\/product_cat?post=2889"},{"taxonomy":"product_tag","embeddable":true,"href":"https:\/\/calordehogartejidos.com\/index.php\/wp-json\/wp\/v2\/product_tag?post=2889"}],"curies":[{"name":"wp","href":"https:\/\/api.w.org\/{rel}","templated":true}]}}