{"id":289,"date":"2023-11-06T00:00:52","date_gmt":"2023-11-06T03:00:52","guid":{"rendered":"https:\/\/calordehogartejidos.com\/?post_type=product&#038;p=289"},"modified":"2025-10-07T10:54:50","modified_gmt":"2025-10-07T13:54:50","slug":"taller-de-amigurumis-basico","status":"publish","type":"product","link":"https:\/\/calordehogartejidos.com\/index.php\/product\/taller-de-amigurumis-basico\/","title":{"rendered":"Taller de Amigurumis B\u00e1sico"},"content":{"rendered":"<p>\u00bfQuer\u00e9s aprender a tejer mu\u00f1ecos desde el comienzo?<br \/>\nAprend\u00e9 <strong>desde tu casa y en el horario que m\u00e1s c\u00f3modo te quede<\/strong>.<\/p>\n<p>Solo necesit\u00e1s tener conocimientos<strong><em> b\u00e1sicos de crochet<\/em><\/strong> : cadenas, medio punto y punto deslizado principalmente.<\/p>\n<p>Algunos de los temas que ver\u00e1s son:<\/p>\n<ul>\n<li>Los nombres de los puntos \/ s\u00edmbolos<\/li>\n<li>Aumentos y disminuciones en amigurumis<\/li>\n<li>Anillo magico<\/li>\n<li>Anatomia de una esfera<\/li>\n<li>Diferentes maneras de unir piezas<\/li>\n<li>Derecho y reves de una pieza<\/li>\n<li>Cierre perfecto<\/li>\n<li>Cambios de color<\/li>\n<\/ul>\n<p>El Taller estar\u00e1 disponible en el sitio web. Ah\u00ed vas a encontrar todo el material en formato de texto, im\u00e1genes y videos explicado paso a paso todo.<\/p>\n<p>Los 2 PROYECTOS que vas a realizar son: una pelota antiestr\u00e9s y una tortuguita.<\/p>\n<p><strong>Seguimiento personalizado, preguntas, tareas, todo ser\u00e1 a trav\u00e9s de un grupo de whatsapp.<\/strong><\/p>\n<p>Las clases se habilitar\u00e1n una vez por semana y quedar\u00e1 disponible hasta el final del taller.<\/p>\n<hr \/>\n<p>&nbsp;<\/p>\n<p><em><strong>\u00bfNO SAB\u00c9S TEJER A CROCHET&#8230;?<\/strong><\/em><br \/>\nEntonces ten\u00e9s un taller previo de <em><strong>3 clases<\/strong><\/em> <strong>\u00abIntroducci\u00f3n al Amigurumi\u00bb<\/strong>, en donde podr\u00e1s dar esos primeros pasos.<\/p>\n<hr \/>\n<p><strong>\u00bfC\u00d3MO TE INSCRIB\u00cdS?<\/strong><\/p>\n<p>Realiz\u00e1 la compra, y <strong>finalizala<\/strong> completando todos tus datos.<br \/>\nTe llegar\u00e1 <strong>un mail<\/strong> que dice que hiciste la compra, y que ten\u00e9s que completar el pago.<\/p>\n<p>Una vez <strong>completado el pago<\/strong>, avisame con un mensaje de <strong>WhatsApp al 1121721970<\/strong>, y te env\u00edo el c\u00f3digo de acceso\u2026<\/p>\n<p>Nadie sabe lo que puede alcanzar hasta que lo intenta!!!<\/p>\n<p>Isa<\/p>\n","protected":false},"excerpt":{"rendered":"<p>Peque\u00f1o taller de 4 clases en el que aprender\u00e1s desde el inicio los conceptos b\u00e1sicos para hacer Amigurumis.<\/p>\n<p>Muchas ya se animaron y est\u00e1n felices de poder tener las herramientas necesarias.<\/p>\n<p>Una vez completada la inscripci\u00f3n, recibir\u00e1s el c\u00f3digo de acceso al curso&#8230;<\/p>\n","protected":false},"featured_media":2233,"template":"","meta":[],"product_brand":[],"product_cat":[18],"product_tag":[40,42,48,38,39],"class_list":{"0":"post-289","1":"product","2":"type-product","3":"status-publish","4":"has-post-thumbnail","6":"product_cat-cursos","7":"product_tag-amigurumis-basico","8":"product_tag-amigurumis-desde-cero","9":"product_tag-amigurumis-principiantes","10":"product_tag-taller-amigurumis","11":"product_tag-teje-amigurumis","13":"first","14":"instock","15":"shipping-taxable","16":"purchasable","17":"product-type-simple"},"_links":{"self":[{"href":"https:\/\/calordehogartejidos.com\/index.php\/wp-json\/wp\/v2\/product\/289","targetHints":{"allow":["GET"]}}],"collection":[{"href":"https:\/\/calordehogartejidos.com\/index.php\/wp-json\/wp\/v2\/product"}],"about":[{"href":"https:\/\/calordehogartejidos.com\/index.php\/wp-json\/wp\/v2\/types\/product"}],"wp:featuredmedia":[{"embeddable":true,"href":"https:\/\/calordehogartejidos.com\/index.php\/wp-json\/wp\/v2\/media\/2233"}],"wp:attachment":[{"href":"https:\/\/calordehogartejidos.com\/index.php\/wp-json\/wp\/v2\/media?parent=289"}],"wp:term":[{"taxonomy":"product_brand","embeddable":true,"href":"https:\/\/calordehogartejidos.com\/index.php\/wp-json\/wp\/v2\/product_brand?post=289"},{"taxonomy":"product_cat","embeddable":true,"href":"https:\/\/calordehogartejidos.com\/index.php\/wp-json\/wp\/v2\/product_cat?post=289"},{"taxonomy":"product_tag","embeddable":true,"href":"https:\/\/calordehogartejidos.com\/index.php\/wp-json\/wp\/v2\/product_tag?post=289"}],"curies":[{"name":"wp","href":"https:\/\/api.w.org\/{rel}","templated":true}]}}