{"id":290,"date":"2023-11-06T17:00:20","date_gmt":"2023-11-06T20:00:20","guid":{"rendered":"https:\/\/calordehogartejidos.com\/?post_type=product&#038;p=290"},"modified":"2025-06-04T17:03:47","modified_gmt":"2025-06-04T20:03:47","slug":"5-introduccion-al-amigurumi","status":"publish","type":"product","link":"https:\/\/calordehogartejidos.com\/index.php\/product\/5-introduccion-al-amigurumi\/","title":{"rendered":"Introducci\u00f3n al Amigurumi"},"content":{"rendered":"<p>En este peque\u00f1o <strong>taller de 3 clases<\/strong> te introducir\u00e1s en el mundo del<strong> Crochet.<\/strong><\/p>\n<p>Aprender\u00e1s a tomar la aguja, el hilo, a hacer punto cadena, medio punto, punto deslizado y punto vareta. Tambi\u00e9n aprender\u00e1s a tejer un c\u00edrculo perfecto.<br \/>\nProyecto: apoya vaso floral.<\/p>\n<p>El Taller estar\u00e1 disponible <strong>en el sitio web<\/strong>. Ah\u00ed vas a encontrar todo el material en formato de texto, im\u00e1genes y videos explicado paso a paso todo. <strong>Seguimiento personalizado, preguntas, tareas, todo ser\u00e1 a trav\u00e9s de un grupo de whatsapp.<\/strong><\/p>\n<p>Las clases se habilitar\u00e1n una vez por semana y quedar\u00e1 disponible hasta el final del taller.<\/p>\n<p>Una vez que termines este taller pod\u00e9s iniciar el taller de <strong>AMIGURUMI B\u00c1SICO<\/strong>.<\/p>\n<hr \/>\n<p>&nbsp;<\/p>\n<p><strong>\u00bfC\u00d3MO TE INSCRIB\u00cdS?<\/strong><\/p>\n<p>Realiz\u00e1 la compra, y <strong>finalizala<\/strong> completando todos tus datos.<br \/>\nTe llegar\u00e1 <strong>un mail<\/strong> que dice que hiciste la compra, y que ten\u00e9s que completar el pago.<\/p>\n<p>Una vez <strong>completado el pago<\/strong>, avisame con un mensaje de <strong>WhatsApp al 1121721970<\/strong>, y te env\u00edo el c\u00f3digo de acceso\u2026<\/p>\n<p>Nadie sabe lo que puede alcanzar hasta que lo intenta!!!<\/p>\n<p>Isa<\/p>\n","protected":false},"excerpt":{"rendered":"<p>Taller para principiantes.<br \/>\nPrimeros pasos en el tejido a crochet que te dar\u00e1 las herramientas necesarias para realizar el Taller de AMIGURUMIS B\u00c1SICO.<\/p>\n<p>Una vez completada la inscripci\u00f3n, recibir\u00e1s el c\u00f3digo de acceso al curso&#8230;<\/p>\n","protected":false},"featured_media":2235,"template":"","meta":[],"product_brand":[],"product_cat":[18],"product_tag":[42,48,49,39,47],"class_list":{"0":"post-290","1":"product","2":"type-product","3":"status-publish","4":"has-post-thumbnail","6":"product_cat-cursos","7":"product_tag-amigurumis-desde-cero","8":"product_tag-amigurumis-principiantes","9":"product_tag-taller-introductorio-amigurumis","10":"product_tag-teje-amigurumis","11":"product_tag-tejido-basico","13":"first","14":"instock","15":"shipping-taxable","16":"purchasable","17":"product-type-simple"},"_links":{"self":[{"href":"https:\/\/calordehogartejidos.com\/index.php\/wp-json\/wp\/v2\/product\/290","targetHints":{"allow":["GET"]}}],"collection":[{"href":"https:\/\/calordehogartejidos.com\/index.php\/wp-json\/wp\/v2\/product"}],"about":[{"href":"https:\/\/calordehogartejidos.com\/index.php\/wp-json\/wp\/v2\/types\/product"}],"wp:featuredmedia":[{"embeddable":true,"href":"https:\/\/calordehogartejidos.com\/index.php\/wp-json\/wp\/v2\/media\/2235"}],"wp:attachment":[{"href":"https:\/\/calordehogartejidos.com\/index.php\/wp-json\/wp\/v2\/media?parent=290"}],"wp:term":[{"taxonomy":"product_brand","embeddable":true,"href":"https:\/\/calordehogartejidos.com\/index.php\/wp-json\/wp\/v2\/product_brand?post=290"},{"taxonomy":"product_cat","embeddable":true,"href":"https:\/\/calordehogartejidos.com\/index.php\/wp-json\/wp\/v2\/product_cat?post=290"},{"taxonomy":"product_tag","embeddable":true,"href":"https:\/\/calordehogartejidos.com\/index.php\/wp-json\/wp\/v2\/product_tag?post=290"}],"curies":[{"name":"wp","href":"https:\/\/api.w.org\/{rel}","templated":true}]}}