{"id":2910,"date":"2024-11-22T06:00:57","date_gmt":"2024-11-22T09:00:57","guid":{"rendered":"https:\/\/calordehogartejidos.com\/?post_type=product&#038;p=2910"},"modified":"2025-06-04T17:24:41","modified_gmt":"2025-06-04T20:24:41","slug":"adorno-estrellita-multicolor-guia-de-tejido","status":"publish","type":"product","link":"https:\/\/calordehogartejidos.com\/index.php\/product\/adorno-estrellita-multicolor-guia-de-tejido\/","title":{"rendered":"Adorno Estrellita Multicolor &#8211; Gu\u00eda de Tejido"},"content":{"rendered":"<p><strong>NIVEL:<\/strong> b\u00e1sico\u00a0 a medio<\/p>\n<p><em><strong>Materiales:<\/strong><\/em><\/p>\n<ul>\n<li class=\"cvGsUA direction-ltr align-start para-style-body\"><span class=\"OYPEnA font-feature-liga-off font-feature-clig-off font-feature-calt-off text-decoration-none text-strikethrough-none\">Hilo de algod\u00f3n semigrueso (8\/6) 4 a 5 colores<\/span><\/li>\n<li class=\"cvGsUA direction-ltr align-start para-style-body\"><span class=\"OYPEnA font-feature-liga-off font-feature-clig-off font-feature-calt-off text-decoration-none text-strikethrough-none\">Hilo dorado para colgar (opcional)<\/span><\/li>\n<li class=\"cvGsUA direction-ltr align-start para-style-body\"><span class=\"OYPEnA font-feature-liga-off font-feature-clig-off font-feature-calt-off text-decoration-none text-strikethrough-none\">Aguja de crochet: 3 mm<\/span><\/li>\n<li class=\"cvGsUA direction-ltr align-start para-style-body\"><span class=\"OYPEnA font-feature-liga-off font-feature-clig-off font-feature-calt-off text-decoration-none text-strikethrough-none\">Vell\u00f3n siliconado<\/span><\/li>\n<li class=\"cvGsUA direction-ltr align-start para-style-body\"><span class=\"OYPEnA font-feature-liga-off font-feature-clig-off font-feature-calt-off text-decoration-none text-strikethrough-none\">Aguja lanera.<\/span><\/li>\n<\/ul>\n<p>Tendr\u00e1s el <strong>Paso a<\/strong> <strong>Paso en formato<\/strong> <strong>PDF: paso a paso, im\u00e1genes, diagramas, fotos y videos <\/strong>que te ayudar\u00e1n a poder realizarlo. <strong>TODO desde el inicio hasta el acabado, TIPS y consejos \u00fatiles.<br \/>\n<\/strong><\/p>\n<p><strong>Para adquirir la GU\u00cdA&#8230;<\/strong><\/p>\n<p>Realiz\u00e1 la compra, y <strong>FINALIZALA<\/strong> completando todos tus <strong>datos<\/strong>.<br \/>\nTe llegar\u00e1 <strong>un mail<\/strong> que dice que hiciste la compra, y que ten\u00e9s que completar el pago.<\/p>\n<p><strong>PAGOS desde el EXTERIOR:<\/strong><\/p>\n<ul>\n<li><strong>Por PAYPAL<\/strong><\/li>\n<li><strong>Para Transferencia Bancaria desde el exterior, a\u00f1ad\u00ed al carrito, finaliz\u00e1 la compra y seleccion\u00e1 transferencia bancaria. En el pedido te aparecer\u00e1n los datos para el DEP\u00d3SITO desde el EXTERIOR.<br \/>\n<\/strong><strong>Una vez realizado el pago enviar el comprobante por mensaje de whatsapp al 1121721970<\/strong><\/li>\n<li><strong>POR WESTERN UNION pedir datos por WhatsApp al 1121721970<\/strong><\/li>\n<\/ul>\n<p>NO ES EL PRODUCTO TERMINADO<\/p>\n<p><strong>PAGO POR WESTERN UNION pedir datos por WhatsApp al 1121721970<\/strong><\/p>\n<p>&nbsp;<\/p>\n","protected":false},"excerpt":{"rendered":"<p><strong>Cre\u00e1 esta Estrella Navide\u00f1a a Crochet<\/strong><br \/>\nDise\u00f1o Reversible y Multicolor<\/p>\n","protected":false},"featured_media":2911,"template":"","meta":[],"product_brand":[],"product_cat":[32],"product_tag":[288,297,175,287,91,151,299,157,93,298,229,289,300],"class_list":{"0":"post-2910","1":"product","2":"type-product","3":"status-publish","4":"has-post-thumbnail","6":"product_cat-guias-de-tejido","7":"product_tag-christmaslove","8":"product_tag-christmasornaments","9":"product_tag-crochetfacil","10":"product_tag-crochetnavideno","11":"product_tag-deconavidena","12":"product_tag-decoracion","13":"product_tag-estrelladecrochet","14":"product_tag-estrellanavidena","15":"product_tag-navidad","16":"product_tag-navidad2024","17":"product_tag-navidadalcrochet","18":"product_tag-navidadlove","19":"product_tag-starcrochet","21":"first","22":"instock","23":"downloadable","24":"shipping-taxable","25":"purchasable","26":"product-type-simple"},"_links":{"self":[{"href":"https:\/\/calordehogartejidos.com\/index.php\/wp-json\/wp\/v2\/product\/2910","targetHints":{"allow":["GET"]}}],"collection":[{"href":"https:\/\/calordehogartejidos.com\/index.php\/wp-json\/wp\/v2\/product"}],"about":[{"href":"https:\/\/calordehogartejidos.com\/index.php\/wp-json\/wp\/v2\/types\/product"}],"wp:featuredmedia":[{"embeddable":true,"href":"https:\/\/calordehogartejidos.com\/index.php\/wp-json\/wp\/v2\/media\/2911"}],"wp:attachment":[{"href":"https:\/\/calordehogartejidos.com\/index.php\/wp-json\/wp\/v2\/media?parent=2910"}],"wp:term":[{"taxonomy":"product_brand","embeddable":true,"href":"https:\/\/calordehogartejidos.com\/index.php\/wp-json\/wp\/v2\/product_brand?post=2910"},{"taxonomy":"product_cat","embeddable":true,"href":"https:\/\/calordehogartejidos.com\/index.php\/wp-json\/wp\/v2\/product_cat?post=2910"},{"taxonomy":"product_tag","embeddable":true,"href":"https:\/\/calordehogartejidos.com\/index.php\/wp-json\/wp\/v2\/product_tag?post=2910"}],"curies":[{"name":"wp","href":"https:\/\/api.w.org\/{rel}","templated":true}]}}