{"id":2915,"date":"2024-11-27T00:02:27","date_gmt":"2024-11-27T03:02:27","guid":{"rendered":"https:\/\/calordehogartejidos.com\/?post_type=product&#038;p=2915"},"modified":"2025-10-07T11:02:30","modified_gmt":"2025-10-07T14:02:30","slug":"e-book-navideno-2024-calor-de-hogar-tejido-guia-de-tejido","status":"publish","type":"product","link":"https:\/\/calordehogartejidos.com\/index.php\/product\/e-book-navideno-2024-calor-de-hogar-tejido-guia-de-tejido\/","title":{"rendered":"E-Book Navide\u00f1o 2024 Calor de Hogar Tejido &#8211; Gu\u00eda de Tejido"},"content":{"rendered":"<p><strong>NIVEL:<\/strong> b\u00e1sico\u00a0 a medio<\/p>\n<p class=\"cvGsUA direction-ltr align-start para-style-body\"><span class=\"OYPEnA font-feature-liga-off font-feature-clig-off font-feature-calt-off text-decoration-none text-strikethrough-none\">En este<strong> E-Book Navide\u00f1o<\/strong> encontrar\u00e1s en sus <strong>49 p\u00e1ginas<\/strong> en formato PDF: <\/span><strong>paso a paso, im\u00e1genes, diagramas, fotos y 14 videos tutoriales <\/strong>que te ayudar\u00e1n a poder realizarlo. <strong>TODO desde el inicio hasta el acabado, TIPS y consejos \u00fatiles <span class=\"OYPEnA font-feature-liga-off font-feature-clig-off font-feature-calt-off text-decoration-none text-strikethrough-none\">para que con cada uno de los proyectos asombres a tu familia en estas fiestas!!<\/span>.<br \/>\n<\/strong><\/p>\n<p><strong>Para adquirir la GU\u00cdA&#8230;<\/strong><\/p>\n<p>Realiz\u00e1 la compra, y <strong>FINALIZALA<\/strong> completando todos tus <strong>datos<\/strong>.<br \/>\nTe llegar\u00e1 <strong>un mail<\/strong> que dice que hiciste la compra, y que ten\u00e9s que completar el pago.<\/p>\n<p><strong>PAGOS desde el EXTERIOR:<\/strong><\/p>\n<ul>\n<li><strong>Por PAYPAL<\/strong><\/li>\n<li><strong>Para Transferencia Bancaria desde el exterior, a\u00f1ad\u00ed al carrito, finaliz\u00e1 la compra y seleccion\u00e1 transferencia bancaria. En el pedido te aparecer\u00e1n los datos para el DEP\u00d3SITO desde el EXTERIOR.<br \/>\n<\/strong><strong>Una vez realizado el pago enviar el comprobante por mensaje de whatsapp al 1121721970<\/strong><\/li>\n<li><strong>POR WESTERN UNION pedir datos por WhatsApp al 1121721970<\/strong><\/li>\n<\/ul>\n<p>NO ES EL PRODUCTO TERMINADO<\/p>\n<p><strong>PAGO POR WESTERN UNION pedir datos por WhatsApp al 1121721970<\/strong><\/p>\n<p>&nbsp;<\/p>\n","protected":false},"excerpt":{"rendered":"<p><b>Decor\u00e1 tu casa con tu propia decoraci\u00f3n navide\u00f1a y sorprend\u00e9 a los tuyos!!<\/b><\/p>\n","protected":false},"featured_media":2925,"template":"","meta":[],"product_brand":[],"product_cat":[32],"product_tag":[305,301,303,302,288,297,175,287,91,151,307,93,298,229,289,94,285,306,296,304],"class_list":{"0":"post-2915","1":"product","2":"type-product","3":"status-publish","4":"has-post-thumbnail","6":"product_cat-guias-de-tejido","7":"product_tag-bajoplato","8":"product_tag-bolsitadecrochet","9":"product_tag-bolsitanavidena","10":"product_tag-bolsitasorpresa","11":"product_tag-christmaslove","12":"product_tag-christmasornaments","13":"product_tag-crochetfacil","14":"product_tag-crochetnavideno","15":"product_tag-deconavidena","16":"product_tag-decoracion","17":"product_tag-estrellitas","18":"product_tag-navidad","19":"product_tag-navidad2024","20":"product_tag-navidadalcrochet","21":"product_tag-navidadlove","22":"product_tag-papanoel","23":"product_tag-pinito","24":"product_tag-pinitoconflecos","25":"product_tag-pinitomulticolor","26":"product_tag-renito","28":"first","29":"instock","30":"downloadable","31":"shipping-taxable","32":"purchasable","33":"product-type-simple"},"_links":{"self":[{"href":"https:\/\/calordehogartejidos.com\/index.php\/wp-json\/wp\/v2\/product\/2915","targetHints":{"allow":["GET"]}}],"collection":[{"href":"https:\/\/calordehogartejidos.com\/index.php\/wp-json\/wp\/v2\/product"}],"about":[{"href":"https:\/\/calordehogartejidos.com\/index.php\/wp-json\/wp\/v2\/types\/product"}],"wp:featuredmedia":[{"embeddable":true,"href":"https:\/\/calordehogartejidos.com\/index.php\/wp-json\/wp\/v2\/media\/2925"}],"wp:attachment":[{"href":"https:\/\/calordehogartejidos.com\/index.php\/wp-json\/wp\/v2\/media?parent=2915"}],"wp:term":[{"taxonomy":"product_brand","embeddable":true,"href":"https:\/\/calordehogartejidos.com\/index.php\/wp-json\/wp\/v2\/product_brand?post=2915"},{"taxonomy":"product_cat","embeddable":true,"href":"https:\/\/calordehogartejidos.com\/index.php\/wp-json\/wp\/v2\/product_cat?post=2915"},{"taxonomy":"product_tag","embeddable":true,"href":"https:\/\/calordehogartejidos.com\/index.php\/wp-json\/wp\/v2\/product_tag?post=2915"}],"curies":[{"name":"wp","href":"https:\/\/api.w.org\/{rel}","templated":true}]}}