{"id":2927,"date":"2024-12-13T16:36:29","date_gmt":"2024-12-13T19:36:29","guid":{"rendered":"https:\/\/calordehogartejidos.com\/?post_type=product&#038;p=2927"},"modified":"2025-06-04T17:23:49","modified_gmt":"2025-06-04T20:23:49","slug":"bolsitas-de-sorpresas-navidenas-guia-de-tejido","status":"publish","type":"product","link":"https:\/\/calordehogartejidos.com\/index.php\/product\/bolsitas-de-sorpresas-navidenas-guia-de-tejido\/","title":{"rendered":"Bolsitas de Sorpresas Navide\u00f1as &#8211; Gu\u00eda de Tejido"},"content":{"rendered":"<p><strong>NIVEL:<\/strong> b\u00e1sico\u00a0 a medio<\/p>\n<p>Tendr\u00e1s el <strong>Paso a<\/strong> <strong>Paso en formato<\/strong> <strong>PDF: paso a paso, im\u00e1genes, diagramas, fotos y videos <\/strong>que te ayudar\u00e1n a poder realizarlo. <strong>TODO desde el inicio hasta el acabado, TIPS y consejos \u00fatiles.<\/strong><\/p>\n<p><strong>Para adquirir la GU\u00cdA&#8230;<\/strong><\/p>\n<p>Realiz\u00e1 la compra, y <strong>FINALIZALA<\/strong> completando todos tus <strong>datos<\/strong>.<br \/>\nTe llegar\u00e1 <strong>un mail<\/strong> que dice que hiciste la compra, y que ten\u00e9s que completar el pago.<\/p>\n<p><strong>PAGOS desde el EXTERIOR:<\/strong><\/p>\n<ul>\n<li><strong>Por PAYPAL<\/strong><\/li>\n<li><strong>Para Transferencia Bancaria desde el exterior, a\u00f1ad\u00ed al carrito, finaliz\u00e1 la compra y seleccion\u00e1 transferencia bancaria. En el pedido te aparecer\u00e1n los datos para el DEP\u00d3SITO desde el EXTERIOR.<br \/>\n<\/strong><strong>Una vez realizado el pago enviar el comprobante por mensaje de whatsapp al 1121721970<\/strong><\/li>\n<li><strong>POR WESTERN UNION pedir datos por WhatsApp al 1121721970<\/strong><\/li>\n<\/ul>\n<p>NO ES EL PRODUCTO TERMINADO<\/p>\n<p><strong>PAGO POR WESTERN UNION pedir datos por WhatsApp al 1121721970<\/strong><\/p>\n<p>&nbsp;<\/p>\n","protected":false},"excerpt":{"rendered":"<p><strong>Cre\u00e1 estas bolsitas de sorpresas y sorprend\u00e9 con tus regalos!<\/strong><\/p>\n","protected":false},"featured_media":2926,"template":"","meta":[],"product_brand":[],"product_cat":[32],"product_tag":[310,312,311,309,303,283,308,302,288,297,175,287,91,151,93,298,229,289],"class_list":{"0":"post-2927","1":"product","2":"type-product","3":"status-publish","4":"has-post-thumbnail","6":"product_cat-guias-de-tejido","7":"product_tag-apliqueestrella","8":"product_tag-apliquegorrito","9":"product_tag-apliquejengibre","10":"product_tag-apliquepapanoel","11":"product_tag-bolsitanavidena","12":"product_tag-bolsitasdegolosinas","13":"product_tag-bolsitasdesorpresas","14":"product_tag-bolsitasorpresa","15":"product_tag-christmaslove","16":"product_tag-christmasornaments","17":"product_tag-crochetfacil","18":"product_tag-crochetnavideno","19":"product_tag-deconavidena","20":"product_tag-decoracion","21":"product_tag-navidad","22":"product_tag-navidad2024","23":"product_tag-navidadalcrochet","24":"product_tag-navidadlove","26":"first","27":"instock","28":"downloadable","29":"shipping-taxable","30":"purchasable","31":"product-type-simple"},"_links":{"self":[{"href":"https:\/\/calordehogartejidos.com\/index.php\/wp-json\/wp\/v2\/product\/2927","targetHints":{"allow":["GET"]}}],"collection":[{"href":"https:\/\/calordehogartejidos.com\/index.php\/wp-json\/wp\/v2\/product"}],"about":[{"href":"https:\/\/calordehogartejidos.com\/index.php\/wp-json\/wp\/v2\/types\/product"}],"wp:featuredmedia":[{"embeddable":true,"href":"https:\/\/calordehogartejidos.com\/index.php\/wp-json\/wp\/v2\/media\/2926"}],"wp:attachment":[{"href":"https:\/\/calordehogartejidos.com\/index.php\/wp-json\/wp\/v2\/media?parent=2927"}],"wp:term":[{"taxonomy":"product_brand","embeddable":true,"href":"https:\/\/calordehogartejidos.com\/index.php\/wp-json\/wp\/v2\/product_brand?post=2927"},{"taxonomy":"product_cat","embeddable":true,"href":"https:\/\/calordehogartejidos.com\/index.php\/wp-json\/wp\/v2\/product_cat?post=2927"},{"taxonomy":"product_tag","embeddable":true,"href":"https:\/\/calordehogartejidos.com\/index.php\/wp-json\/wp\/v2\/product_tag?post=2927"}],"curies":[{"name":"wp","href":"https:\/\/api.w.org\/{rel}","templated":true}]}}