{"id":359,"date":"2021-08-14T14:54:06","date_gmt":"2021-08-14T17:54:06","guid":{"rendered":"https:\/\/calordehogartejidos.com\/?post_type=product&#038;p=359"},"modified":"2024-04-28T16:12:28","modified_gmt":"2024-04-28T19:12:28","slug":"patron-llama-joaco-amigurumi-es","status":"publish","type":"product","link":"https:\/\/calordehogartejidos.com\/index.php\/product\/patron-llama-joaco-amigurumi-es\/","title":{"rendered":"Patr\u00f3n Llama Joaco Amigurumi (ES)"},"content":{"rendered":"<p>Patr\u00f3n en formato PDF (2 p\u00e1g.)<\/p>\n<p>Nivel: inicial<\/p>\n<p>Peque\u00f1o proyecto para realizar con la t\u00e9cnica de amigurumis, que no mide m\u00e1s de 10 a 12 cm de alto.<\/p>\n<p>No hace falta que seas un virtuoso del crochet, simplemente con saber medio punto, aumentar y disminuir ya pod\u00e9s hacer tu primer proyecto.<\/p>\n<p>Pod\u00e9s utilizar los colores que m\u00e1s te gusten,\u00a0 hac\u00e9 tus propias combinaciones.<\/p>\n<p>No te olvides de <strong>etiquetarme<\/strong> o enviarme una <strong>foto<\/strong> cuando lo realices.<\/p>\n<p>No reproducir ni compartir el patr\u00f3n en ning\u00fan sitio. Pero si pod\u00e9s comercializar su producci\u00f3n.<\/p>\n<p>Una vez que completes la compra, recibir\u00e1s en tu <strong>mail<\/strong> el c\u00f3digo de <strong>acceso para la descarga<\/strong>.<\/p>\n<p>Isabel<\/p>\n","protected":false},"excerpt":{"rendered":"<p>Divertite haciendo esta graciosa llamita Joaco<\/p>\n<p>Una vez que completes la compra, recibir\u00e1s en tu <strong>mail<\/strong> el c\u00f3digo de <strong>acceso para la descarga<\/strong>.<\/p>\n","protected":false},"featured_media":411,"template":"","meta":[],"product_brand":[],"product_cat":[19],"product_tag":[34,36,35,37,33],"class_list":{"0":"post-359","1":"product","2":"type-product","3":"status-publish","4":"has-post-thumbnail","6":"product_cat-patrones","7":"product_tag-amigurumi","8":"product_tag-llama","9":"product_tag-muneco","10":"product_tag-patron","11":"product_tag-patron-amigurumi","13":"first","14":"instock","15":"downloadable","16":"shipping-taxable","17":"purchasable","18":"product-type-simple"},"_links":{"self":[{"href":"https:\/\/calordehogartejidos.com\/index.php\/wp-json\/wp\/v2\/product\/359","targetHints":{"allow":["GET"]}}],"collection":[{"href":"https:\/\/calordehogartejidos.com\/index.php\/wp-json\/wp\/v2\/product"}],"about":[{"href":"https:\/\/calordehogartejidos.com\/index.php\/wp-json\/wp\/v2\/types\/product"}],"wp:featuredmedia":[{"embeddable":true,"href":"https:\/\/calordehogartejidos.com\/index.php\/wp-json\/wp\/v2\/media\/411"}],"wp:attachment":[{"href":"https:\/\/calordehogartejidos.com\/index.php\/wp-json\/wp\/v2\/media?parent=359"}],"wp:term":[{"taxonomy":"product_brand","embeddable":true,"href":"https:\/\/calordehogartejidos.com\/index.php\/wp-json\/wp\/v2\/product_brand?post=359"},{"taxonomy":"product_cat","embeddable":true,"href":"https:\/\/calordehogartejidos.com\/index.php\/wp-json\/wp\/v2\/product_cat?post=359"},{"taxonomy":"product_tag","embeddable":true,"href":"https:\/\/calordehogartejidos.com\/index.php\/wp-json\/wp\/v2\/product_tag?post=359"}],"curies":[{"name":"wp","href":"https:\/\/api.w.org\/{rel}","templated":true}]}}