{"id":3896,"date":"2025-07-11T19:05:04","date_gmt":"2025-07-11T22:05:04","guid":{"rendered":"https:\/\/calordehogartejidos.com\/?post_type=product&#038;p=3896"},"modified":"2025-07-14T17:50:25","modified_gmt":"2025-07-14T20:50:25","slug":"poncho-jardin-de-invierno-6-anos-10-anos-y-talles-de-adultos","status":"publish","type":"product","link":"https:\/\/calordehogartejidos.com\/index.php\/product\/poncho-jardin-de-invierno-6-anos-10-anos-y-talles-de-adultos\/","title":{"rendered":"Poncho Jard\u00edn de Invierno (6 a\u00f1os, 10 a\u00f1os y Talles de Adultos)"},"content":{"rendered":"<p><strong>GU\u00cdA DE CROCHET<\/strong><\/p>\n<p class=\"cvGsUA direction-ltr align-start para-style-body\"><span class=\"OYPEnA font-feature-liga-off font-feature-clig-off font-feature-calt-off text-decoration-none text-strikethrough-none\">Este no es solo un poncho, es una prenda con alma: <\/span><span class=\"OYPEnA font-feature-liga-off font-feature-clig-off font-feature-calt-off text-decoration-none text-strikethrough-none\">pensada para compartir, ense\u00f1ar, y dejar que brote tu creatividad.<br \/>\n<\/span><span class=\"OYPEnA font-feature-liga-off font-feature-clig-off font-feature-calt-off text-decoration-none text-strikethrough-none\">Los puntos \u201c<em><strong>esponjados<\/strong><\/em>\u201d le dar\u00e1n al poncho una ca\u00edda m\u00e1s flu\u00edda y mayor voluminosidad.<\/span><\/p>\n<p><strong>NIVEL:<\/strong> Medio como para crocheters m\u00e1s avanzados.<\/p>\n<p><strong>GU\u00cdA DE TEJIDO de<\/strong>\u00a0<strong>16 p\u00e1ginas<\/strong> con el paso a paso en formato <strong>PDF:<\/strong>\u00a0<strong>texto<\/strong>, <strong>fotos<\/strong>, <strong>diagramas<\/strong>, <strong>tablas de medidas<\/strong>, <strong>10<\/strong> <strong>videos<\/strong> <strong>tutoriale<\/strong>s, TODO desde el inicio hasta el acabado, con consejos \u00fatiles y trucos para que tu poncho luzca espectacular.<br \/>\n<span class=\"OYPEnA font-feature-liga-off font-feature-clig-off font-feature-calt-off text-decoration-none text-strikethrough-none\">Vas a encontrar <strong>medidas orientativas<\/strong> y sugerencias de <strong>adaptaci\u00f3n por talle<\/strong>.<\/span><\/p>\n<p><strong>Para adquirir la GU\u00cdA&#8230;<\/strong><\/p>\n<p>Realiz\u00e1 la compra, y <strong>FINALIZALA<\/strong> completando todos tus <strong>datos<\/strong>.<br \/>\nTe llegar\u00e1 <strong>un mail<\/strong> que dice que hiciste la compra, y que ten\u00e9s que completar el pago.<\/p>\n<p><strong>PAGOS desde el EXTERIOR:<\/strong><\/p>\n<ul>\n<li><strong>Por PAYPAL<\/strong><\/li>\n<li><strong>Para Transferencia Bancaria desde el exterior, a\u00f1ad\u00ed al carrito, finaliz\u00e1 la compra y seleccion\u00e1 transferencia bancaria. En el pedido te aparecer\u00e1n los datos para el DEP\u00d3SITO desde el EXTERIOR.<br \/>\n<\/strong><strong>Una vez realizado el pago enviar el comprobante por mensaje de whatsapp al 1121721970<\/strong><\/li>\n<li><strong>POR WESTERN UNION pedir datos por WhatsApp al 1121721970<\/strong><\/li>\n<\/ul>\n<p>NO ES EL PRODUCTO TERMINADO<\/p>\n","protected":false},"excerpt":{"rendered":"<p class=\"cvGsUA direction-ltr align-center para-style-body\"><span class=\"OYPEnA font-feature-liga-off font-feature-clig-off font-feature-calt-off text-decoration-none text-strikethrough-none\">\u201cCada puntada\u00a0<\/span><span class=\"OYPEnA font-feature-liga-off font-feature-clig-off font-feature-calt-off text-decoration-none text-strikethrough-none\">es un abrazo que florece\u00a0<\/span><span class=\"OYPEnA font-feature-liga-off font-feature-clig-off font-feature-calt-off text-decoration-none text-strikethrough-none\">en pleno invierno\u201d<\/span><\/p>\n","protected":false},"featured_media":3899,"template":"","meta":[],"product_brand":[],"product_cat":[32],"product_tag":[270,387,271,386,388,385],"class_list":{"0":"post-3896","1":"product","2":"type-product","3":"status-publish","4":"has-post-thumbnail","6":"product_cat-guias-de-tejido","7":"product_tag-abrigomediaestacion","8":"product_tag-guiadetejidoponcho","9":"product_tag-poncho","10":"product_tag-ponchoacrochet","11":"product_tag-ponchoguidetejido","12":"product_tag-ponchojardindeinvierno","14":"first","15":"instock","16":"downloadable","17":"shipping-taxable","18":"purchasable","19":"product-type-simple"},"_links":{"self":[{"href":"https:\/\/calordehogartejidos.com\/index.php\/wp-json\/wp\/v2\/product\/3896","targetHints":{"allow":["GET"]}}],"collection":[{"href":"https:\/\/calordehogartejidos.com\/index.php\/wp-json\/wp\/v2\/product"}],"about":[{"href":"https:\/\/calordehogartejidos.com\/index.php\/wp-json\/wp\/v2\/types\/product"}],"wp:featuredmedia":[{"embeddable":true,"href":"https:\/\/calordehogartejidos.com\/index.php\/wp-json\/wp\/v2\/media\/3899"}],"wp:attachment":[{"href":"https:\/\/calordehogartejidos.com\/index.php\/wp-json\/wp\/v2\/media?parent=3896"}],"wp:term":[{"taxonomy":"product_brand","embeddable":true,"href":"https:\/\/calordehogartejidos.com\/index.php\/wp-json\/wp\/v2\/product_brand?post=3896"},{"taxonomy":"product_cat","embeddable":true,"href":"https:\/\/calordehogartejidos.com\/index.php\/wp-json\/wp\/v2\/product_cat?post=3896"},{"taxonomy":"product_tag","embeddable":true,"href":"https:\/\/calordehogartejidos.com\/index.php\/wp-json\/wp\/v2\/product_tag?post=3896"}],"curies":[{"name":"wp","href":"https:\/\/api.w.org\/{rel}","templated":true}]}}