{"id":3903,"date":"2025-07-15T14:20:37","date_gmt":"2025-07-15T17:20:37","guid":{"rendered":"https:\/\/calordehogartejidos.com\/?post_type=product&#038;p=3903"},"modified":"2025-07-18T15:50:14","modified_gmt":"2025-07-18T18:50:14","slug":"manual-c2c","status":"publish","type":"product","link":"https:\/\/calordehogartejidos.com\/index.php\/product\/manual-c2c\/","title":{"rendered":"MANUAL C2C"},"content":{"rendered":"<p><strong>GU\u00cdA MANUAL COMPLETO de C2C a CROCHET<\/strong><\/p>\n<p><span class=\"OYPEnA font-feature-liga-off font-feature-clig-off font-feature-calt-off text-decoration-none text-strikethrough-none\">Prep\u00e1rate para descubrir c\u00f3mo esta t\u00e9cnica puede transformar tus proyectos de crochet en algo verdaderamente \u00fanico.<\/span><\/p>\n<p><strong>NIVEL:<\/strong> Medio a m\u00e1s avanzado.<\/p>\n<p><strong>GU\u00cdA DE TEJIDO de<\/strong>\u00a0<strong>76 p\u00e1ginas<\/strong> con el paso a paso en formato <strong>PDF:<\/strong>\u00a0<strong>texto<\/strong>, <strong>fotos<\/strong>, <strong>diagramas<\/strong>, <strong>tablas de medidas<\/strong>, <strong>10<\/strong>\u00a0<b>VIDEOS TUTORIALES.<\/b>\u00a0<strong>TODO<\/strong> desde el inicio, con consejos \u00fatiles y trucos.<\/p>\n<p><strong>Para adquirir la GU\u00cdA&#8230;<\/strong><\/p>\n<p>Realiz\u00e1 la compra, y <strong>FINALIZALA<\/strong> completando todos tus <strong>datos<\/strong>.<br \/>\nTe llegar\u00e1 <strong>un mail<\/strong> que dice que hiciste la compra, y que ten\u00e9s que completar el pago.<\/p>\n<p><strong>PAGOS desde el EXTERIOR:<\/strong><\/p>\n<ul>\n<li><strong>Por PAYPAL<\/strong><\/li>\n<li><strong>Para Transferencia Bancaria desde el exterior, a\u00f1ad\u00ed al carrito, finaliz\u00e1 la compra y seleccion\u00e1 transferencia bancaria. En el pedido te aparecer\u00e1n los datos para el DEP\u00d3SITO desde el EXTERIOR.<br \/>\n<\/strong><strong>Una vez realizado el pago enviar el comprobante por mensaje de whatsapp al 1121721970<\/strong><\/li>\n<li><strong>POR WESTERN UNION pedir datos por WhatsApp al 1121721970<\/strong><\/li>\n<\/ul>\n<p>NO ES EL PRODUCTO TERMINADO<\/p>\n","protected":false},"excerpt":{"rendered":"<p class=\"cvGsUA direction-ltr align-center para-style-body\"><span class=\"OYPEnA font-feature-liga-off font-feature-clig-off font-feature-calt-off text-decoration-none text-strikethrough-none\">\u201c\u00a1Unite a m\u00ed en esta aventura creativa de crochet, donde cada cuadrado cuenta una historia y cada color agrega vida a nuestra labor!<\/span><span class=\"OYPEnA font-feature-liga-off font-feature-clig-off font-feature-calt-off text-decoration-none text-strikethrough-none\">\u201d<\/span><\/p>\n","protected":false},"featured_media":3904,"template":"","meta":[],"product_brand":[],"product_cat":[32],"product_tag":[389,393,391,390,392],"class_list":{"0":"post-3903","1":"product","2":"type-product","3":"status-publish","4":"has-post-thumbnail","6":"product_cat-guias-de-tejido","7":"product_tag-c2c","8":"product_tag-c2cmanual","9":"product_tag-c2cpasoapaso","10":"product_tag-crochetc2c","11":"product_tag-manualc2c","13":"first","14":"instock","15":"downloadable","16":"shipping-taxable","17":"purchasable","18":"product-type-simple"},"_links":{"self":[{"href":"https:\/\/calordehogartejidos.com\/index.php\/wp-json\/wp\/v2\/product\/3903","targetHints":{"allow":["GET"]}}],"collection":[{"href":"https:\/\/calordehogartejidos.com\/index.php\/wp-json\/wp\/v2\/product"}],"about":[{"href":"https:\/\/calordehogartejidos.com\/index.php\/wp-json\/wp\/v2\/types\/product"}],"wp:featuredmedia":[{"embeddable":true,"href":"https:\/\/calordehogartejidos.com\/index.php\/wp-json\/wp\/v2\/media\/3904"}],"wp:attachment":[{"href":"https:\/\/calordehogartejidos.com\/index.php\/wp-json\/wp\/v2\/media?parent=3903"}],"wp:term":[{"taxonomy":"product_brand","embeddable":true,"href":"https:\/\/calordehogartejidos.com\/index.php\/wp-json\/wp\/v2\/product_brand?post=3903"},{"taxonomy":"product_cat","embeddable":true,"href":"https:\/\/calordehogartejidos.com\/index.php\/wp-json\/wp\/v2\/product_cat?post=3903"},{"taxonomy":"product_tag","embeddable":true,"href":"https:\/\/calordehogartejidos.com\/index.php\/wp-json\/wp\/v2\/product_tag?post=3903"}],"curies":[{"name":"wp","href":"https:\/\/api.w.org\/{rel}","templated":true}]}}