{"id":3998,"date":"2025-08-08T13:01:35","date_gmt":"2025-08-08T16:01:35","guid":{"rendered":"https:\/\/calordehogartejidos.com\/?post_type=product&#038;p=3998"},"modified":"2025-09-12T16:58:14","modified_gmt":"2025-09-12T19:58:14","slug":"taller-mi-primer-mantita-nube-de-waffle","status":"publish","type":"product","link":"https:\/\/calordehogartejidos.com\/index.php\/product\/taller-mi-primer-mantita-nube-de-waffle\/","title":{"rendered":"Mi primera Mantita: Nube de Waffle"},"content":{"rendered":"<p>Manta Nube de Waffle para beb\u00e9 en crochet: suave, tibia, mullidita y f\u00e1cil de hacer<\/p>\n<p><strong>Gu\u00eda paso a paso<\/strong> para resultados profesionales!<\/p>\n<p><em><strong>Aprender\u00e1s<\/strong><\/em>:<\/p>\n<ul>\n<li>A tejer el punto waffle a Crochet con instrucciones claras.<\/li>\n<li>C\u00f3mo lograr una textura uniforme y bordes limpios<\/li>\n<li>Gu\u00eda de tama\u00f1os para mantas de reci\u00e9n nacido y beb\u00e9 en crecimiento<\/li>\n<li>Ideal para principiantes: cada paso se explica con detalle y a un ritmo c\u00f3modo.<\/li>\n<li>C\u00f3mo adaptar el tama\u00f1o y rematar con acabado profesional<\/li>\n<\/ul>\n<p><strong>TALLER NIVEL:<\/strong> b\u00e1sico\u00a0 a medio<\/p>\n<p><em><strong>Materiales:<\/strong><\/em><\/p>\n<ul>\n<li>700 grs Lana beb\u00e9 (entra al mundo de LHO) en 2 colores (600grs y 100grs)<\/li>\n<li>Hilo de algod\u00f3n 8\/6 (el de amigurumis) en color marron y natural o beige.<\/li>\n<li>Agujas de Crochet de 4mm y 3.75mm<\/li>\n<li>Tijera<\/li>\n<li>Aguja lanera y fina<\/li>\n<li>Hilo de coser de nylon blanco<\/li>\n<\/ul>\n<p>El material est\u00e1 escrito<strong> paso a paso en formato PDF, <\/strong>con im\u00e1genes, fotos, <strong>DIAGRAMAS<\/strong> y <strong>VIDEOS TUTORIALES<\/strong> que te ayudar\u00e1n a poder realizarlo<\/p>\n<p>Realiz\u00e1 la compra, y <strong>FINALIZALA<\/strong> completando todos tus <strong>datos<\/strong>.<br \/>\nTe llegar\u00e1 <strong>un mail<\/strong> que dice que hiciste la compra, y que ten\u00e9s que completar el pago.<\/p>\n<p>Una vez <strong>completado el pago<\/strong>, avisame con un mensaje de <strong>WhatsApp al 1121721970<\/strong>, y te ingreso al grupo.<\/p>\n<p><strong>PAGO POR WESTERN UNION pedir datos por WhatsApp al 1121721970<\/strong><\/p>\n<p>&nbsp;<\/p>\n","protected":false},"excerpt":{"rendered":"<p>\u00bfQuer\u00e9s una manta ultra suave para tu beb\u00e9?<\/p>\n<p>\u00a1Vamos a tejer algo que abrace como una nube!<\/p>\n","protected":false},"featured_media":4000,"template":"","meta":[],"product_brand":[],"product_cat":[32],"product_tag":[162,401,163,402,403],"class_list":{"0":"post-3998","1":"product","2":"type-product","3":"status-publish","4":"has-post-thumbnail","6":"product_cat-guias-de-tejido","7":"product_tag-bebe","8":"product_tag-mantaacrochet","9":"product_tag-mantabebe","10":"product_tag-mantawaffle","11":"product_tag-mantita","13":"first","14":"instock","15":"downloadable","16":"shipping-taxable","17":"purchasable","18":"product-type-simple"},"_links":{"self":[{"href":"https:\/\/calordehogartejidos.com\/index.php\/wp-json\/wp\/v2\/product\/3998","targetHints":{"allow":["GET"]}}],"collection":[{"href":"https:\/\/calordehogartejidos.com\/index.php\/wp-json\/wp\/v2\/product"}],"about":[{"href":"https:\/\/calordehogartejidos.com\/index.php\/wp-json\/wp\/v2\/types\/product"}],"wp:featuredmedia":[{"embeddable":true,"href":"https:\/\/calordehogartejidos.com\/index.php\/wp-json\/wp\/v2\/media\/4000"}],"wp:attachment":[{"href":"https:\/\/calordehogartejidos.com\/index.php\/wp-json\/wp\/v2\/media?parent=3998"}],"wp:term":[{"taxonomy":"product_brand","embeddable":true,"href":"https:\/\/calordehogartejidos.com\/index.php\/wp-json\/wp\/v2\/product_brand?post=3998"},{"taxonomy":"product_cat","embeddable":true,"href":"https:\/\/calordehogartejidos.com\/index.php\/wp-json\/wp\/v2\/product_cat?post=3998"},{"taxonomy":"product_tag","embeddable":true,"href":"https:\/\/calordehogartejidos.com\/index.php\/wp-json\/wp\/v2\/product_tag?post=3998"}],"curies":[{"name":"wp","href":"https:\/\/api.w.org\/{rel}","templated":true}]}}