{"id":4040,"date":"2025-10-26T17:19:23","date_gmt":"2025-10-26T20:19:23","guid":{"rendered":"https:\/\/calordehogartejidos.com\/?post_type=product&#038;p=4040"},"modified":"2025-10-26T17:46:48","modified_gmt":"2025-10-26T20:46:48","slug":"llena-tus-tejidos-con-lentejuelas-bolso-sol-y-luna","status":"publish","type":"product","link":"https:\/\/calordehogartejidos.com\/index.php\/product\/llena-tus-tejidos-con-lentejuelas-bolso-sol-y-luna\/","title":{"rendered":"Llen\u00e1 tus tejidos con lentejuelas: Bolso Sol y Luna"},"content":{"rendered":"<p><span class=\"a_GcMg font-feature-liga-off font-feature-clig-off font-feature-calt-off text-decoration-none text-strikethrough-none\">Bienvenida. <\/span><\/p>\n<p><span class=\"a_GcMg font-feature-liga-off font-feature-clig-off font-feature-calt-off text-decoration-none text-strikethrough-none\">En esta gu\u00eda encontrar\u00e1s un <strong>paso a paso<\/strong> detallado, pr\u00e1ctico y lleno de brillo para que puedas crear un bolsito \u00fanico y duradero.<\/span><\/p>\n<p><span class=\"a_GcMg font-feature-liga-off font-feature-clig-off font-feature-calt-off text-decoration-none text-strikethrough-none\"><strong>NIVEL:<\/strong> Las instrucciones son ideales para <strong>principiantes<\/strong> y tambi\u00e9n para quienes ya tienen experiencia. <\/span><\/p>\n<p><span class=\"a_GcMg font-feature-liga-off font-feature-clig-off font-feature-calt-off text-decoration-none text-strikethrough-none\"><strong>MEDIDAS:<\/strong> Cuerpo: 26 (52) cm de ancho x 18 cm de alto. Asas: 36 cm de largo. APRENDER\u00c1S: A realizar una base ovalada Punto Fantas\u00eda: Abanicos intercalados Colocaci\u00f3n de lentejuelones Opciones de tama\u00f1o y sugerencia para adaptarlo a tu gusto Trucos para distribuir las lentejuelas de forma uniforme <\/span><\/p>\n<p>Est\u00e1 escrito<strong> paso a paso en formato PDF, <\/strong>con im\u00e1genes, fotos, <strong>DIAGRAMAS<\/strong> y <strong>VIDEOS TUTORIALES<\/strong> que te ayudar\u00e1n a poder realizarlo<\/p>\n<p>Realiz\u00e1 la compra, y <strong>FINALIZALA<\/strong> completando todos tus <strong>datos<\/strong>.<br \/>\nTe llegar\u00e1 <strong>un mail<\/strong> que dice que hiciste la compra, y que ten\u00e9s que completar el pago.<\/p>\n<p>Una vez <strong>completado el pago<\/strong>, avisame con un mensaje de <strong>WhatsApp al 1121721970<\/strong>, y te ingreso al grupo.<\/p>\n<p><strong>PAGO POR WESTERN UNION pedir datos por WhatsApp al 1121721970<\/strong><\/p>\n<p>&nbsp;<\/p>\n","protected":false},"excerpt":{"rendered":"<p><span class=\"a_GcMg font-feature-liga-off font-feature-clig-off font-feature-calt-off text-decoration-none text-strikethrough-none\">GU\u00cdA DE TEJIDO destinada a manos creativas que buscan combinar t\u00e9cnica, color y BRILLOS en la brisa!<\/span><\/p>\n","protected":false},"featured_media":4041,"template":"","meta":[],"product_brand":[],"product_cat":[32],"product_tag":[404,75,314],"class_list":{"0":"post-4040","1":"product","2":"type-product","3":"status-publish","4":"has-post-thumbnail","6":"product_cat-guias-de-tejido","7":"product_tag-bolso-con-lentejuelas","8":"product_tag-bolso-crochet","9":"product_tag-bolsoparaverano","11":"first","12":"instock","13":"downloadable","14":"shipping-taxable","15":"purchasable","16":"product-type-simple"},"_links":{"self":[{"href":"https:\/\/calordehogartejidos.com\/index.php\/wp-json\/wp\/v2\/product\/4040","targetHints":{"allow":["GET"]}}],"collection":[{"href":"https:\/\/calordehogartejidos.com\/index.php\/wp-json\/wp\/v2\/product"}],"about":[{"href":"https:\/\/calordehogartejidos.com\/index.php\/wp-json\/wp\/v2\/types\/product"}],"wp:featuredmedia":[{"embeddable":true,"href":"https:\/\/calordehogartejidos.com\/index.php\/wp-json\/wp\/v2\/media\/4041"}],"wp:attachment":[{"href":"https:\/\/calordehogartejidos.com\/index.php\/wp-json\/wp\/v2\/media?parent=4040"}],"wp:term":[{"taxonomy":"product_brand","embeddable":true,"href":"https:\/\/calordehogartejidos.com\/index.php\/wp-json\/wp\/v2\/product_brand?post=4040"},{"taxonomy":"product_cat","embeddable":true,"href":"https:\/\/calordehogartejidos.com\/index.php\/wp-json\/wp\/v2\/product_cat?post=4040"},{"taxonomy":"product_tag","embeddable":true,"href":"https:\/\/calordehogartejidos.com\/index.php\/wp-json\/wp\/v2\/product_tag?post=4040"}],"curies":[{"name":"wp","href":"https:\/\/api.w.org\/{rel}","templated":true}]}}