{"id":4108,"date":"2025-12-13T21:48:39","date_gmt":"2025-12-14T00:48:39","guid":{"rendered":"https:\/\/calordehogartejidos.com\/?post_type=product&#038;p=4108"},"modified":"2025-12-13T21:59:23","modified_gmt":"2025-12-14T00:59:23","slug":"estrellitadebelen","status":"publish","type":"product","link":"https:\/\/calordehogartejidos.com\/index.php\/product\/estrellitadebelen\/","title":{"rendered":"Estrellita de Bel\u00e9n (Corona Navide\u00f1a)"},"content":{"rendered":"<p>Te doy a bienvenida al tutorial de la Estrellita de Bel\u00e9n que es una de las piezas del proyecto de la <em><strong>\u201cCorona Navide\u00f1a\u201d<\/strong><\/em> Ideal como decoraci\u00f3n navide\u00f1a, para adornar un peque\u00f1o pesebre de amigurumis o la corona navide\u00f1a. Tambi\u00e9n sirve como colgante para llavero o bolso.<\/p>\n<p><span class=\"a_GcMg font-feature-liga-off font-feature-clig-off font-feature-calt-off text-decoration-none text-strikethrough-none\">En esta gu\u00eda encontrar\u00e1s un <strong>paso a paso en formato PDF, <\/strong>con im\u00e1genes, fotos y el <strong>VIDEO TUTORIAL<\/strong> detallado, pr\u00e1ctico y lleno de brillo para que puedas crearlo.<\/span><\/p>\n<p><span class=\"a_GcMg font-feature-liga-off font-feature-clig-off font-feature-calt-off text-decoration-none text-strikethrough-none\"><strong>NIVEL:<\/strong> Las instrucciones son ideales para <strong>principiantes<\/strong> y tambi\u00e9n para quienes ya tienen experiencia. <\/span><\/p>\n<p><span class=\"a_GcMg font-feature-liga-off font-feature-clig-off font-feature-calt-off text-decoration-none text-strikethrough-none\"><strong>MEDIDAS:<\/strong> 5 cm<\/span><\/p>\n<p>Realiz\u00e1 la<strong> compra<\/strong>, y <strong>FINALIZALA<\/strong> completando todos tus <strong>datos<\/strong>.<\/p>\n<p>Te llegar\u00e1 <strong>un mail<\/strong> que dice que <em><strong>hiciste la compra<\/strong><\/em>, y que ten\u00e9s que completar el pago.<\/p>\n<p>Una vez <strong>completado el pago<\/strong>, si ten\u00e9s alguna dificultad avisame con un mensaje de <strong>WhatsApp al 1121721970<\/strong>.<\/p>\n<p><strong>PAGO POR WESTERN UNION pedir datos por WhatsApp al 1121721970<\/strong><\/p>\n<p>ISa<\/p>\n","protected":false},"excerpt":{"rendered":"<p>Que la <strong>Estrella de Bel\u00e9n<\/strong> <strong>Brille<\/strong> en tu Hogar!<\/p>\n","protected":false},"featured_media":4111,"template":"","meta":[],"product_brand":[],"product_cat":[32],"product_tag":[421,425,426,427,423,287,200,412,411,158,418,414,190,413,419,417,424,93,229,406,416,408,407,420,410,409,422],"class_list":{"0":"post-4108","1":"product","2":"type-product","3":"status-publish","4":"has-post-thumbnail","6":"product_cat-guias-de-tejido","7":"product_tag-christmas","8":"product_tag-christmasdecor","9":"product_tag-christmasdecorations","10":"product_tag-christmaslights","11":"product_tag-christmastime","12":"product_tag-crochetnavideno","13":"product_tag-crochetparaprincipiantes","14":"product_tag-crochetpararegalar","15":"product_tag-crochetparavender","16":"product_tag-decoracionnavidena","17":"product_tag-espiritunavideno","18":"product_tag-estrellaacrochet","19":"product_tag-estrellacrochet","20":"product_tag-estrellitanavidena","21":"product_tag-lucesnavidenas","22":"product_tag-magianavidena","23":"product_tag-merrychristmas","24":"product_tag-navidad","25":"product_tag-navidadalcrochet","26":"product_tag-navidaddecoracion","27":"product_tag-navidadencasa","28":"product_tag-navidadtejidaconamor","29":"product_tag-regalonavidad","30":"product_tag-regalosdenavidad","31":"product_tag-regalosqueiluminan","32":"product_tag-tejiendomagianavidena","33":"product_tag-xmas","35":"first","36":"instock","37":"downloadable","38":"shipping-taxable","39":"purchasable","40":"product-type-simple"},"_links":{"self":[{"href":"https:\/\/calordehogartejidos.com\/index.php\/wp-json\/wp\/v2\/product\/4108","targetHints":{"allow":["GET"]}}],"collection":[{"href":"https:\/\/calordehogartejidos.com\/index.php\/wp-json\/wp\/v2\/product"}],"about":[{"href":"https:\/\/calordehogartejidos.com\/index.php\/wp-json\/wp\/v2\/types\/product"}],"wp:featuredmedia":[{"embeddable":true,"href":"https:\/\/calordehogartejidos.com\/index.php\/wp-json\/wp\/v2\/media\/4111"}],"wp:attachment":[{"href":"https:\/\/calordehogartejidos.com\/index.php\/wp-json\/wp\/v2\/media?parent=4108"}],"wp:term":[{"taxonomy":"product_brand","embeddable":true,"href":"https:\/\/calordehogartejidos.com\/index.php\/wp-json\/wp\/v2\/product_brand?post=4108"},{"taxonomy":"product_cat","embeddable":true,"href":"https:\/\/calordehogartejidos.com\/index.php\/wp-json\/wp\/v2\/product_cat?post=4108"},{"taxonomy":"product_tag","embeddable":true,"href":"https:\/\/calordehogartejidos.com\/index.php\/wp-json\/wp\/v2\/product_tag?post=4108"}],"curies":[{"name":"wp","href":"https:\/\/api.w.org\/{rel}","templated":true}]}}