{"id":4112,"date":"2025-12-13T22:00:18","date_gmt":"2025-12-14T01:00:18","guid":{"rendered":"https:\/\/calordehogartejidos.com\/?post_type=product&#038;p=4112"},"modified":"2025-12-13T22:21:54","modified_gmt":"2025-12-14T01:21:54","slug":"pesebrejesus","status":"publish","type":"product","link":"https:\/\/calordehogartejidos.com\/index.php\/product\/pesebrejesus\/","title":{"rendered":"Pesebre &#8211; Jes\u00fas (Corona Navide\u00f1a)"},"content":{"rendered":"<p>Te doy a bienvenida.<\/p>\n<p>En esta <strong>GU\u00cdA DE TEJIDO<\/strong> o <strong>patr\u00f3n de amigurumi<\/strong> navide\u00f1o aprender\u00e1s a tejer a:<em><strong> Jes\u00fas en el pesebre<\/strong><\/em>. Este proyecto conmemora su nacimiento y es perfecto para hacer como pieza independiente o como parte de la \u00ab<em><strong>Corona Navide\u00f1a\u00bb<\/strong><\/em> que estamos creando.<\/p>\n<p><span class=\"a_GcMg font-feature-liga-off font-feature-clig-off font-feature-calt-off text-decoration-none text-strikethrough-none\">En esta gu\u00eda encontrar\u00e1s un <strong>paso a paso en formato PDF, <\/strong>con im\u00e1genes, fotos y el <strong>VIDEO TUTORIAL<\/strong> detallado, pr\u00e1ctico y lleno de Tips para que puedas crearlo.<\/span><\/p>\n<p><span class=\"a_GcMg font-feature-liga-off font-feature-clig-off font-feature-calt-off text-decoration-none text-strikethrough-none\"><strong>NIVEL:<\/strong> Las instrucciones son ideales para <strong>principiantes<\/strong> y tambi\u00e9n para quienes ya tienen experiencia. <\/span><\/p>\n<p><span class=\"a_GcMg font-feature-liga-off font-feature-clig-off font-feature-calt-off text-decoration-none text-strikethrough-none\"><strong>MEDIDAS:<\/strong> 9 cm x 6 cm x 2.5 cm<\/span><\/p>\n<p>Realiz\u00e1 la<strong> compra<\/strong>, y <strong>FINALIZALA<\/strong> completando todos tus <strong>datos<\/strong>.<\/p>\n<p>Te llegar\u00e1 <strong>un mail<\/strong> que dice que <em><strong>hiciste la compra<\/strong><\/em>, y que ten\u00e9s que completar el pago.<\/p>\n<p>Una vez <strong>completado el pago<\/strong>, si ten\u00e9s alguna dificultad avisame con un mensaje de <strong>WhatsApp al 1121721970<\/strong>.<\/p>\n<p><strong>PAGO POR WESTERN UNION pedir datos por WhatsApp al 1121721970<\/strong><\/p>\n<p>ISa<\/p>\n","protected":false},"excerpt":{"rendered":"<p><em><strong>\u00abAl mundo, paz naci\u00f3 Jes\u00fas\u00bb<\/strong><\/em><\/p>\n","protected":false},"featured_media":4113,"template":"","meta":[],"product_brand":[],"product_cat":[32],"product_tag":[429,428,421,425,426,423,287,200,412,411,158,418,430,417,424,93,229,406,416,408,431,407,420,410,409,422],"class_list":{"0":"post-4112","1":"product","2":"type-product","3":"status-publish","4":"has-post-thumbnail","6":"product_cat-guias-de-tejido","7":"product_tag-amigurumijesus","8":"product_tag-amiguruminavideno","9":"product_tag-christmas","10":"product_tag-christmasdecor","11":"product_tag-christmasdecorations","12":"product_tag-christmastime","13":"product_tag-crochetnavideno","14":"product_tag-crochetparaprincipiantes","15":"product_tag-crochetpararegalar","16":"product_tag-crochetparavender","17":"product_tag-decoracionnavidena","18":"product_tag-espiritunavideno","19":"product_tag-jesusamigurumi","20":"product_tag-magianavidena","21":"product_tag-merrychristmas","22":"product_tag-navidad","23":"product_tag-navidadalcrochet","24":"product_tag-navidaddecoracion","25":"product_tag-navidadencasa","26":"product_tag-navidadtejidaconamor","27":"product_tag-pesebreamigurumi","28":"product_tag-regalonavidad","29":"product_tag-regalosdenavidad","30":"product_tag-regalosqueiluminan","31":"product_tag-tejiendomagianavidena","32":"product_tag-xmas","34":"first","35":"instock","36":"downloadable","37":"shipping-taxable","38":"purchasable","39":"product-type-simple"},"_links":{"self":[{"href":"https:\/\/calordehogartejidos.com\/index.php\/wp-json\/wp\/v2\/product\/4112","targetHints":{"allow":["GET"]}}],"collection":[{"href":"https:\/\/calordehogartejidos.com\/index.php\/wp-json\/wp\/v2\/product"}],"about":[{"href":"https:\/\/calordehogartejidos.com\/index.php\/wp-json\/wp\/v2\/types\/product"}],"wp:featuredmedia":[{"embeddable":true,"href":"https:\/\/calordehogartejidos.com\/index.php\/wp-json\/wp\/v2\/media\/4113"}],"wp:attachment":[{"href":"https:\/\/calordehogartejidos.com\/index.php\/wp-json\/wp\/v2\/media?parent=4112"}],"wp:term":[{"taxonomy":"product_brand","embeddable":true,"href":"https:\/\/calordehogartejidos.com\/index.php\/wp-json\/wp\/v2\/product_brand?post=4112"},{"taxonomy":"product_cat","embeddable":true,"href":"https:\/\/calordehogartejidos.com\/index.php\/wp-json\/wp\/v2\/product_cat?post=4112"},{"taxonomy":"product_tag","embeddable":true,"href":"https:\/\/calordehogartejidos.com\/index.php\/wp-json\/wp\/v2\/product_tag?post=4112"}],"curies":[{"name":"wp","href":"https:\/\/api.w.org\/{rel}","templated":true}]}}