{"id":4117,"date":"2025-12-15T11:57:21","date_gmt":"2025-12-15T14:57:21","guid":{"rendered":"https:\/\/calordehogartejidos.com\/?post_type=product&#038;p=4117"},"modified":"2025-12-15T12:57:37","modified_gmt":"2025-12-15T15:57:37","slug":"pesebre-jose-corona-navidena","status":"publish","type":"product","link":"https:\/\/calordehogartejidos.com\/index.php\/product\/pesebre-jose-corona-navidena\/","title":{"rendered":"Pesebre &#8211; Jos\u00e9 (Corona Navide\u00f1a)"},"content":{"rendered":"<p>Te doy a bienvenida.<\/p>\n<p>En esta <strong>GU\u00cdA DE TEJIDO<\/strong> o <strong>patr\u00f3n de amigurumi<\/strong> navide\u00f1o aprender\u00e1s a tejer a:<em><strong> Jos\u00e9, i<\/strong><\/em>ntegrante de la familia del Pesebre. Este proyecto incluye su t\u00fanica azul, capucha y detalles sencillos. Es perfecto para hacer como pieza independiente o como parte de la \u00ab<em><strong>Corona Navide\u00f1a\u00bb<\/strong><\/em> que estamos creando.<\/p>\n<p><span class=\"a_GcMg font-feature-liga-off font-feature-clig-off font-feature-calt-off text-decoration-none text-strikethrough-none\">En esta gu\u00eda encontrar\u00e1s un <strong>paso a paso en formato PDF, <\/strong>con im\u00e1genes, fotos y el <strong>VIDEO TUTORIAL<\/strong> detallado, pr\u00e1ctico y lleno de Tips para que puedas crearlo.<\/span><\/p>\n<p><span class=\"a_GcMg font-feature-liga-off font-feature-clig-off font-feature-calt-off text-decoration-none text-strikethrough-none\"><strong>NIVEL:<\/strong> Las instrucciones son ideales para <strong>principiantes<\/strong> y tambi\u00e9n para quienes ya tienen experiencia. <\/span><\/p>\n<p><span class=\"a_GcMg font-feature-liga-off font-feature-clig-off font-feature-calt-off text-decoration-none text-strikethrough-none\"><strong>MEDIDAS:<\/strong> 11 cm de alto x 10 cm de brazo a brazo.<\/span><\/p>\n<p>Realiz\u00e1 la<strong> compra<\/strong>, y <strong>FINALIZALA<\/strong> completando todos tus <strong>datos<\/strong>.<\/p>\n<p>Te llegar\u00e1 <strong>un mail<\/strong> que dice que <em><strong>hiciste la compra<\/strong><\/em>, y que ten\u00e9s que completar el pago.<\/p>\n<p>Una vez <strong>completado el pago<\/strong>, si ten\u00e9s alguna dificultad avisame con un mensaje de <strong>WhatsApp al 1121721970<\/strong>.<\/p>\n<p><strong>PAGO POR WESTERN UNION pedir datos por WhatsApp al 1121721970<\/strong><\/p>\n<p>ISa<\/p>\n","protected":false},"excerpt":{"rendered":"<p><strong><em>\u00abUn ejemplo de hombre: Jos\u00e9.\u00bb<\/em><\/strong><\/p>\n","protected":false},"featured_media":4118,"template":"","meta":[],"product_brand":[],"product_cat":[32],"product_tag":[429,432,428,421,425,426,423,287,200,412,411,158,418,430,433,435,417,424,93,229,406,416,408,431,434,407,420,410,409,422],"class_list":{"0":"post-4117","1":"product","2":"type-product","3":"status-publish","4":"has-post-thumbnail","6":"product_cat-guias-de-tejido","7":"product_tag-amigurumijesus","8":"product_tag-amigurumijose","9":"product_tag-amiguruminavideno","10":"product_tag-christmas","11":"product_tag-christmasdecor","12":"product_tag-christmasdecorations","13":"product_tag-christmastime","14":"product_tag-crochetnavideno","15":"product_tag-crochetparaprincipiantes","16":"product_tag-crochetpararegalar","17":"product_tag-crochetparavender","18":"product_tag-decoracionnavidena","19":"product_tag-espiritunavideno","20":"product_tag-jesusamigurumi","21":"product_tag-joseamigurumi","22":"product_tag-josepesebre","23":"product_tag-magianavidena","24":"product_tag-merrychristmas","25":"product_tag-navidad","26":"product_tag-navidadalcrochet","27":"product_tag-navidaddecoracion","28":"product_tag-navidadencasa","29":"product_tag-navidadtejidaconamor","30":"product_tag-pesebreamigurumi","31":"product_tag-pesebrejose","32":"product_tag-regalonavidad","33":"product_tag-regalosdenavidad","34":"product_tag-regalosqueiluminan","35":"product_tag-tejiendomagianavidena","36":"product_tag-xmas","38":"first","39":"instock","40":"downloadable","41":"shipping-taxable","42":"purchasable","43":"product-type-simple"},"_links":{"self":[{"href":"https:\/\/calordehogartejidos.com\/index.php\/wp-json\/wp\/v2\/product\/4117","targetHints":{"allow":["GET"]}}],"collection":[{"href":"https:\/\/calordehogartejidos.com\/index.php\/wp-json\/wp\/v2\/product"}],"about":[{"href":"https:\/\/calordehogartejidos.com\/index.php\/wp-json\/wp\/v2\/types\/product"}],"wp:featuredmedia":[{"embeddable":true,"href":"https:\/\/calordehogartejidos.com\/index.php\/wp-json\/wp\/v2\/media\/4118"}],"wp:attachment":[{"href":"https:\/\/calordehogartejidos.com\/index.php\/wp-json\/wp\/v2\/media?parent=4117"}],"wp:term":[{"taxonomy":"product_brand","embeddable":true,"href":"https:\/\/calordehogartejidos.com\/index.php\/wp-json\/wp\/v2\/product_brand?post=4117"},{"taxonomy":"product_cat","embeddable":true,"href":"https:\/\/calordehogartejidos.com\/index.php\/wp-json\/wp\/v2\/product_cat?post=4117"},{"taxonomy":"product_tag","embeddable":true,"href":"https:\/\/calordehogartejidos.com\/index.php\/wp-json\/wp\/v2\/product_tag?post=4117"}],"curies":[{"name":"wp","href":"https:\/\/api.w.org\/{rel}","templated":true}]}}