{"id":4123,"date":"2025-12-18T19:08:29","date_gmt":"2025-12-18T22:08:29","guid":{"rendered":"https:\/\/calordehogartejidos.com\/?post_type=product&#038;p=4123"},"modified":"2025-12-18T19:20:29","modified_gmt":"2025-12-18T22:20:29","slug":"pesebre-maria-corona-navidena-copia","status":"publish","type":"product","link":"https:\/\/calordehogartejidos.com\/index.php\/product\/pesebre-maria-corona-navidena-copia\/","title":{"rendered":"Pesebre &#8211; Mar\u00eda (Corona Navide\u00f1a)"},"content":{"rendered":"<p>Te doy a bienvenida.<\/p>\n<p>En esta <strong>GU\u00cdA DE TEJIDO<\/strong> o <strong>patr\u00f3n de amigurumi<\/strong> navide\u00f1o aprender\u00e1s a tejer a:<em><strong> Mar\u00eda, <\/strong><\/em>integrante de la familia del Pesebre.<br \/>\nEste proyecto celebra el nacimiento de Jes\u00fas y es perfecto para a\u00f1adir un toque artesanal a tu decoraci\u00f3n o para regalar.<br \/>\nEs una pieza que forma parte del proyecto de la \u00abCorona Navide\u00f1a\u00bb que estamos desarrollando.<em><strong><\/p>\n<p><\/strong><\/em><span class=\"a_GcMg font-feature-liga-off font-feature-clig-off font-feature-calt-off text-decoration-none text-strikethrough-none\">En esta gu\u00eda encontrar\u00e1s un <strong>paso a paso en formato PDF, <\/strong>con im\u00e1genes, fotos y el <strong>VIDEO TUTORIAL<\/strong> detallado, pr\u00e1ctico y lleno de Tips para que puedas crearlo.<\/span><\/p>\n<p><span class=\"a_GcMg font-feature-liga-off font-feature-clig-off font-feature-calt-off text-decoration-none text-strikethrough-none\"><strong>NIVEL:<\/strong> Las instrucciones son ideales para <strong>principiantes<\/strong> y tambi\u00e9n para quienes ya tienen experiencia. <\/span><\/p>\n<p><span class=\"a_GcMg font-feature-liga-off font-feature-clig-off font-feature-calt-off text-decoration-none text-strikethrough-none\"><strong>MEDIDAS:<\/strong> 11 cm de alto x 10 cm de brazo a brazo.<\/span><\/p>\n<p>Realiz\u00e1 la<strong> compra<\/strong>, y <strong>FINALIZALA<\/strong> completando todos tus <strong>datos<\/strong>.<\/p>\n<p>Te llegar\u00e1 <strong>un mail<\/strong> que dice que <em><strong>hiciste la compra<\/strong><\/em>, y que ten\u00e9s que completar el pago.<\/p>\n<p>Una vez <strong>completado el pago<\/strong>, si ten\u00e9s alguna dificultad avisame con un mensaje de <strong>WhatsApp al 1121721970<\/strong>.<\/p>\n<p><strong>PAGO POR WESTERN UNION pedir datos por WhatsApp al 1121721970<\/strong><\/p>\n<p>ISa<\/p>\n","protected":false},"excerpt":{"rendered":"<p class=\"cvGsUA direction-ltr align-center para-style-body\"><em><strong><span class=\"a_GcMg font-feature-liga-off font-feature-clig-off font-feature-calt-off text-decoration-none text-strikethrough-none\">\u201cMujer escogida y bendecida por Dios <\/span><\/strong><\/em><em><strong><span class=\"a_GcMg font-feature-liga-off font-feature-clig-off font-feature-calt-off text-decoration-none text-strikethrough-none\">para un prop\u00f3sito \u00fanico\u201d<\/span><\/strong><\/em><\/p>\n","protected":false},"featured_media":4126,"template":"","meta":[],"product_brand":[],"product_cat":[32],"product_tag":[429,432,437,428,421,425,426,423,287,200,412,411,158,418,430,433,435,417,436,424,93,229,406,416,408,431,434,407,420,410,409,422],"class_list":{"0":"post-4123","1":"product","2":"type-product","3":"status-publish","4":"has-post-thumbnail","6":"product_cat-guias-de-tejido","7":"product_tag-amigurumijesus","8":"product_tag-amigurumijose","9":"product_tag-amigurumimaria","10":"product_tag-amiguruminavideno","11":"product_tag-christmas","12":"product_tag-christmasdecor","13":"product_tag-christmasdecorations","14":"product_tag-christmastime","15":"product_tag-crochetnavideno","16":"product_tag-crochetparaprincipiantes","17":"product_tag-crochetpararegalar","18":"product_tag-crochetparavender","19":"product_tag-decoracionnavidena","20":"product_tag-espiritunavideno","21":"product_tag-jesusamigurumi","22":"product_tag-joseamigurumi","23":"product_tag-josepesebre","24":"product_tag-magianavidena","25":"product_tag-mariaamigurumi","26":"product_tag-merrychristmas","27":"product_tag-navidad","28":"product_tag-navidadalcrochet","29":"product_tag-navidaddecoracion","30":"product_tag-navidadencasa","31":"product_tag-navidadtejidaconamor","32":"product_tag-pesebreamigurumi","33":"product_tag-pesebrejose","34":"product_tag-regalonavidad","35":"product_tag-regalosdenavidad","36":"product_tag-regalosqueiluminan","37":"product_tag-tejiendomagianavidena","38":"product_tag-xmas","40":"first","41":"instock","42":"downloadable","43":"shipping-taxable","44":"purchasable","45":"product-type-simple"},"_links":{"self":[{"href":"https:\/\/calordehogartejidos.com\/index.php\/wp-json\/wp\/v2\/product\/4123","targetHints":{"allow":["GET"]}}],"collection":[{"href":"https:\/\/calordehogartejidos.com\/index.php\/wp-json\/wp\/v2\/product"}],"about":[{"href":"https:\/\/calordehogartejidos.com\/index.php\/wp-json\/wp\/v2\/types\/product"}],"wp:featuredmedia":[{"embeddable":true,"href":"https:\/\/calordehogartejidos.com\/index.php\/wp-json\/wp\/v2\/media\/4126"}],"wp:attachment":[{"href":"https:\/\/calordehogartejidos.com\/index.php\/wp-json\/wp\/v2\/media?parent=4123"}],"wp:term":[{"taxonomy":"product_brand","embeddable":true,"href":"https:\/\/calordehogartejidos.com\/index.php\/wp-json\/wp\/v2\/product_brand?post=4123"},{"taxonomy":"product_cat","embeddable":true,"href":"https:\/\/calordehogartejidos.com\/index.php\/wp-json\/wp\/v2\/product_cat?post=4123"},{"taxonomy":"product_tag","embeddable":true,"href":"https:\/\/calordehogartejidos.com\/index.php\/wp-json\/wp\/v2\/product_tag?post=4123"}],"curies":[{"name":"wp","href":"https:\/\/api.w.org\/{rel}","templated":true}]}}