{"id":4152,"date":"2026-02-03T20:57:29","date_gmt":"2026-02-03T23:57:29","guid":{"rendered":"https:\/\/calordehogartejidos.com\/?post_type=product&#038;p=4152"},"modified":"2026-02-03T21:08:16","modified_gmt":"2026-02-04T00:08:16","slug":"tapestry-desde-cero-tapiz-de-cactus-patron-gratuito","status":"publish","type":"product","link":"https:\/\/calordehogartejidos.com\/index.php\/product\/tapestry-desde-cero-tapiz-de-cactus-patron-gratuito\/","title":{"rendered":"Tapestry desde Cero &#8211; Tapiz de Cactus (Patr\u00f3n Gratuito)"},"content":{"rendered":"<p>Dise\u00f1o del patr\u00f3n para <strong>descargar GRATIS<\/strong>.<br \/>\nTama\u00f1o: A4<\/p>\n<p>En este video tutorial de Youtube te gu\u00edo, paso a paso, para crear un <em><strong>tapiz en tapestry con la t\u00e9cnica de intarsia<\/strong><\/em>, usando un cactus como dise\u00f1o.<\/p>\n<p>Si eres principiante, este tutorial es para ti: claro, progresivo y con ejemplos visuales.<\/p>\n<p>Aprender\u00e1s:<\/p>\n<ol>\n<li>Fundamentos de la t\u00e9cnica de intarsia aplicada al tapestry.<\/li>\n<li>C\u00f3mo leer un dise\u00f1o y convertirlo en puntos de crochet.<\/li>\n<li>Consejos pr\u00e1cticos para obtener un tapiz limpio y vistoso.<\/li>\n<\/ol>\n<p>Encontrar\u00e1s el Video tutorial en mi Canal de Youtube: <a href=\"https:\/\/youtube.com\/@CalordeHogarTejidos\">https:\/\/youtube.com\/@CalordeHogarTejidos\u00a0<\/a><\/p>\n<p>No hay nada mejor que dar!! Tu apoyo me ayuda a seguir adelante.<br \/>\nSi te gust\u00f3 el patroncito y quer\u00e9s, compartirme un <a href=\"https:\/\/cafecito.app\/calordehogartejidos\">CAFECITO<\/a>.<\/p>\n<p>Argentina:<br \/>\n<a href=\"https:\/\/cafecito.app\/calordehogartejidos\">https:\/\/cafecito.app\/calordehogartejidos<\/a><\/p>\n<p>Paypal<br \/>\n<a href=\"https:\/\/www.paypal.com\/donate?hosted_button_id=53N38H4FSFX86\">https:\/\/www.paypal.com\/donate?hosted_button_id=53N38H4FSFX86<\/a><br \/>\n=========<\/p>\n<p>Gracias, Isa<\/p>\n<p>Hac\u00e9 toda la compra, y te llegar\u00e1 un <strong>mail<\/strong> con el <strong>enlace<\/strong> para <strong>descargarlo.<br \/>\n<em>Recomendaci\u00f3n<\/em><\/strong>: abrir el PDF con el navegador para poder abrir el enlace del video tutorial.<\/p>\n<p><strong>Suscribite<\/strong> a mi <strong>CANAL de YOUTUBE y activa la \ud83d\udd14<\/strong> para recibir las notificaciones y recibir\u00e1s las notificaciones de nuevos tutoriales:<\/p>\n<p><a href=\"https:\/\/youtube.com\/@CalordeHogarTejidos\"><strong>https:\/\/youtube.com\/@CalordeHogarTejidos<\/strong><\/a><\/p>\n<p>Espero que te guste el proyecto y que te animes a hacerlo.<\/p>\n<p>&nbsp;<\/p>\n","protected":false},"excerpt":{"rendered":"<h3><strong>Sumergite en el mundo del tejido Intarsia<\/strong><\/h3>\n<div id=\"gtx-trans\" style=\"position: absolute; left: -16px; top: 45px;\">\n<div class=\"gtx-trans-icon\"><\/div>\n<\/div>\n","protected":false},"featured_media":4157,"template":"","meta":[],"product_brand":[],"product_cat":[19],"product_tag":[169,175,200,440,438,439],"class_list":{"0":"post-4152","1":"product","2":"type-product","3":"status-publish","4":"has-post-thumbnail","6":"product_cat-patrones","7":"product_tag-calordehogartejidos","8":"product_tag-crochetfacil","9":"product_tag-crochetparaprincipiantes","10":"product_tag-tapizcactus","11":"product_tag-tecnicaintarsia","12":"product_tag-tecnicatapestry","14":"first","15":"instock","16":"downloadable","17":"shipping-taxable","18":"purchasable","19":"product-type-simple"},"_links":{"self":[{"href":"https:\/\/calordehogartejidos.com\/index.php\/wp-json\/wp\/v2\/product\/4152","targetHints":{"allow":["GET"]}}],"collection":[{"href":"https:\/\/calordehogartejidos.com\/index.php\/wp-json\/wp\/v2\/product"}],"about":[{"href":"https:\/\/calordehogartejidos.com\/index.php\/wp-json\/wp\/v2\/types\/product"}],"wp:featuredmedia":[{"embeddable":true,"href":"https:\/\/calordehogartejidos.com\/index.php\/wp-json\/wp\/v2\/media\/4157"}],"wp:attachment":[{"href":"https:\/\/calordehogartejidos.com\/index.php\/wp-json\/wp\/v2\/media?parent=4152"}],"wp:term":[{"taxonomy":"product_brand","embeddable":true,"href":"https:\/\/calordehogartejidos.com\/index.php\/wp-json\/wp\/v2\/product_brand?post=4152"},{"taxonomy":"product_cat","embeddable":true,"href":"https:\/\/calordehogartejidos.com\/index.php\/wp-json\/wp\/v2\/product_cat?post=4152"},{"taxonomy":"product_tag","embeddable":true,"href":"https:\/\/calordehogartejidos.com\/index.php\/wp-json\/wp\/v2\/product_tag?post=4152"}],"curies":[{"name":"wp","href":"https:\/\/api.w.org\/{rel}","templated":true}]}}