{"id":4193,"date":"2026-02-25T16:10:45","date_gmt":"2026-02-25T19:10:45","guid":{"rendered":"https:\/\/calordehogartejidos.com\/?post_type=product&#038;p=4193"},"modified":"2026-03-02T19:09:16","modified_gmt":"2026-03-02T22:09:16","slug":"flor3dacrochet","status":"publish","type":"product","link":"https:\/\/calordehogartejidos.com\/index.php\/product\/flor3dacrochet\/","title":{"rendered":"Flor 3D &#8211; Proyecto Creativo de Crochet"},"content":{"rendered":"<p>Te doy a bienvenida.<\/p>\n<p>En esta <strong>GU\u00cdA DE TEJIDO<\/strong> aprender\u00e1s a tejer esta linda flor en capas paso a paso.<\/p>\n<p><span class=\"a_GcMg font-feature-liga-off font-feature-clig-off font-feature-calt-off text-decoration-none text-strikethrough-none\">Ideal para hacer cortinas, banderines, llaveros y hasta apliques para vestimentas que esta de \u00faltima moda.<\/span><br \/>\nA\u00f1ad\u00ed un toque artesanal a tu decoraci\u00f3n, o reg\u00e1lala o v\u00e9ndela.<\/p>\n<p><span class=\"a_GcMg font-feature-liga-off font-feature-clig-off font-feature-calt-off text-decoration-none text-strikethrough-none\">En esta gu\u00eda encontrar\u00e1s un <strong>paso a paso en formato PDF, <\/strong>con diagramas, fotos y el <strong>VIDEO TUTORIAL<\/strong> detallado, pr\u00e1ctico y lleno de Tips para que puedas crearlo.<\/span><\/p>\n<p><span class=\"a_GcMg font-feature-liga-off font-feature-clig-off font-feature-calt-off text-decoration-none text-strikethrough-none\"><strong>NIVEL:<\/strong> Las instrucciones son ideales para <strong>principiantes<\/strong> y tambi\u00e9n para quienes ya tienen experiencia. <\/span><\/p>\n<p>Realiz\u00e1 la<strong> compra<\/strong>, y <strong>FINALIZALA<\/strong> completando todos tus <strong>datos<\/strong>.<\/p>\n<p>Te llegar\u00e1 <strong>un mail<\/strong> que dice que <em><strong>hiciste la compra<\/strong><\/em>, y que ten\u00e9s que completar el pago.<\/p>\n<p>Una vez <strong>completado el pago<\/strong>, te llegar\u00e1 otro mail con el enlace de descarga.<br \/>\nSi ten\u00e9s alguna dificultad avisame con un mensaje de <strong>WhatsApp al 1121721970<\/strong>.<\/p>\n<p><strong>PAGO POR WESTERN UNION pedir datos por WhatsApp al 1121721970<\/strong><\/p>\n<p>ISa<\/p>\n","protected":false},"excerpt":{"rendered":"<p class=\"cvGsUA direction-ltr align-center para-style-body\"><em><strong><span class=\"a_GcMg font-feature-liga-off font-feature-clig-off font-feature-calt-off text-decoration-none text-strikethrough-none\">\u201cTejer significa mucho m\u00e1s que entrelazar hilos&#8230;<br \/>\n<\/span><span class=\"a_GcMg font-feature-liga-off font-feature-clig-off font-feature-calt-off text-decoration-none text-strikethrough-none\">Es crear con amor, so\u00f1ar con las manos y dar vida a cada puntada.\u201d<\/span><\/strong><\/em><\/p>\n","protected":false},"featured_media":4194,"template":"","meta":[],"product_brand":[],"product_cat":[32],"product_tag":[200,412,411,441,442,443],"class_list":{"0":"post-4193","1":"product","2":"type-product","3":"status-publish","4":"has-post-thumbnail","6":"product_cat-guias-de-tejido","7":"product_tag-crochetparaprincipiantes","8":"product_tag-crochetpararegalar","9":"product_tag-crochetparavender","10":"product_tag-flor3d","11":"product_tag-floracrochet","12":"product_tag-florencapas","14":"first","15":"instock","16":"downloadable","17":"shipping-taxable","18":"purchasable","19":"product-type-simple"},"_links":{"self":[{"href":"https:\/\/calordehogartejidos.com\/index.php\/wp-json\/wp\/v2\/product\/4193","targetHints":{"allow":["GET"]}}],"collection":[{"href":"https:\/\/calordehogartejidos.com\/index.php\/wp-json\/wp\/v2\/product"}],"about":[{"href":"https:\/\/calordehogartejidos.com\/index.php\/wp-json\/wp\/v2\/types\/product"}],"wp:featuredmedia":[{"embeddable":true,"href":"https:\/\/calordehogartejidos.com\/index.php\/wp-json\/wp\/v2\/media\/4194"}],"wp:attachment":[{"href":"https:\/\/calordehogartejidos.com\/index.php\/wp-json\/wp\/v2\/media?parent=4193"}],"wp:term":[{"taxonomy":"product_brand","embeddable":true,"href":"https:\/\/calordehogartejidos.com\/index.php\/wp-json\/wp\/v2\/product_brand?post=4193"},{"taxonomy":"product_cat","embeddable":true,"href":"https:\/\/calordehogartejidos.com\/index.php\/wp-json\/wp\/v2\/product_cat?post=4193"},{"taxonomy":"product_tag","embeddable":true,"href":"https:\/\/calordehogartejidos.com\/index.php\/wp-json\/wp\/v2\/product_tag?post=4193"}],"curies":[{"name":"wp","href":"https:\/\/api.w.org\/{rel}","templated":true}]}}