{"id":4196,"date":"2026-02-27T17:48:06","date_gmt":"2026-02-27T20:48:06","guid":{"rendered":"https:\/\/calordehogartejidos.com\/?post_type=product&#038;p=4196"},"modified":"2026-03-16T11:55:36","modified_gmt":"2026-03-16T14:55:36","slug":"taller-aprende-a-leer-diagramas","status":"publish","type":"product","link":"https:\/\/calordehogartejidos.com\/index.php\/product\/taller-aprende-a-leer-diagramas\/","title":{"rendered":"Taller: Aprend\u00e9 a leer DIAGRAMAS (B\u00e1sico)"},"content":{"rendered":"<p>Te doy a bienvenida.<\/p>\n<p><strong>INICIO:<\/strong> Abril 2026<\/p>\n<p>Aprender a <strong>leer diagramas<\/strong> de crochet es fundamental para interpretar s\u00edmbolos universales, permiti\u00e9ndote tejer cualquier proyecto sin importar el idioma.<br \/>\nEstos recursos (pdf, videos tutoriales, alg\u00fan MIT) te ense\u00f1ar\u00e1n a interpretar gr\u00e1ficos y te permitir\u00e1n avanzar desde proyectos sencillos hasta un poco m\u00e1s complejos.<\/p>\n<p>En este <strong>TALLER<\/strong> te <strong>guiar\u00e9<\/strong> en todo el proceso de aprendizaje durante los <strong>3 meses que dura el CURSO B\u00c1SICO<\/strong>.<br \/>\nNo pierdas la oportunidad de aprender desde tu casa y en el horario que m\u00e1s c\u00f3modo te quede.<\/p>\n<p><strong>Aprender\u00e1s:<\/strong><\/p>\n<ul>\n<li>Los s\u00edmbolos de los puntos b\u00e1sicos<\/li>\n<li>Dise\u00f1o de cada punto b\u00e1sico<\/li>\n<li>Identificar las abreviaturas comunes en espa\u00f1ol<\/li>\n<li>Lectura y confecci\u00f3n de diagramas circulares y lineales<\/li>\n<li>Direcci\u00f3n de la lectura<\/li>\n<\/ul>\n<p><strong>INCLUYE<\/strong>: gu\u00eda de puntos b\u00e1sicos<\/p>\n<p>Estar\u00e9 disponible para <strong>TUTOREARTE a trav\u00e9s de un grupo de whatsapp<\/strong> en donde podr\u00e1s sacarte todas las dudas que vayan surgiendo&#8230; (de lunes a viernes, entre las 11hs\u00a0 y 19 hs)<\/p>\n<p><span class=\"a_GcMg font-feature-liga-off font-feature-clig-off font-feature-calt-off text-decoration-none text-strikethrough-none\"><strong>NIVEL:<\/strong> Las instrucciones son ideales para <strong>principiantes<\/strong> y tambi\u00e9n para quienes ya tienen experiencia en tejer sin patr\u00f3n.<\/span><\/p>\n<blockquote><p><strong>DESCUENTO 10%<\/strong> <strong>si te anot\u00e1s con una amiga!<\/p>\n<p><\/strong><\/p><\/blockquote>\n<p>Realiz\u00e1 la<strong> compra<\/strong>, y <strong>FINALIZALA<\/strong> completando todos tus <strong>datos<\/strong>.<\/p>\n<p>Te llegar\u00e1 <strong>un mail<\/strong> que dice que <em><strong>hiciste la compra<\/strong><\/em>, y que ten\u00e9s que completar el pago.<\/p>\n<p>Una vez <strong>completado el pago<\/strong>, te llegar\u00e1 otro mail con el enlace de descarga.<br \/>\nSi ten\u00e9s alguna dificultad avisame con un mensaje de <strong>WhatsApp al 1121721970<\/strong>.<\/p>\n<p><strong>PAGO POR WESTERN UNION pedir datos por WhatsApp al 1121721970<\/strong><\/p>\n<p>ISa<\/p>\n","protected":false},"excerpt":{"rendered":"<p class=\"cvGsUA direction-ltr align-center para-style-body\"><em><strong><span class=\"a_GcMg font-feature-liga-off font-feature-clig-off font-feature-calt-off text-decoration-none text-strikethrough-none\">\u201cAprender a leer diagramas de crochet es como desbloquear un lenguaje secreto<br \/>\nque te permite tejer cualquier dise\u00f1o del mundo sin importar el idioma<\/span><span class=\"a_GcMg font-feature-liga-off font-feature-clig-off font-feature-calt-off text-decoration-none text-strikethrough-none\">.\u201d<\/span><\/strong><\/em><\/p>\n","protected":false},"featured_media":4197,"template":"","meta":[],"product_brand":[],"product_cat":[18],"product_tag":[444,56,175,200,445,446,447],"class_list":{"0":"post-4196","1":"product","2":"type-product","3":"status-publish","4":"has-post-thumbnail","6":"product_cat-cursos","7":"product_tag-aprendeallerdiagramas","8":"product_tag-crochet-a-distancia","9":"product_tag-crochetfacil","10":"product_tag-crochetparaprincipiantes","11":"product_tag-diagramasdecrochet","12":"product_tag-diagramasdesdecero","13":"product_tag-leerdiagramas","15":"first","16":"instock","17":"shipping-taxable","18":"purchasable","19":"product-type-simple"},"_links":{"self":[{"href":"https:\/\/calordehogartejidos.com\/index.php\/wp-json\/wp\/v2\/product\/4196","targetHints":{"allow":["GET"]}}],"collection":[{"href":"https:\/\/calordehogartejidos.com\/index.php\/wp-json\/wp\/v2\/product"}],"about":[{"href":"https:\/\/calordehogartejidos.com\/index.php\/wp-json\/wp\/v2\/types\/product"}],"wp:featuredmedia":[{"embeddable":true,"href":"https:\/\/calordehogartejidos.com\/index.php\/wp-json\/wp\/v2\/media\/4197"}],"wp:attachment":[{"href":"https:\/\/calordehogartejidos.com\/index.php\/wp-json\/wp\/v2\/media?parent=4196"}],"wp:term":[{"taxonomy":"product_brand","embeddable":true,"href":"https:\/\/calordehogartejidos.com\/index.php\/wp-json\/wp\/v2\/product_brand?post=4196"},{"taxonomy":"product_cat","embeddable":true,"href":"https:\/\/calordehogartejidos.com\/index.php\/wp-json\/wp\/v2\/product_cat?post=4196"},{"taxonomy":"product_tag","embeddable":true,"href":"https:\/\/calordehogartejidos.com\/index.php\/wp-json\/wp\/v2\/product_tag?post=4196"}],"curies":[{"name":"wp","href":"https:\/\/api.w.org\/{rel}","templated":true}]}}