{"id":4204,"date":"2026-03-03T16:20:12","date_gmt":"2026-03-03T19:20:12","guid":{"rendered":"https:\/\/calordehogartejidos.com\/?post_type=product&#038;p=4204"},"modified":"2026-03-03T16:29:21","modified_gmt":"2026-03-03T19:29:21","slug":"aplique-de-osito","status":"publish","type":"product","link":"https:\/\/calordehogartejidos.com\/index.php\/product\/aplique-de-osito\/","title":{"rendered":"Aplique de Osito"},"content":{"rendered":"<p>Qu\u00e9 bueno que est\u00e9s aqu\u00ed!!<\/p>\n<p>En esta <strong>GU\u00cdA DE TEJIDO<\/strong> aprender\u00e1s a tejer este aplique de osito para que puedas decorar cuaquier prenda para beb\u00e9.<\/p>\n<p><span class=\"a_GcMg font-feature-liga-off font-feature-clig-off font-feature-calt-off text-decoration-none text-strikethrough-none\"><strong>NIVEL:<\/strong> Las instrucciones son ideales para <strong>principiantes<\/strong> y tambi\u00e9n para quienes ya tienen experiencia.<\/span><\/p>\n<p><span class=\"a_GcMg font-feature-liga-off font-feature-clig-off font-feature-calt-off text-decoration-none text-strikethrough-none\">En esta gu\u00eda encontrar\u00e1s un <strong>paso a paso en formato PDF, <\/strong>con diagramas, fotos y el <strong>VIDEO TUTORIAL<\/strong> detallado y pr\u00e1ctico para que puedas crearlo.<\/span><\/p>\n<p>Realiz\u00e1 la<strong> compra<\/strong>, y <strong>FINALIZALA<\/strong> completando todos tus <strong>datos<\/strong>.<\/p>\n<p>Te llegar\u00e1 <strong>un mail<\/strong> que dice que <em><strong>hiciste la compra<\/strong><\/em>, y que ten\u00e9s que completar el pago.<\/p>\n<p>Una vez <strong>completado el pago<\/strong>, te llegar\u00e1 otro mail con el enlace de descarga.<br \/>\nSi ten\u00e9s alguna dificultad avisame con un mensaje de <strong>WhatsApp al 1121721970<\/strong>.<\/p>\n<p><strong>PAGO POR WESTERN UNION pedir datos por WhatsApp al 1121721970<\/strong><\/p>\n<p>ISa<\/p>\n","protected":false},"excerpt":{"rendered":"<p class=\"cvGsUA direction-ltr align-center para-style-body\"><em><strong><span class=\"a_GcMg font-feature-liga-off font-feature-clig-off font-feature-calt-off text-decoration-none text-strikethrough-none\">\u201cC<\/span><span class=\"a_GcMg font-feature-liga-off font-feature-clig-off font-feature-calt-off text-decoration-none text-strikethrough-none\">re\u00e1 con amor, so\u00f1\u00e1 con las manos y dale vida a cada puntada.\u201d<\/span><\/strong><\/em><\/p>\n","protected":false},"featured_media":4205,"template":"","meta":[],"product_brand":[],"product_cat":[32],"product_tag":[449,450,200,412,411,448],"class_list":{"0":"post-4204","1":"product","2":"type-product","3":"status-publish","4":"has-post-thumbnail","6":"product_cat-guias-de-tejido","7":"product_tag-apliquedeosito","8":"product_tag-apliqueparabebe","9":"product_tag-crochetparaprincipiantes","10":"product_tag-crochetpararegalar","11":"product_tag-crochetparavender","12":"product_tag-ositoacrochet","14":"first","15":"instock","16":"downloadable","17":"shipping-taxable","18":"purchasable","19":"product-type-simple"},"_links":{"self":[{"href":"https:\/\/calordehogartejidos.com\/index.php\/wp-json\/wp\/v2\/product\/4204","targetHints":{"allow":["GET"]}}],"collection":[{"href":"https:\/\/calordehogartejidos.com\/index.php\/wp-json\/wp\/v2\/product"}],"about":[{"href":"https:\/\/calordehogartejidos.com\/index.php\/wp-json\/wp\/v2\/types\/product"}],"wp:featuredmedia":[{"embeddable":true,"href":"https:\/\/calordehogartejidos.com\/index.php\/wp-json\/wp\/v2\/media\/4205"}],"wp:attachment":[{"href":"https:\/\/calordehogartejidos.com\/index.php\/wp-json\/wp\/v2\/media?parent=4204"}],"wp:term":[{"taxonomy":"product_brand","embeddable":true,"href":"https:\/\/calordehogartejidos.com\/index.php\/wp-json\/wp\/v2\/product_brand?post=4204"},{"taxonomy":"product_cat","embeddable":true,"href":"https:\/\/calordehogartejidos.com\/index.php\/wp-json\/wp\/v2\/product_cat?post=4204"},{"taxonomy":"product_tag","embeddable":true,"href":"https:\/\/calordehogartejidos.com\/index.php\/wp-json\/wp\/v2\/product_tag?post=4204"}],"curies":[{"name":"wp","href":"https:\/\/api.w.org\/{rel}","templated":true}]}}