{"id":550,"date":"2021-08-27T22:52:57","date_gmt":"2021-08-28T01:52:57","guid":{"rendered":"https:\/\/calordehogartejidos.com\/?post_type=product&#038;p=550"},"modified":"2025-06-04T17:28:17","modified_gmt":"2025-06-04T20:28:17","slug":"capucha-con-cuello","status":"publish","type":"product","link":"https:\/\/calordehogartejidos.com\/index.php\/product\/capucha-con-cuello\/","title":{"rendered":"Capucha con Cuello"},"content":{"rendered":"<p><strong>Patr\u00f3n descargable en Pdf de la capucha<\/strong><\/p>\n<p><strong>Talle:<\/strong> adulto pero que se adapta f\u00e1cilmente.<br \/>\n<strong>Nivel: Tejido simple, ideal para aquellos que tiene conocimientos b\u00e1sicos de crochet.<br \/>\n<\/strong><strong>Hilado:<\/strong> el utilizado es <span class=\"fontstyle0\">lana gruesa Tirreno. L<\/span>a cantidad necesaria y el n\u00famero de aguja est\u00e1n informados en el Patr\u00f3n.<\/p>\n<p>Este <strong>patr\u00f3n <\/strong>se teje en 2 partes: el gorro y el cuello.<\/p>\n<p>En sus 4 p\u00e1ginas incluye, paso a paso,\u00a0 im\u00e1genes explicativas del las partes y c\u00f3mo unirlas, diagrama y montaje, los que te ayudar\u00e1n a realizarlo sin ninguna dificultad.<\/p>\n<p>Una vez acreditado el pago, recibir\u00e1s por mail de manera autom\u00e1tica el Archivo PDF del Patr\u00f3n. Por eso es importante que ingreses tu correo electr\u00f3nico bien escrito! Rev\u00edsalo dos veces por las dudas <img decoding=\"async\" class=\"emoji\" role=\"img\" draggable=\"false\" src=\"https:\/\/s.w.org\/images\/core\/emoji\/13.1.0\/svg\/1f609.svg\" alt=\"\ud83d\ude09\" \/><\/p>\n<p>El\u00a0<strong>Patr\u00f3n<\/strong> es para uso personal exclusivamente. No se permite su difusi\u00f3n, todos los derechos reservados a Calor de Hogar Tejidos.<\/p>\n<p><strong>NO INCLUYE VIDEOS NI TUTORIAS.<\/strong><\/p>\n<p><strong>NO SE VENDEN PRENDAS TEJIDAS, S\u00d3LO PATRONES DE TEJIDO<\/strong><\/p>\n<p><strong>\u00bfC\u00f3mo lo adquir\u00eds?<\/strong><\/p>\n<p>Realiz\u00e1 la compra, y <strong>FINALIZALA<\/strong> completando todos tus datos.<br \/>\nTe llegar\u00e1 un mail que dice que hiciste la compra, y que ten\u00e9s que completar el pago.<\/p>\n<p>Una vez que completes la compra, <strong>recibir\u00e1s en tu mail el c\u00f3digo<\/strong> de acceso para la descarga.<\/p>\n<p>Isabel<\/p>\n<p>El\u00a0Patr\u00f3n es para uso personal exclusivamente. No se permite su difusi\u00f3n, todos los derechos reservados a Calor de Hogar Tejidos.\u00a0No reproducir ni compartir el patr\u00f3n en ning\u00fan sitio. Pero si pod\u00e9s comercializar su producci\u00f3n.<\/p>\n","protected":false},"excerpt":{"rendered":"<p><strong>Patr\u00f3n<\/strong> de una capucha que te har\u00e1 sentir como una \u00abdiosa\u00bb y a la vez abrigada.<\/p>\n","protected":false},"featured_media":1486,"template":"","meta":[],"product_brand":[],"product_cat":[19],"product_tag":[69,71,70,72],"class_list":{"0":"post-550","1":"product","2":"type-product","3":"status-publish","4":"has-post-thumbnail","6":"product_cat-patrones","7":"product_tag-capucha","8":"product_tag-capucha-a-crochet","9":"product_tag-capucha-con-cuello","10":"product_tag-capucha-con-cuello-a-crochet","12":"first","13":"instock","14":"downloadable","15":"shipping-taxable","16":"purchasable","17":"product-type-simple"},"_links":{"self":[{"href":"https:\/\/calordehogartejidos.com\/index.php\/wp-json\/wp\/v2\/product\/550","targetHints":{"allow":["GET"]}}],"collection":[{"href":"https:\/\/calordehogartejidos.com\/index.php\/wp-json\/wp\/v2\/product"}],"about":[{"href":"https:\/\/calordehogartejidos.com\/index.php\/wp-json\/wp\/v2\/types\/product"}],"wp:featuredmedia":[{"embeddable":true,"href":"https:\/\/calordehogartejidos.com\/index.php\/wp-json\/wp\/v2\/media\/1486"}],"wp:attachment":[{"href":"https:\/\/calordehogartejidos.com\/index.php\/wp-json\/wp\/v2\/media?parent=550"}],"wp:term":[{"taxonomy":"product_brand","embeddable":true,"href":"https:\/\/calordehogartejidos.com\/index.php\/wp-json\/wp\/v2\/product_brand?post=550"},{"taxonomy":"product_cat","embeddable":true,"href":"https:\/\/calordehogartejidos.com\/index.php\/wp-json\/wp\/v2\/product_cat?post=550"},{"taxonomy":"product_tag","embeddable":true,"href":"https:\/\/calordehogartejidos.com\/index.php\/wp-json\/wp\/v2\/product_tag?post=550"}],"curies":[{"name":"wp","href":"https:\/\/api.w.org\/{rel}","templated":true}]}}